{"id":146402,"date":"2025-02-22T20:46:04","date_gmt":"2025-02-22T17:46:04","guid":{"rendered":"https:\/\/kingarms.ee\/product\/fenix-aer-04-distantsluliti\/"},"modified":"2025-07-27T16:58:12","modified_gmt":"2025-07-27T13:58:12","slug":"fenix-aer-04-distantsluliti","status":"publish","type":"product","link":"https:\/\/kingarms.ee\/en\/product\/fenix-aer-04-distantsluliti\/","title":{"rendered":"AER-04 atstumo jungiklis"},"content":{"rendered":"","protected":false},"excerpt":{"rendered":"<p>Atstumo jungiklis taktiniams vartotojams su Feniks 21700  maitinimo \u0161altiniais. Jungiklis turi du mygtukus, leid\u017eian\u010dius \u012fjungti lemp\u0105, perjungti lemp\u0105 \u012f nuolatin\u012f veikim\u0105 ir pasirinkti lempos \u0161viesos intensyvum\u0105 (funkcijos gali \u0161iek tiek skirtis). Jungiklio konstrukcija yra visi\u0161kai atspari vandeniui ir oro s\u0105lygoms, veikimas tylus. Maksimalus nuotolinio jungiklio ilgis yra 34 cm.<\/p>\n<p>Tinka \u0161iems Fenikso \u017eibintuv\u0117liams:<\/p>\n<p>HT18, HT30R, TK22 V2, Tk22ue puol\u0117jas, TK30<\/p>\n<p>Jei turite klausim\u0173 apie atstumo jungiklio tinkamum\u0105, susisiekite su mumis torches.eu klient\u0173 aptarnavimas.<\/p>\n","protected":false},"featured_media":144329,"template":"","meta":{"_acf_changed":false},"product_brand":[],"product_cat":[216],"product_tag":[],"class_list":{"0":"post-146402","1":"product","2":"type-product","3":"status-publish","4":"has-post-thumbnail","6":"product_cat-flashlight","8":"first","9":"instock","10":"purchasable","11":"product-type-simple"},"acf":[],"_links":{"self":[{"href":"https:\/\/kingarms.ee\/en\/wp-json\/wp\/v2\/product\/146402","targetHints":{"allow":["GET"]}}],"collection":[{"href":"https:\/\/kingarms.ee\/en\/wp-json\/wp\/v2\/product"}],"about":[{"href":"https:\/\/kingarms.ee\/en\/wp-json\/wp\/v2\/types\/product"}],"wp:featuredmedia":[{"embeddable":true,"href":"https:\/\/kingarms.ee\/en\/wp-json\/wp\/v2\/media\/144329"}],"wp:attachment":[{"href":"https:\/\/kingarms.ee\/en\/wp-json\/wp\/v2\/media?parent=146402"}],"wp:term":[{"taxonomy":"product_brand","embeddable":true,"href":"https:\/\/kingarms.ee\/en\/wp-json\/wp\/v2\/product_brand?post=146402"},{"taxonomy":"product_cat","embeddable":true,"href":"https:\/\/kingarms.ee\/en\/wp-json\/wp\/v2\/product_cat?post=146402"},{"taxonomy":"product_tag","embeddable":true,"href":"https:\/\/kingarms.ee\/en\/wp-json\/wp\/v2\/product_tag?post=146402"}],"curies":[{"name":"wp","href":"https:\/\/api.w.org\/{rel}","templated":true}]}}