{"id":146407,"date":"2025-02-22T20:46:04","date_gmt":"2025-02-22T17:46:04","guid":{"rendered":"https:\/\/kingarms.ee\/product\/fenix-aer-05-distantsluliti\/"},"modified":"2025-07-27T16:58:12","modified_gmt":"2025-07-27T13:58:12","slug":"fenix-aer-05-distantsluliti","status":"publish","type":"product","link":"https:\/\/kingarms.ee\/en\/product\/fenix-aer-05-distantsluliti\/","title":{"rendered":"Atstumo jungiklis AER-05"},"content":{"rendered":"","protected":false},"excerpt":{"rendered":"<p>Atstumo jungiklis Feniks 21700  maitinimo blokams taktiniams vartotojams su dviem mygtukais ant galinio jungiklio. Nuotolinio jungiklio Gaidukas taip pat turi du mygtukus, leid\u017eian\u010dius \u012fjungti lemp\u0105, perjungti lemp\u0105 \u012f nuolatin\u012f veikim\u0105 ir \u012fjungti lempos strob\u0105 (funkcijos gali \u0161iek tiek skirtis). Jungiklio konstrukcija yra visi\u0161kai atspari vandeniui ir oro s\u0105lygoms, veikimas tylus.<\/p>\n<p>Tinka \u0161iems Fenikso \u017eibintuv\u0117liams:<\/p>\n<p>PD36 BLSK, TK16 V2. 0, TK20R v2. 0, HT18, HT30R, TK22 BLSK<\/p>\n<p>Jei turite klausim\u0173 apie atstumo jungiklio tinkamum\u0105, susisiekite su mumis torches.eu klient\u0173 aptarnavimas.<\/p>\n","protected":false},"featured_media":144335,"template":"","meta":{"_acf_changed":false},"product_brand":[],"product_cat":[216],"product_tag":[],"class_list":{"0":"post-146407","1":"product","2":"type-product","3":"status-publish","4":"has-post-thumbnail","6":"product_cat-flashlight","8":"first","9":"instock","10":"purchasable","11":"product-type-simple"},"acf":[],"_links":{"self":[{"href":"https:\/\/kingarms.ee\/en\/wp-json\/wp\/v2\/product\/146407","targetHints":{"allow":["GET"]}}],"collection":[{"href":"https:\/\/kingarms.ee\/en\/wp-json\/wp\/v2\/product"}],"about":[{"href":"https:\/\/kingarms.ee\/en\/wp-json\/wp\/v2\/types\/product"}],"wp:featuredmedia":[{"embeddable":true,"href":"https:\/\/kingarms.ee\/en\/wp-json\/wp\/v2\/media\/144335"}],"wp:attachment":[{"href":"https:\/\/kingarms.ee\/en\/wp-json\/wp\/v2\/media?parent=146407"}],"wp:term":[{"taxonomy":"product_brand","embeddable":true,"href":"https:\/\/kingarms.ee\/en\/wp-json\/wp\/v2\/product_brand?post=146407"},{"taxonomy":"product_cat","embeddable":true,"href":"https:\/\/kingarms.ee\/en\/wp-json\/wp\/v2\/product_cat?post=146407"},{"taxonomy":"product_tag","embeddable":true,"href":"https:\/\/kingarms.ee\/en\/wp-json\/wp\/v2\/product_tag?post=146407"}],"curies":[{"name":"wp","href":"https:\/\/api.w.org\/{rel}","templated":true}]}}