{"id":146412,"date":"2025-02-22T20:46:04","date_gmt":"2025-02-22T17:46:04","guid":{"rendered":"https:\/\/kingarms.ee\/product\/fenix-afh-02-pealampide-peapael\/"},"modified":"2025-07-27T16:58:12","modified_gmt":"2025-07-27T13:58:12","slug":"fenix-afh-02-pealampide-peapael","status":"publish","type":"product","link":"https:\/\/kingarms.ee\/en\/product\/fenix-afh-02-pealampide-peapael\/","title":{"rendered":"Feniksas AFH &#8211; 02 galvos juosta"},"content":{"rendered":"","protected":false},"excerpt":{"rendered":"<p>Tamsi\u0173 atspalvi\u0173, atsarginis rinkinys Feniks priekini\u0173 \u017eibint\u0173. Juoda + tamsiai pilka derinys. Neturi atspindin\u010di\u0173 element\u0173, puikiai tinka naudoti karin\u0117je srityje. Pagaminta i\u0161 perforuotos ir kv\u0117puojan\u010dios med\u017eiagos Fenikso galvos juostoms.<\/p>\n<p>\u012e komplekt\u0105 \u012feina galvos juosta ir vir\u0161utin\u0117 juosta.<\/p>\n<p>Tinka visiems Fenikso priekiniams \u017eibintams, i\u0161skyrus HL32R-t, hl40r, HM65R (d). Jis taip pat tinka keli\u0173 kit\u0173 gamintoj\u0173 priekiniams \u017eibintams (tinkamumo teiraukit\u0117s atskirai).<\/p>\n","protected":false},"featured_media":144347,"template":"","meta":{"_acf_changed":false},"product_brand":[],"product_cat":[216],"product_tag":[],"class_list":{"0":"post-146412","1":"product","2":"type-product","3":"status-publish","4":"has-post-thumbnail","6":"product_cat-flashlight","8":"first","9":"instock","10":"purchasable","11":"product-type-simple"},"acf":[],"_links":{"self":[{"href":"https:\/\/kingarms.ee\/en\/wp-json\/wp\/v2\/product\/146412","targetHints":{"allow":["GET"]}}],"collection":[{"href":"https:\/\/kingarms.ee\/en\/wp-json\/wp\/v2\/product"}],"about":[{"href":"https:\/\/kingarms.ee\/en\/wp-json\/wp\/v2\/types\/product"}],"wp:featuredmedia":[{"embeddable":true,"href":"https:\/\/kingarms.ee\/en\/wp-json\/wp\/v2\/media\/144347"}],"wp:attachment":[{"href":"https:\/\/kingarms.ee\/en\/wp-json\/wp\/v2\/media?parent=146412"}],"wp:term":[{"taxonomy":"product_brand","embeddable":true,"href":"https:\/\/kingarms.ee\/en\/wp-json\/wp\/v2\/product_brand?post=146412"},{"taxonomy":"product_cat","embeddable":true,"href":"https:\/\/kingarms.ee\/en\/wp-json\/wp\/v2\/product_cat?post=146412"},{"taxonomy":"product_tag","embeddable":true,"href":"https:\/\/kingarms.ee\/en\/wp-json\/wp\/v2\/product_tag?post=146412"}],"curies":[{"name":"wp","href":"https:\/\/api.w.org\/{rel}","templated":true}]}}