{"id":146427,"date":"2025-02-22T20:46:04","date_gmt":"2025-02-22T17:46:04","guid":{"rendered":"https:\/\/kingarms.ee\/product\/fenix-alb-10-jalgratta-kiirkinnitus-taskulampidele\/"},"modified":"2025-07-27T16:58:11","modified_gmt":"2025-07-27T13:58:11","slug":"fenix-alb-10-jalgratta-kiirkinnitus-taskulampidele","status":"publish","type":"product","link":"https:\/\/kingarms.ee\/en\/product\/fenix-alb-10-jalgratta-kiirkinnitus-taskulampidele\/","title":{"rendered":"Feniksas alb-10 dvira\u010di\u0173 tvirtinimo \u017eibintuv\u0117liai"},"content":{"rendered":"","protected":false},"excerpt":{"rendered":"<p>Feniksas Alb-10 yra universalus greito tempo dvira\u010dio priedas \u012fvairiems \u017eibintuv\u0117liams. Vir\u0161utin\u0117 priedo dalis tinka apvaliems, 18-26 mm skersmens \u017eibintuv\u0117liams. Apatin\u0117 dvira\u010dio tvirtinimo dalis pritvirtinta prie dvira\u010dio vairo gele\u017eies, kurios skersmuo yra 22-35 mm. vir\u0161us su \u017eibintu per kelias sekundes atleid\u017eiamas nuo lyderio apa\u010dios (paspaudus atleidim\u0105 ir stumiant vir\u0161\u0173 \u017eemyn). Pridedam\u0105 \u017eibintuv\u0117l\u012f galima perkelti auk\u0161tyn ir \u017eemyn, palyginti su vairo gele\u017eimi, ir i\u0161 viso 30 laipsni\u0173 \u012f de\u0161in\u0119. Vidiniai pried\u0173 pavir\u0161iai yra padengti neslid\u017eia med\u017eiaga, kuri apsaugo tiek \u0161viestuvo korpus\u0105, tiek dvira\u010dio vairavim\u0105.<\/p>\n","protected":false},"featured_media":144365,"template":"","meta":{"_acf_changed":false},"product_brand":[],"product_cat":[216],"product_tag":[],"class_list":{"0":"post-146427","1":"product","2":"type-product","3":"status-publish","4":"has-post-thumbnail","6":"product_cat-flashlight","8":"first","9":"instock","10":"purchasable","11":"product-type-simple"},"acf":[],"_links":{"self":[{"href":"https:\/\/kingarms.ee\/en\/wp-json\/wp\/v2\/product\/146427","targetHints":{"allow":["GET"]}}],"collection":[{"href":"https:\/\/kingarms.ee\/en\/wp-json\/wp\/v2\/product"}],"about":[{"href":"https:\/\/kingarms.ee\/en\/wp-json\/wp\/v2\/types\/product"}],"wp:featuredmedia":[{"embeddable":true,"href":"https:\/\/kingarms.ee\/en\/wp-json\/wp\/v2\/media\/144365"}],"wp:attachment":[{"href":"https:\/\/kingarms.ee\/en\/wp-json\/wp\/v2\/media?parent=146427"}],"wp:term":[{"taxonomy":"product_brand","embeddable":true,"href":"https:\/\/kingarms.ee\/en\/wp-json\/wp\/v2\/product_brand?post=146427"},{"taxonomy":"product_cat","embeddable":true,"href":"https:\/\/kingarms.ee\/en\/wp-json\/wp\/v2\/product_cat?post=146427"},{"taxonomy":"product_tag","embeddable":true,"href":"https:\/\/kingarms.ee\/en\/wp-json\/wp\/v2\/product_tag?post=146427"}],"curies":[{"name":"wp","href":"https:\/\/api.w.org\/{rel}","templated":true}]}}