{"id":146457,"date":"2025-02-22T20:46:04","date_gmt":"2025-02-22T17:46:04","guid":{"rendered":"https:\/\/kingarms.ee\/product\/fenix-alg-04-nvg-kiivrikinnitus-fenix-pealampidele\/"},"modified":"2025-07-27T16:58:09","modified_gmt":"2025-07-27T13:58:09","slug":"fenix-alg-04-nvg-kiivrikinnitus-fenix-pealampidele","status":"publish","type":"product","link":"https:\/\/kingarms.ee\/en\/product\/fenix-alg-04-nvg-kiivrikinnitus-fenix-pealampidele\/","title":{"rendered":"Feniksas ELT &#8211; 04 NVG \u0161almas po\u017ei\u016bris \u012f Fenikso priekinius \u017eibintus"},"content":{"rendered":"","protected":false},"excerpt":{"rendered":"<p>&#8220;&#8221;ELF &#8211; 04 yra &#8220;Feniks&#8221; priekinio \u017eibinto \u0161almo laikiklis, suderinamas su standartiniu NVG priedu gelb\u0117jimo ir kariniams \u0161almams. Skirta pramoniniam naudojimui, kai galvos juost\u0173 montavimas ant \u0161alm\u0173 yra sud\u0117tingas arba ne\u012fmanomas. \u0160almo laikiklis turi greitai pritvirtinam\u0105 kilimo ir t\u016bpimo tak\u0105, kuris leid\u017eia j\u012f pritvirtinti ir nuimti nuo \u0161almo per kelias sekundes. Priekinis \u017eibintas pritvirtintas prie tvirtinimo plok\u0161t\u0117s su galvos juostos tvirtinimu (nuimta galvos juosta). Priekin\u012f \u017eibint\u0105 galima bet kada nuimti nuo tvirtinimo plok\u0161t\u0117s ir j\u012f galima naudoti su galvos juosta.<\/p>\n<p>Ali &#8211; 04 atitinka \u0161iuos Fenikso priekinius \u017eibintus: HL55, HL60R, HM60R, HM61R, HM65R, HM70R, HM71R, HP30R v2. 0, HP35R, P23R&#8221;&#8221;<\/p>\n","protected":false},"featured_media":144401,"template":"","meta":{"_acf_changed":false},"product_brand":[],"product_cat":[216],"product_tag":[],"class_list":{"0":"post-146457","1":"product","2":"type-product","3":"status-publish","4":"has-post-thumbnail","6":"product_cat-flashlight","8":"first","9":"instock","10":"purchasable","11":"product-type-simple"},"acf":[],"_links":{"self":[{"href":"https:\/\/kingarms.ee\/en\/wp-json\/wp\/v2\/product\/146457","targetHints":{"allow":["GET"]}}],"collection":[{"href":"https:\/\/kingarms.ee\/en\/wp-json\/wp\/v2\/product"}],"about":[{"href":"https:\/\/kingarms.ee\/en\/wp-json\/wp\/v2\/types\/product"}],"wp:featuredmedia":[{"embeddable":true,"href":"https:\/\/kingarms.ee\/en\/wp-json\/wp\/v2\/media\/144401"}],"wp:attachment":[{"href":"https:\/\/kingarms.ee\/en\/wp-json\/wp\/v2\/media?parent=146457"}],"wp:term":[{"taxonomy":"product_brand","embeddable":true,"href":"https:\/\/kingarms.ee\/en\/wp-json\/wp\/v2\/product_brand?post=146457"},{"taxonomy":"product_cat","embeddable":true,"href":"https:\/\/kingarms.ee\/en\/wp-json\/wp\/v2\/product_cat?post=146457"},{"taxonomy":"product_tag","embeddable":true,"href":"https:\/\/kingarms.ee\/en\/wp-json\/wp\/v2\/product_tag?post=146457"}],"curies":[{"name":"wp","href":"https:\/\/api.w.org\/{rel}","templated":true}]}}