{"id":146462,"date":"2025-02-22T20:46:04","date_gmt":"2025-02-22T17:46:04","guid":{"rendered":"https:\/\/kingarms.ee\/product\/fenix-alg-05-distantslulitite-paastikukinnitus-mil-std-1913-siinile\/"},"modified":"2025-07-27T16:58:09","modified_gmt":"2025-07-27T13:58:09","slug":"fenix-alg-05-distantslulitite-paastikukinnitus-mil-std-1913-siinile","status":"publish","type":"product","link":"https:\/\/kingarms.ee\/en\/product\/fenix-alg-05-distantslulitite-paastikukinnitus-mil-std-1913-siinile\/","title":{"rendered":"Eld-05 nuotolinio jungiklio mokymo remontas"},"content":{"rendered":"","protected":false},"excerpt":{"rendered":"<p>Naudojant Feniks\u0105 Alt-05, Fenikso degiklio paleidiklius galima pritvirtinti tiesiai prie picatinny (MIL-STD-1913) ginkl\u0173. Tokiu b\u016bdu pa\u0161alinamos erzinan\u010dios ir nesaugios dvi\u0161al\u0117s juostel\u0117s, Velcro ir pana\u0161iai. Originali-05 konstrukcija pagaminta i\u0161 anoduoto aliuminio lydinio ir perdirbta \u012f juod\u0105 ir kilim\u0105. Paspauskite pried\u0105 prie rel ir \u012fdiekite nuotolinio jungiklio gaiduk\u0105. Originalus-05 ilgis yra 69 mm, 30 mm plo\u010dio ir 17,5 mm storio. Svoris 34 gramai.<\/p>\n","protected":false},"featured_media":144407,"template":"","meta":{"_acf_changed":false},"product_brand":[],"product_cat":[216],"product_tag":[],"class_list":{"0":"post-146462","1":"product","2":"type-product","3":"status-publish","4":"has-post-thumbnail","6":"product_cat-flashlight","8":"first","9":"instock","10":"purchasable","11":"product-type-simple"},"acf":[],"_links":{"self":[{"href":"https:\/\/kingarms.ee\/en\/wp-json\/wp\/v2\/product\/146462","targetHints":{"allow":["GET"]}}],"collection":[{"href":"https:\/\/kingarms.ee\/en\/wp-json\/wp\/v2\/product"}],"about":[{"href":"https:\/\/kingarms.ee\/en\/wp-json\/wp\/v2\/types\/product"}],"wp:featuredmedia":[{"embeddable":true,"href":"https:\/\/kingarms.ee\/en\/wp-json\/wp\/v2\/media\/144407"}],"wp:attachment":[{"href":"https:\/\/kingarms.ee\/en\/wp-json\/wp\/v2\/media?parent=146462"}],"wp:term":[{"taxonomy":"product_brand","embeddable":true,"href":"https:\/\/kingarms.ee\/en\/wp-json\/wp\/v2\/product_brand?post=146462"},{"taxonomy":"product_cat","embeddable":true,"href":"https:\/\/kingarms.ee\/en\/wp-json\/wp\/v2\/product_cat?post=146462"},{"taxonomy":"product_tag","embeddable":true,"href":"https:\/\/kingarms.ee\/en\/wp-json\/wp\/v2\/product_tag?post=146462"}],"curies":[{"name":"wp","href":"https:\/\/api.w.org\/{rel}","templated":true}]}}