{"id":146467,"date":"2025-02-22T20:46:04","date_gmt":"2025-02-22T17:46:04","guid":{"rendered":"https:\/\/kingarms.ee\/product\/fenix-alg-06-distantslulitite-paastikukinnitus-m-lok-siinile\/"},"modified":"2025-07-27T16:58:08","modified_gmt":"2025-07-27T13:58:08","slug":"fenix-alg-06-distantslulitite-paastikukinnitus-m-lok-siinile","status":"publish","type":"product","link":"https:\/\/kingarms.ee\/en\/product\/fenix-alg-06-distantslulitite-paastikukinnitus-m-lok-siinile\/","title":{"rendered":"Feniksas ALT-06 distance traders to M-LOK bus"},"content":{"rendered":"","protected":false},"excerpt":{"rendered":"<p>Naudojant Feniks\u0105 Alt-06, Fenikso degiklio diapazono paleidiklius galima pritvirtinti tiesiai prie ginklo m \u017eurnalo. Tokiu b\u016bdu pa\u0161alinamos erzinan\u010dios ir nesaugios dvi\u0161al\u0117s juostel\u0117s, Velcro ir pana\u0161iai. Originali-06 konstrukcija pagaminta i\u0161 anoduoto aliuminio lydinio ir perdirbta \u012f juod\u0105 ir kilim\u0117l\u012f. Laikiklio montavimas ant magistral\u0117s atliekamas dviem \u012fleid\u017eiamais vidiniais T formos var\u017etais (\u012ftraukti \u012f pridedam\u0105 tvirtinimo rakt\u0105). Originalus-06 ilgis yra 69 mm, 23,7 mm plo\u010dio ir 10,2 mm storio. Sveria 24,7 gramo.<\/p>\n","protected":false},"featured_media":144413,"template":"","meta":{"_acf_changed":false},"product_brand":[],"product_cat":[216],"product_tag":[],"class_list":{"0":"post-146467","1":"product","2":"type-product","3":"status-publish","4":"has-post-thumbnail","6":"product_cat-flashlight","8":"first","9":"instock","10":"purchasable","11":"product-type-simple"},"acf":[],"_links":{"self":[{"href":"https:\/\/kingarms.ee\/en\/wp-json\/wp\/v2\/product\/146467","targetHints":{"allow":["GET"]}}],"collection":[{"href":"https:\/\/kingarms.ee\/en\/wp-json\/wp\/v2\/product"}],"about":[{"href":"https:\/\/kingarms.ee\/en\/wp-json\/wp\/v2\/types\/product"}],"wp:featuredmedia":[{"embeddable":true,"href":"https:\/\/kingarms.ee\/en\/wp-json\/wp\/v2\/media\/144413"}],"wp:attachment":[{"href":"https:\/\/kingarms.ee\/en\/wp-json\/wp\/v2\/media?parent=146467"}],"wp:term":[{"taxonomy":"product_brand","embeddable":true,"href":"https:\/\/kingarms.ee\/en\/wp-json\/wp\/v2\/product_brand?post=146467"},{"taxonomy":"product_cat","embeddable":true,"href":"https:\/\/kingarms.ee\/en\/wp-json\/wp\/v2\/product_cat?post=146467"},{"taxonomy":"product_tag","embeddable":true,"href":"https:\/\/kingarms.ee\/en\/wp-json\/wp\/v2\/product_tag?post=146467"}],"curies":[{"name":"wp","href":"https:\/\/api.w.org\/{rel}","templated":true}]}}