{"id":149572,"date":"2025-05-19T17:48:38","date_gmt":"2025-05-19T14:48:38","guid":{"rendered":"https:\/\/kingarms.ee\/product\/bcb-nupu-kompass\/"},"modified":"2025-07-27T16:15:09","modified_gmt":"2025-07-27T13:15:09","slug":"bcb-nupu-kompass","status":"publish","type":"product","link":"https:\/\/kingarms.ee\/en\/product\/bcb-nupu-kompass\/","title":{"rendered":"BCB nupu Compass"},"content":{"rendered":"<p>BCB nupu kompass<\/p>\n<p>BCB button Compass on kompaktne t\u00f6\u00f6riist p\u00f5llul orienteerumiseks, mis sobib suurep\u00e4raselt teie elluj\u00e4\u00e4mis-v\u00f5i navigeerimiskomplekti jaoks.<\/p>\n<p>BCB nupukompass-kerge ja funktsionaalne<br \/>\nNupukompass on v\u00e4ikese suurusega (13 mm lai) ja immuunse kaaluga, nii et see v\u00f5ib meid pidevalt v\u00e4litegevuste ajal kaasas k\u00e4ia. Kompassil on veekindel disain, mis on valmistatud t\u00e4ielikult kergest pol\u00fcmeerist. Kompassi sisemus on t\u00e4idetud antifriisiga, milles tuuleroosi ketas t\u00f6\u00f6tab sujuvalt. Kilbil oli gradatsioon ja m\u00e4rgitud maailma peamised ja vahepealsed suundad.<\/p>\n<p>BCB nupukompass on kasulik vidin igale v\u00e4lihuvilisele, reisijale, militaristile ja meremehele.<\/p>\n","protected":false},"excerpt":{"rendered":"<p>BCB button Compass BCB button Compass is a compact tool for field orientation, perfect for your survival or navigation kit.<\/p>\n<p>BCB button compass-light and functional<br \/>\nThe button Compass is small in size (13 mm wide) and immune in weight, so it can constantly accompany us during outdoor activities. The Compass has a waterproof design made entirely of lightweight polymer. The inside of the Compass is filled with antifreeze, in which the wind rose disc works smoothly. The Shield had a gradation and marked the main and intermediate directions of the world.<\/p>\n<p>BCB button Compass is a useful gadget for every outdoor enthusiast, traveler, militarist and Sailor.<\/p>\n","protected":false},"featured_media":149491,"template":"","meta":{"_acf_changed":false},"product_brand":[],"product_cat":[351],"product_tag":[],"class_list":{"0":"post-149572","1":"product","2":"type-product","3":"status-publish","4":"has-post-thumbnail","6":"product_cat-travel-goods","8":"first","9":"instock","10":"purchasable","11":"product-type-simple"},"acf":[],"_links":{"self":[{"href":"https:\/\/kingarms.ee\/en\/wp-json\/wp\/v2\/product\/149572","targetHints":{"allow":["GET"]}}],"collection":[{"href":"https:\/\/kingarms.ee\/en\/wp-json\/wp\/v2\/product"}],"about":[{"href":"https:\/\/kingarms.ee\/en\/wp-json\/wp\/v2\/types\/product"}],"wp:featuredmedia":[{"embeddable":true,"href":"https:\/\/kingarms.ee\/en\/wp-json\/wp\/v2\/media\/149491"}],"wp:attachment":[{"href":"https:\/\/kingarms.ee\/en\/wp-json\/wp\/v2\/media?parent=149572"}],"wp:term":[{"taxonomy":"product_brand","embeddable":true,"href":"https:\/\/kingarms.ee\/en\/wp-json\/wp\/v2\/product_brand?post=149572"},{"taxonomy":"product_cat","embeddable":true,"href":"https:\/\/kingarms.ee\/en\/wp-json\/wp\/v2\/product_cat?post=149572"},{"taxonomy":"product_tag","embeddable":true,"href":"https:\/\/kingarms.ee\/en\/wp-json\/wp\/v2\/product_tag?post=149572"}],"curies":[{"name":"wp","href":"https:\/\/api.w.org\/{rel}","templated":true}]}}