{"id":149582,"date":"2025-05-19T17:48:29","date_gmt":"2025-05-19T14:48:29","guid":{"rendered":"https:\/\/kingarms.ee\/product\/elektro-10-padrunit-saaskede-vastu-bros\/"},"modified":"2025-07-27T16:15:09","modified_gmt":"2025-07-27T13:15:09","slug":"elektro-10-padrunit-saaskede-vastu-bros","status":"publish","type":"product","link":"https:\/\/kingarms.ee\/en\/product\/elektro-10-padrunit-saaskede-vastu-bros\/","title":{"rendered":"Electricity + 10 padrunit s\u00e4\u00e4skede vastu Bros"},"content":{"rendered":"<p>Elektro + 10 padrunit s\u00e4\u00e4skede vastu Bros<\/p>\n<p>Elektro + 10 Bros s\u00e4\u00e4sekassetti on elektriline s\u00e4\u00e4set\u00f5rjevahend, mis tagab t\u00f5husa kaitse putukate eest kogu \u00f6\u00f6.<\/p>\n<p>Kuidas Bros elektrofumigaator t\u00f6\u00f6tab?<br \/>\nElektrofumigaator Bros on insektitsiidne seade, mis on efektiivne s\u00e4\u00e4skede ja muude putukate vastu, mis h\u00e4irivad meie \u00f6ist puhkust. Electro kasutab toimeainega (esb\u00fctriiniga) immutatud padruneid, mis kuumutamisel (p\u00e4rast seadme v\u00f5rku \u00fchendamist) h\u00e4vitavad t\u00f5husalt lendavad sissetungijad. \u00dcks kassett t\u00f6\u00f6tab kuni 12 tundi, sealhulgas avatud aken ja tuled p\u00f5levad. Elektro Bros on biotsiidne ning vabaneb s\u00e4\u00e4skedest vaikselt ja t\u00f5husalt. T\u00f5husalt v\u00f5itleb s\u00e4\u00e4skedega ruumis, mille pindala on umbes 20 m2.<\/p>\n<p>Elektrofumigaator Bros-omadused<br \/>\nT\u00f5hus s\u00e4\u00e4skede vastu;<br \/>\nkassetid on immutatud esbiootriiniga;<br \/>\n\u00fcks kassett t\u00f6\u00f6tab 12 tundi;<br \/>\nkaitseb ruumi pindalaga umbes 20 m2.<\/p>\n","protected":false},"excerpt":{"rendered":"<p>Electro + 10 cartridges against mosquitoes Bros electro + 10 Bros mosquito cartridge is an electric mosquito repellent that provides effective protection against insects throughout the night.<\/p>\n<p>How does Bros electrofumigator work?<br \/>\nThe Electrofumigator Bros is an insecticidal device that is effective against mosquitoes and other insects that interfere with our night&#8217;s rest. Electro uses cartridges impregnated with the active substance (esbythrin), which, when heated (after connecting the device to the network), effectively destroy flying invaders. One cartridge works up to 12 hours, including an open window and lights on. Electro Bros is biocidal and gets rid of mosquitoes quietly and effectively. Effectively fights mosquitoes in a room with an area of about 20 m2.<\/p>\n<p>Electrofumigator Bros-features<br \/>\nEffective against mosquitoes;<br \/>\ncartridges are impregnated with esbiotrin;<br \/>\none cartridge works for 12 hours;<br \/>\nprotects the room with an area of about 20 m2.<\/p>\n","protected":false},"featured_media":149407,"template":"","meta":{"_acf_changed":false},"product_brand":[],"product_cat":[351],"product_tag":[],"class_list":{"0":"post-149582","1":"product","2":"type-product","3":"status-publish","4":"has-post-thumbnail","6":"product_cat-travel-goods","8":"first","9":"instock","10":"purchasable","11":"product-type-simple"},"acf":[],"_links":{"self":[{"href":"https:\/\/kingarms.ee\/en\/wp-json\/wp\/v2\/product\/149582","targetHints":{"allow":["GET"]}}],"collection":[{"href":"https:\/\/kingarms.ee\/en\/wp-json\/wp\/v2\/product"}],"about":[{"href":"https:\/\/kingarms.ee\/en\/wp-json\/wp\/v2\/types\/product"}],"wp:featuredmedia":[{"embeddable":true,"href":"https:\/\/kingarms.ee\/en\/wp-json\/wp\/v2\/media\/149407"}],"wp:attachment":[{"href":"https:\/\/kingarms.ee\/en\/wp-json\/wp\/v2\/media?parent=149582"}],"wp:term":[{"taxonomy":"product_brand","embeddable":true,"href":"https:\/\/kingarms.ee\/en\/wp-json\/wp\/v2\/product_brand?post=149582"},{"taxonomy":"product_cat","embeddable":true,"href":"https:\/\/kingarms.ee\/en\/wp-json\/wp\/v2\/product_cat?post=149582"},{"taxonomy":"product_tag","embeddable":true,"href":"https:\/\/kingarms.ee\/en\/wp-json\/wp\/v2\/product_tag?post=149582"}],"curies":[{"name":"wp","href":"https:\/\/api.w.org\/{rel}","templated":true}]}}