{"id":149607,"date":"2025-05-19T17:48:29","date_gmt":"2025-05-19T14:48:29","guid":{"rendered":"https:\/\/kingarms.ee\/product\/umarex-3-9x40-s-m-11-mm-ulatus\/"},"modified":"2025-07-27T16:15:09","modified_gmt":"2025-07-27T13:15:09","slug":"umarex-3-9x40-s-m-11-mm-ulatus","status":"publish","type":"product","link":"https:\/\/kingarms.ee\/en\/product\/umarex-3-9x40-s-m-11-mm-ulatus\/","title":{"rendered":"Uvarex 3-9&#215;40 s \/ M 11 mm ulatus"},"content":{"rendered":"<p>Umarex 3 &#8211; 9&#215;40 S \/ M 11 mm ulatus<\/p>\n<p>Umarex 3-9 \u00d7 40 on vastupidav muutuva suurendusega optiline sihik, mis on m\u00f5eldud \u00f5hup\u00fcstolite ja ASG koopiate jaoks.<\/p>\n<p>Tugev konstruktsioon<br \/>\nVaatepildil on 30 mm l\u00e4bim\u00f5\u00f5duga \u00fcheosaline toru, mis on valmistatud anodeeritud alumiiniumist mattviimistlusega. Tihendamise ja ulatuse t\u00e4itmise t\u00f5ttu kuiva l\u00e4mmastikuga optika ei aurustu ja on ilmastikutingimuste suhtes tundetu.<\/p>\n<p>Konstruktsioon on ka l\u00f6\u00f6gikindel, nii et Umarex 3-9\u00d740 ulatust saab kasutada ka suure energiaga \u00f5hup\u00fcssidel.<\/p>\n<p>Muutuv suurenemine<br \/>\nL\u00e4\u00e4tsed on kaetud mitmekihilise pimestamisvastase kattega, mis parandab valguse l\u00e4bilaskvust ja annab sihtm\u00e4rgist selge ja selge pildi, nii et ulatus t\u00f6\u00f6tab h\u00e4sti h\u00e4maras pildistamisel.<\/p>\n<p>Okulaaril on s\u00f5rmus iseseisvaks fokuseerimiseks. Optikal on muutuv Suurendus 3-9\u00d7, et pildistada erinevatel vahemaadel ja valida laia vaatev\u00e4lja v\u00f5i tugeva sihtm\u00e4rgi l\u00e4henduse vahel.<\/p>\n<p>Sihtv\u00f5rk T\u00fc\u00fcp 8<br \/>\nUmarex 3-9 \u00d7 40 vaatepilt kasutab universaalset sihtv\u00f5rku 8 (k\u00f5nekeeles dupleks), mis koosneb 4 paksust hoovast, mis l\u00e4hevad keskel \u00f5hukesteks kapillaarjoonteks.<\/p>\n<p>See on \u00fcks populaarsemaid riste, kuna see v\u00f5imaldab nii t\u00e4pset kui ka kiiret tulistamist erinevates valgustingimustes. V\u00f5rgu reguleerimine toimub suletud trummide abil, mille kliki v\u00e4\u00e4rtus on 0,7 mm \/ 10 m. sihikul on fikseeritud Parallaks, mis on paigaldatud 10 m kaugusele.<\/p>\n","protected":false},"excerpt":{"rendered":"<p>Umarex 3-9&#215;40 S \/ M 11mm scope Umarex 3-9 after 40 durable optical sight with variable increase, which is M answered for oppositions and ASG copies.<\/p>\n<p>Strong construction<br \/>\nThe sight features a 30 mm L krakibim krakduga krakheosal tube made of aluminum with a matte finish. If you have any questions, please feel free to contact us and contact us.<\/p>\n<p>The structural design is also L Sharg-resistant, so the Umarex 3-9 or 40 scope can also be used with high energy, which is associated with this problem.<\/p>\n<p>Big tits<br \/>\nLenses of, coated with a multi-layer anti-glare coating that improves light transmittance and gives a clear, and clear image of the target, so the scope works well in low-light shooting.<\/p>\n<p>Eyepiece of S arrmus for independent focus. The optics have a variable magnification of 3-9 to image at different distances and choose between a wide range of views.<\/p>\n<p>Sihv Krrk T Krrp 8<br \/>\nThe Umarex 3-9 x 40 sight uses a universal target grid 8 (colloquially duplex) consisting of 4 thick levers that go into thin capillary lines in the middle.<\/p>\n<p>See more about the most popular crosses in Estonia, because look at the most popular crosses in Estonia both the population of Estonia and the rapid shooting work in various lighting works. V sternwheel adjusted by means of closed drums with a click V stern forward 0.7 mm \/ 10 m. on the sight forward fixed Parallax, which further mounted 10 m in length.<\/p>\n","protected":false},"featured_media":149371,"template":"","meta":{"_acf_changed":false},"product_brand":[],"product_cat":[614],"product_tag":[],"class_list":{"0":"post-149607","1":"product","2":"type-product","3":"status-publish","4":"has-post-thumbnail","6":"product_cat-optical-sights","8":"first","9":"instock","10":"purchasable","11":"product-type-simple"},"acf":[],"_links":{"self":[{"href":"https:\/\/kingarms.ee\/en\/wp-json\/wp\/v2\/product\/149607","targetHints":{"allow":["GET"]}}],"collection":[{"href":"https:\/\/kingarms.ee\/en\/wp-json\/wp\/v2\/product"}],"about":[{"href":"https:\/\/kingarms.ee\/en\/wp-json\/wp\/v2\/types\/product"}],"wp:featuredmedia":[{"embeddable":true,"href":"https:\/\/kingarms.ee\/en\/wp-json\/wp\/v2\/media\/149371"}],"wp:attachment":[{"href":"https:\/\/kingarms.ee\/en\/wp-json\/wp\/v2\/media?parent=149607"}],"wp:term":[{"taxonomy":"product_brand","embeddable":true,"href":"https:\/\/kingarms.ee\/en\/wp-json\/wp\/v2\/product_brand?post=149607"},{"taxonomy":"product_cat","embeddable":true,"href":"https:\/\/kingarms.ee\/en\/wp-json\/wp\/v2\/product_cat?post=149607"},{"taxonomy":"product_tag","embeddable":true,"href":"https:\/\/kingarms.ee\/en\/wp-json\/wp\/v2\/product_tag?post=149607"}],"curies":[{"name":"wp","href":"https:\/\/api.w.org\/{rel}","templated":true}]}}