{"id":149622,"date":"2025-05-19T17:48:29","date_gmt":"2025-05-19T14:48:29","guid":{"rendered":"https:\/\/kingarms.ee\/product\/mil-tec-s-hook-karabiinikomplekt-must-10-tk\/"},"modified":"2025-07-27T16:15:08","modified_gmt":"2025-07-27T13:15:08","slug":"mil-tec-s-hook-karabiinikomplekt-must-10-tk","status":"publish","type":"product","link":"https:\/\/kingarms.ee\/en\/product\/mil-tec-s-hook-karabiinikomplekt-must-10-tk\/","title":{"rendered":"Mil-Tec s-Hook carbine set Black 10 PCs"},"content":{"rendered":"<p>Mil-Tec s-Hook karabiinikomplekt Must 10 tk<\/p>\n<p>Komplekt 10 musta v\u00e4rvi mil-Tec s-Hook karabiini, mis on valmistatud vastupidavast duraflexi plastikust ja metallist.<\/p>\n<p>Mil-Tec s-Hook karabiinikomplekt &#8211; funktsioonid<br \/>\nValmistatud duraflexi plastikust ja metallist;<br \/>\nkerge ja vastupidav S-t\u00fc\u00fcpi konstruktsioon;<br \/>\nvastupidavus \u00e4\u00e4rmuslikele temperatuuridele -50 kuni +90 \u00b0 C;<br \/>\nsilmuste ja muude seadmete hooldamise lihtsus;<br \/>\nvarustatud vedru ja tugeva sulgemisega;<br \/>\nsuur vahe h\u00f5lpsaks hoolduseks;<br \/>\nv\u00f5imalus \u00fcksteisega \u00fchendada;<br \/>\nm\u00f5\u00f5dud: 50 \u00d7 23 \u00d7 5 mm;<br \/>\nkaal: 4 g;<br \/>\nkomplektis 10 tk.<br \/>\nMil-Tec s-Hook karabiinikomplekt-funktsionaalne ja vastupidav<br \/>\nKarabiinidel on as\u00fcmmeetriline S-t\u00fc\u00fcpi disain, mis muudab nende hooldamise silmuste, aasade, rihmade ja muude seadmete jaoks lihtsaks. Karabiinide abil saame mugavalt kanda n\u00e4iteks kindaid v\u00f5i kerget EDC taskulampi, millele meil on kiire ja lihtne juurdep\u00e4\u00e4s.<\/p>\n","protected":false},"excerpt":{"rendered":"<p>Mil-Tec s-Hook carabiner set Black 10 PCs set of 10 black mil-Tec s-Hook carabiners made of durable Duraflex plastic and metal.<\/p>\n<p>Mil-Tec s-Hook carbine kit-features<br \/>\nMade of Duraflex plastic and metal;<br \/>\nlightweight and durable S-type construction;<br \/>\nresistance to temperature extremes -50 to +90C;<br \/>\nease of maintenance of loops and other equipment;<br \/>\nequipped with spring and strong closure;<br \/>\nbig difference for easy maintenance;<br \/>\nability to connect with each other;<br \/>\ndimensions: 50 , 23 , 5 mm;<br \/>\nweight: 4 g;<br \/>\nset of 10 PCs.<br \/>\nMil-Tec s-Hook carbine kit-functional and durable<br \/>\nCarabiners have an asymmetrical s-type design, which makes it easy to maintain them for loops, loops, straps and other devices. With carbines we can comfortably wear gloves or a light EDC flashlight, for example, to which we have quick and easy access.<\/p>\n","protected":false},"featured_media":149383,"template":"","meta":{"_acf_changed":false},"product_brand":[],"product_cat":[351],"product_tag":[],"class_list":{"0":"post-149622","1":"product","2":"type-product","3":"status-publish","4":"has-post-thumbnail","6":"product_cat-travel-goods","8":"first","9":"instock","10":"purchasable","11":"product-type-simple"},"acf":[],"_links":{"self":[{"href":"https:\/\/kingarms.ee\/en\/wp-json\/wp\/v2\/product\/149622","targetHints":{"allow":["GET"]}}],"collection":[{"href":"https:\/\/kingarms.ee\/en\/wp-json\/wp\/v2\/product"}],"about":[{"href":"https:\/\/kingarms.ee\/en\/wp-json\/wp\/v2\/types\/product"}],"wp:featuredmedia":[{"embeddable":true,"href":"https:\/\/kingarms.ee\/en\/wp-json\/wp\/v2\/media\/149383"}],"wp:attachment":[{"href":"https:\/\/kingarms.ee\/en\/wp-json\/wp\/v2\/media?parent=149622"}],"wp:term":[{"taxonomy":"product_brand","embeddable":true,"href":"https:\/\/kingarms.ee\/en\/wp-json\/wp\/v2\/product_brand?post=149622"},{"taxonomy":"product_cat","embeddable":true,"href":"https:\/\/kingarms.ee\/en\/wp-json\/wp\/v2\/product_cat?post=149622"},{"taxonomy":"product_tag","embeddable":true,"href":"https:\/\/kingarms.ee\/en\/wp-json\/wp\/v2\/product_tag?post=149622"}],"curies":[{"name":"wp","href":"https:\/\/api.w.org\/{rel}","templated":true}]}}