{"id":149642,"date":"2025-05-19T17:48:29","date_gmt":"2025-05-19T14:48:29","guid":{"rendered":"https:\/\/kingarms.ee\/product\/spray-bros-saaskede-ja-puukide-jaoks-90-ml\/"},"modified":"2025-07-27T16:15:07","modified_gmt":"2025-07-27T13:15:07","slug":"spray-bros-saaskede-ja-puukide-jaoks-90-ml","status":"publish","type":"product","link":"https:\/\/kingarms.ee\/en\/product\/spray-bros-saaskede-ja-puukide-jaoks-90-ml\/","title":{"rendered":"Spray Bros for mosquitoes and ticks 90 ml"},"content":{"rendered":"<p>Spray Bros s\u00e4\u00e4skede ja puukide jaoks 90 ml<\/p>\n<p>Bros s\u00e4\u00e4skede ja puukide pihusti 90 ml on t\u00f5hus t\u00f5rjevahend DEET 15% toimeainega, mida peetakse laialdaselt parimaks s\u00e4\u00e4skede ja puukide t\u00f5rjeks.<\/p>\n<p>\u00c4ra hammusta!<br \/>\nSooja ja niiske suve jooksul seisab iga\u00fcks meist silmitsi lendavate putukate ja lestade ebameeldiva tegevusega, mille hammustused v\u00f5ivad p\u00f5hjustada v\u00e4ga ebameeldivaid tervisekomplikatsioone. \u00c4mblikulaadsete, k\u00e4\u00e4buste ja s\u00e4\u00e4skede hammustuste riski minimeerimiseks tasub kasutada t\u00f5estatud Bros.<\/p>\n<p>Ravimi Bros efektiivsus annab toimeaine DEET kontsentratsiooniga 15%. DEET (N, N-diet\u00fc\u00fclm-toluamiid) on praegu k\u00f5ige t\u00f5husam tsiviilturul kasutamiseks m\u00f5eldud aine, mida on testitud positiivselt m\u00e4rgaladel, troopilises kliimas ja ekvatoriaalsetes d\u017eunglites.<br \/>\nBros s\u00e4\u00e4skede ja puukide pihusti pakub t\u00f5husat kaitset: t\u00f5rjub tavalisi s\u00e4\u00e4ski kuni 7 tundi, troopilisi s\u00e4\u00e4ski ja puuke kuni 4 tundi.<\/p>\n<p>Spray Bros s\u00e4\u00e4skede ja puukide vastu-kes saab toodet kasutada?<br \/>\n90 ml s\u00e4\u00e4skede ja puukide pihustit bros soovitatakse peamiselt inimestele, kellel v\u00f5ib olla suurem kokkupuude hammustavate putukatega, St metsat\u00f6\u00f6tajad, jahimehed, \u00f5ngitsejad, turistid, s\u00f5durid. Ohutu ja t\u00f5hus valem v\u00f5imaldab t\u00f6\u00f6riista kasutada k\u00f5igil t\u00e4iskasvanutel, kes veedavad aega v\u00e4rskes \u00f5hus putukate aktiivsuse perioodil.<\/p>\n<p>Hoiatus! Suure sisalduse t\u00f5ttu ei tohiks DEET-i kasutada s\u00fcnteetilistel ja nahkmaterjalidel, m\u00f6\u00f6blil, plastil ja v\u00e4rvitud pindadel.<\/p>\n<p>Kiire rakendus<br \/>\nRavim on lihtne ja mugav kasutada. Enne pealekandmist raputage pudelit ja kandke toode 15-20 cm kauguselt otse hammustustele vastuv\u00f5tlikele aladele. ravimit kantakse n\u00e4ole ja kaelale kaudse meetodiga-pihustage peopesale ja jaotage see ainult nahale.<\/p>\n","protected":false},"excerpt":{"rendered":"<p>Spray Bros for mosquitoes and ticks 90 ml Bros for mosquitoes and ticks spray 90 ml is an effective repellent with DEET 15% active ingredient, which is widely considered the best mosquito and tick control.<\/p>\n<p>Don&#8217;t bite!<br \/>\nDuring the warm and humid summer, each of us is faced with the unpleasant action of flying insects and mites, the bites of which can lead to very unpleasant health complications. To minimize the risk of arachnids, midges and mosquito bites, it is worth using proven Bros.<\/p>\n<p>Drug Bros efficacy provides active substance DEET at a concentration of 15%. DEET (n, n-diethylm-toluamide) is currently the most effective substance for use on the civilian market, tested positive in wetlands, tropical climates and equatorial jungles.<br \/>\nBros mosquito and tick spray provides effective protection: repels ordinary mosquitoes for up to 7 hours, tropical mosquitoes and ticks for up to 4 hours.<\/p>\n<p>Spray Bros against mosquitoes and ticks-who can use the product?<br \/>\nBros 90 ml mosquito and tick spray is recommended mainly for people who may have increased contact with biting insects, i.e. forest workers, hunters, anglers, tourists, soldiers. A safe and effective formula allows the tool to be used by all adults who spend time in the fresh air during the period of insect activity.<\/p>\n<p>Warning! Due to its high content, DEET should not be used on synthetic and leather materials, furniture, plastic and painted surfaces.<\/p>\n<p>Quick application<br \/>\nThe drug is simple and convenient to use. Before application, shake the bottle and apply the product from a distance of 15-20 cm directly to areas susceptible to bites. the drug is applied to the face and neck by an indirect method-spray on the palm and distribute it only on the skin.<\/p>\n","protected":false},"featured_media":149547,"template":"","meta":{"_acf_changed":false},"product_brand":[],"product_cat":[351],"product_tag":[],"class_list":{"0":"post-149642","1":"product","2":"type-product","3":"status-publish","4":"has-post-thumbnail","6":"product_cat-travel-goods","8":"first","9":"instock","10":"purchasable","11":"product-type-simple"},"acf":[],"_links":{"self":[{"href":"https:\/\/kingarms.ee\/en\/wp-json\/wp\/v2\/product\/149642","targetHints":{"allow":["GET"]}}],"collection":[{"href":"https:\/\/kingarms.ee\/en\/wp-json\/wp\/v2\/product"}],"about":[{"href":"https:\/\/kingarms.ee\/en\/wp-json\/wp\/v2\/types\/product"}],"wp:featuredmedia":[{"embeddable":true,"href":"https:\/\/kingarms.ee\/en\/wp-json\/wp\/v2\/media\/149547"}],"wp:attachment":[{"href":"https:\/\/kingarms.ee\/en\/wp-json\/wp\/v2\/media?parent=149642"}],"wp:term":[{"taxonomy":"product_brand","embeddable":true,"href":"https:\/\/kingarms.ee\/en\/wp-json\/wp\/v2\/product_brand?post=149642"},{"taxonomy":"product_cat","embeddable":true,"href":"https:\/\/kingarms.ee\/en\/wp-json\/wp\/v2\/product_cat?post=149642"},{"taxonomy":"product_tag","embeddable":true,"href":"https:\/\/kingarms.ee\/en\/wp-json\/wp\/v2\/product_tag?post=149642"}],"curies":[{"name":"wp","href":"https:\/\/api.w.org\/{rel}","templated":true}]}}