{"id":149647,"date":"2025-05-19T17:48:29","date_gmt":"2025-05-19T14:48:29","guid":{"rendered":"https:\/\/kingarms.ee\/product\/max-vaco-saaskede-ja-puukide-vedelik-deet-30-80-ml\/"},"modified":"2025-07-27T16:15:06","modified_gmt":"2025-07-27T13:15:06","slug":"max-vaco-saaskede-ja-puukide-vedelik-deet-30-80-ml","status":"publish","type":"product","link":"https:\/\/kingarms.ee\/en\/product\/max-vaco-saaskede-ja-puukide-vedelik-deet-30-80-ml\/","title":{"rendered":"Max Vaco mosquito and tick liquid DEET 30% 80 ml"},"content":{"rendered":"<p>Max Vaco s\u00e4\u00e4skede ja puukide vedelik DEET 30% 80 ml<\/p>\n<p>Vaco Max vedel t\u00f5rjevahend on m\u00f5eldud s\u00e4\u00e4skede, troopiliste s\u00e4\u00e4skede, puukide ja uduste t\u00f5rjumiseks.<\/p>\n<p>Vedel repellent Vaco Max-t\u00f5estatud ja t\u00f5hus vahend<br \/>\nToode sisaldab 30% DEET-i, mis t\u00f5rjub putukaid neid tapmata. Ravim on m\u00f5eldud m.in. neile, kes reisivad troopiliste haiguste riskipiirkondadesse. See on kindlasti kasulik k\u00f5igile \u00d5ues aktiivse puhkuse armastajatele, elluj\u00e4\u00e4nutele, paintballi m\u00e4ngijatele, jahimeestele-kaluritele.<\/p>\n<p>Toote kasutamist soovitatakse \u00fcle 12-aastastele inimestele. elu aasta. Det-i ei tohi kasutada kuni kahe kuu vanustel vasts\u00fcndinutel ja rasedatel naistel.<\/p>\n","protected":false},"excerpt":{"rendered":"<p>Max Vaco mosquito and tick liquid DEET 30% 80 ml Vaco Max liquid repellent is designed to repel mosquitoes, tropical mosquitoes, ticks and fogs.<\/p>\n<p>Liquid repellent Vaco Max-a proven and effective remedy<br \/>\nThe product contains 30% DEET, which repels insects without killing them. The drug is intended for m.in. for those who travel to tropical disease risk areas. It will definitely be useful to all lovers of active outdoor recreation, survivors, paintball players, hunters-fishermen.<\/p>\n<p>The use of the product is recommended for people over 12 years old. year of life. Det should not be used in newborns and pregnant women up to two months of age.<\/p>\n","protected":false},"featured_media":149419,"template":"","meta":{"_acf_changed":false},"product_brand":[],"product_cat":[351],"product_tag":[],"class_list":{"0":"post-149647","1":"product","2":"type-product","3":"status-publish","4":"has-post-thumbnail","6":"product_cat-travel-goods","8":"first","9":"instock","10":"purchasable","11":"product-type-simple"},"acf":[],"_links":{"self":[{"href":"https:\/\/kingarms.ee\/en\/wp-json\/wp\/v2\/product\/149647","targetHints":{"allow":["GET"]}}],"collection":[{"href":"https:\/\/kingarms.ee\/en\/wp-json\/wp\/v2\/product"}],"about":[{"href":"https:\/\/kingarms.ee\/en\/wp-json\/wp\/v2\/types\/product"}],"wp:featuredmedia":[{"embeddable":true,"href":"https:\/\/kingarms.ee\/en\/wp-json\/wp\/v2\/media\/149419"}],"wp:attachment":[{"href":"https:\/\/kingarms.ee\/en\/wp-json\/wp\/v2\/media?parent=149647"}],"wp:term":[{"taxonomy":"product_brand","embeddable":true,"href":"https:\/\/kingarms.ee\/en\/wp-json\/wp\/v2\/product_brand?post=149647"},{"taxonomy":"product_cat","embeddable":true,"href":"https:\/\/kingarms.ee\/en\/wp-json\/wp\/v2\/product_cat?post=149647"},{"taxonomy":"product_tag","embeddable":true,"href":"https:\/\/kingarms.ee\/en\/wp-json\/wp\/v2\/product_tag?post=149647"}],"curies":[{"name":"wp","href":"https:\/\/api.w.org\/{rel}","templated":true}]}}