{"id":149658,"date":"2025-05-19T17:48:29","date_gmt":"2025-05-19T14:48:29","guid":{"rendered":"https:\/\/kingarms.ee\/product\/kaldsaag-mfh-7-cm\/"},"modified":"2025-07-27T16:15:50","modified_gmt":"2025-07-27T13:15:50","slug":"kaldsaag-mfh-7-cm","status":"publish","type":"product","link":"https:\/\/kingarms.ee\/en\/product\/kaldsaag-mfh-7-cm\/","title":{"rendered":"Kaldsaag MFH (7 cm)"},"content":{"rendered":"<p>Kaldsaag MFH (7 cm)<\/p>\n<p>Raskeveokite kaablisaag l\u00f5ikab h\u00f5lpsalt puitu, metalli, plasti, luu ja j\u00e4\u00e4d. V\u00e4ike mugav seade, millel on lai rakendus. V\u00f5ite v\u00f5tta SAE erinevat t\u00fc\u00fcpi elluj\u00e4\u00e4misreisidele ja kasutada seda ka oma koduaia igap\u00e4evaste t\u00f6\u00f6de jaoks.<\/p>\n","protected":false},"excerpt":{"rendered":"<p>Bevel saw MFH (7 cm) heavy duty cable saw easily cuts wood, metal, plastic, bone and ice. A small convenient device with a wide application. You can take the saw on different types of survival trips and also use it for daily chores in your backyard.<\/p>\n","protected":false},"featured_media":149431,"template":"","meta":{"_acf_changed":false},"product_brand":[],"product_cat":[351],"product_tag":[],"class_list":{"0":"post-149658","1":"product","2":"type-product","3":"status-publish","4":"has-post-thumbnail","6":"product_cat-travel-goods","8":"first","9":"instock","10":"purchasable","11":"product-type-simple"},"acf":[],"_links":{"self":[{"href":"https:\/\/kingarms.ee\/en\/wp-json\/wp\/v2\/product\/149658","targetHints":{"allow":["GET"]}}],"collection":[{"href":"https:\/\/kingarms.ee\/en\/wp-json\/wp\/v2\/product"}],"about":[{"href":"https:\/\/kingarms.ee\/en\/wp-json\/wp\/v2\/types\/product"}],"wp:featuredmedia":[{"embeddable":true,"href":"https:\/\/kingarms.ee\/en\/wp-json\/wp\/v2\/media\/149431"}],"wp:attachment":[{"href":"https:\/\/kingarms.ee\/en\/wp-json\/wp\/v2\/media?parent=149658"}],"wp:term":[{"taxonomy":"product_brand","embeddable":true,"href":"https:\/\/kingarms.ee\/en\/wp-json\/wp\/v2\/product_brand?post=149658"},{"taxonomy":"product_cat","embeddable":true,"href":"https:\/\/kingarms.ee\/en\/wp-json\/wp\/v2\/product_cat?post=149658"},{"taxonomy":"product_tag","embeddable":true,"href":"https:\/\/kingarms.ee\/en\/wp-json\/wp\/v2\/product_tag?post=149658"}],"curies":[{"name":"wp","href":"https:\/\/api.w.org\/{rel}","templated":true}]}}