{"id":61725,"date":"2022-09-20T15:54:05","date_gmt":"2022-09-20T12:55:16","guid":{"rendered":"https:\/\/kingarms.ee\/product\/thermal-imaging-camera-hikvision-lynx-c06\/"},"modified":"2024-08-11T09:01:40","modified_gmt":"2024-08-11T06:01:40","slug":"thermal-camera-hikvision-lynx-c06","status":"publish","type":"product","link":"https:\/\/kingarms.ee\/en\/product\/thermal-camera-hikvision-lynx-c06\/","title":{"rendered":"Thermal imaging camera HIKVISION Lynx C06"},"content":{"rendered":"<p><img loading=\"lazy\" decoding=\"async\" class=\"alignnone size-medium wp-image-61713\" src=\"https:\/\/kingarms.ee\/wp-content\/uploads\/2022\/09\/kamera-termowizyjna-termowizor-hikmicro-by-hikvision-lynx-c06-699b02dd777e4f69b34fe3b4cfd9b241-91abfef5-300x300.jpeg\" alt=\"\" width=\"300\" height=\"300\" srcset=\"https:\/\/kingarms.ee\/wp-content\/uploads\/2022\/09\/kamera-termowizyjna-termowizor-hikmicro-by-hikvision-lynx-c06-699b02dd777e4f69b34fe3b4cfd9b241-91abfef5-300x300.jpeg 300w, https:\/\/kingarms.ee\/wp-content\/uploads\/2022\/09\/kamera-termowizyjna-termowizor-hikmicro-by-hikvision-lynx-c06-699b02dd777e4f69b34fe3b4cfd9b241-91abfef5-150x150.jpeg 150w, https:\/\/kingarms.ee\/wp-content\/uploads\/2022\/09\/kamera-termowizyjna-termowizor-hikmicro-by-hikvision-lynx-c06-699b02dd777e4f69b34fe3b4cfd9b241-91abfef5-768x768.jpeg 768w, https:\/\/kingarms.ee\/wp-content\/uploads\/2022\/09\/kamera-termowizyjna-termowizor-hikmicro-by-hikvision-lynx-c06-699b02dd777e4f69b34fe3b4cfd9b241-91abfef5-500x500.jpeg 500w, https:\/\/kingarms.ee\/wp-content\/uploads\/2022\/09\/kamera-termowizyjna-termowizor-hikmicro-by-hikvision-lynx-c06-699b02dd777e4f69b34fe3b4cfd9b241-91abfef5.jpeg 900w\" sizes=\"auto, (max-width: 300px) 100vw, 300px\" \/><\/p>\n","protected":false},"excerpt":{"rendered":"<p>Thermal imaging camera HIKVISION Lynx C06<\/p>\n<p>Small thermal monocular camera HIKMICRO Lynx LC06 from HikVision, the world&#8217;s largest manufacturer of CCTV and security cameras.<\/p>\n<p>&#8211; The sensitive 160\u00d7120, 17 \u03bcm sensor delivers a good image.<br \/>\n&#8211; The thermal imaging camera has a range of up to 219 metres.<br \/>\n&#8211; Through the T-Vision app, the smart device can be used as an external display.<\/p>\n<p>Sensor: VOx Uncooled Focal Plane Arrays<br \/>\nResolution: 160 \u00d7 120<br \/>\nHz: 50Hz<br \/>\nPixel size: 17\u00b5m<br \/>\nwavelength: 8\u00b5m &#8211; 14\u00b5m<br \/>\nNETD: less than 35 mK (@ 25\u00b0C, F# = 1.1)<br \/>\nFocal length: 6.2mm<br \/>\nIFOV: 2.74 mrad Angle of<br \/>\nField of view: 24.7\u00b0 \u00d7 18.7\u00b0 (H \u00d7 W)<br \/>\nAperture: F1.1<br \/>\nMagnification: 0.6 to 2.4<br \/>\nCharging voltage: 5 VDC \/ 2 A, 1.5 W, Type-C USB<br \/>\nOperating temperature: -20\u00b0C to 55\u00b0C<br \/>\nProtection class: IP67<br \/>\nDimensions: 158.3\u00d761\u00d757 mm<br \/>\nWeight: 250 g<\/p>\n<p>Rechargeable Li-ion battery<br \/>\nWorking time: 10 hours (@ 25\u00b0C) 7.5h with Wi-Fi hotspot.<br \/>\nSD card: integrated (8 GB)<br \/>\nRecording: pictures and videos<br \/>\nWi-Fi: yes<br \/>\nStandby mode: yes<br \/>\nDisplay: 0.2\u2033 LCOS, 720 \u00d7 540 colour<br \/>\nSeaded: white hot, black hot, red hot, fusion<br \/>\nRelease: auto, manual, external<br \/>\nDigital magnification: 1 \u00d7, 2 \u00d7, 4 \u00d7<br \/>\nHot Track: yes<\/p>\n","protected":false},"featured_media":61714,"template":"","meta":{"_acf_changed":false},"product_brand":[],"product_cat":[509],"product_tag":[],"class_list":{"0":"post-61725","1":"product","2":"type-product","3":"status-publish","4":"has-post-thumbnail","6":"product_cat-thermal-cameras","8":"first","9":"onbackorder","10":"taxable","11":"shipping-taxable","12":"product-type-simple"},"acf":[],"_links":{"self":[{"href":"https:\/\/kingarms.ee\/en\/wp-json\/wp\/v2\/product\/61725","targetHints":{"allow":["GET"]}}],"collection":[{"href":"https:\/\/kingarms.ee\/en\/wp-json\/wp\/v2\/product"}],"about":[{"href":"https:\/\/kingarms.ee\/en\/wp-json\/wp\/v2\/types\/product"}],"wp:featuredmedia":[{"embeddable":true,"href":"https:\/\/kingarms.ee\/en\/wp-json\/wp\/v2\/media\/61714"}],"wp:attachment":[{"href":"https:\/\/kingarms.ee\/en\/wp-json\/wp\/v2\/media?parent=61725"}],"wp:term":[{"taxonomy":"product_brand","embeddable":true,"href":"https:\/\/kingarms.ee\/en\/wp-json\/wp\/v2\/product_brand?post=61725"},{"taxonomy":"product_cat","embeddable":true,"href":"https:\/\/kingarms.ee\/en\/wp-json\/wp\/v2\/product_cat?post=61725"},{"taxonomy":"product_tag","embeddable":true,"href":"https:\/\/kingarms.ee\/en\/wp-json\/wp\/v2\/product_tag?post=61725"}],"curies":[{"name":"wp","href":"https:\/\/api.w.org\/{rel}","templated":true}]}}