{"id":8179,"date":"2018-08-31T08:22:53","date_gmt":"2018-08-31T08:22:53","guid":{"rendered":"https:\/\/newkingarms.aviontehnika.com\/product\/hg-138-mini-grenade-launcher-2\/"},"modified":"2024-08-11T22:49:20","modified_gmt":"2024-08-11T19:49:20","slug":"hg-138-mini-grenade-launcher-2","status":"publish","type":"product","link":"https:\/\/kingarms.ee\/en\/product\/hg-138-mini-grenade-launcher-2\/","title":{"rendered":"HG-138 MINI GRENADE LAUNCHER"},"content":{"rendered":"<p><a href=\"https:\/\/kingarms.ee\/wp-content\/uploads\/2018\/03\/1152215491_1.jpg\"><img loading=\"lazy\" decoding=\"async\" class=\"alignnone size-medium wp-image-1851\" src=\"https:\/\/kingarms.ee\/wp-content\/uploads\/2018\/03\/1152215491_1-300x200.jpg\" alt=\"\" width=\"300\" height=\"200\" \/><\/a><\/p>\n","protected":false},"excerpt":{"rendered":"<p>Suurep\u00e4rase ja kompaktse m\u00f5\u00f5duga Mini granaadiheitja on valmistatud t\u00e4ielikult alumiiniumist. Sobib ideaalselt paigaldamiseks k\u00e4sirelvale v\u00f5i automaadile.<\/p>\n<p>Materjal: alumiinium<br \/>\nPikkus: 95mm<br \/>\nKaal: 200 g<br \/>\nSalve maht: kuni 40 kuuli<br \/>\nLaskekiirus: 58 m\/s<\/p>\n<p>&nbsp;<\/p>\n<p><strong>Rent 7 \u20ac (24 H). Relva v\u00e4ljastamine ja tagastamine toimub meie poes KingArms. KingArms O\u00dc-ga on kohustatud klient s\u00f5lmima rendilepingu.<\/strong><\/p>\n","protected":false},"featured_media":0,"template":"","meta":{"_acf_changed":false},"product_brand":[],"product_cat":[935],"product_tag":[],"class_list":{"0":"post-8179","1":"product","2":"type-product","3":"status-publish","5":"product_cat-used-products","7":"first","8":"onbackorder","9":"product-type-simple"},"acf":[],"_links":{"self":[{"href":"https:\/\/kingarms.ee\/en\/wp-json\/wp\/v2\/product\/8179","targetHints":{"allow":["GET"]}}],"collection":[{"href":"https:\/\/kingarms.ee\/en\/wp-json\/wp\/v2\/product"}],"about":[{"href":"https:\/\/kingarms.ee\/en\/wp-json\/wp\/v2\/types\/product"}],"wp:attachment":[{"href":"https:\/\/kingarms.ee\/en\/wp-json\/wp\/v2\/media?parent=8179"}],"wp:term":[{"taxonomy":"product_brand","embeddable":true,"href":"https:\/\/kingarms.ee\/en\/wp-json\/wp\/v2\/product_brand?post=8179"},{"taxonomy":"product_cat","embeddable":true,"href":"https:\/\/kingarms.ee\/en\/wp-json\/wp\/v2\/product_cat?post=8179"},{"taxonomy":"product_tag","embeddable":true,"href":"https:\/\/kingarms.ee\/en\/wp-json\/wp\/v2\/product_tag?post=8179"}],"curies":[{"name":"wp","href":"https:\/\/api.w.org\/{rel}","templated":true}]}}