{"id":100494,"date":"2024-03-09T20:07:37","date_gmt":"2024-03-09T17:09:14","guid":{"rendered":"https:\/\/kingarms.ee\/product\/airsoft-ase-sa-f01-flex-specna-arms\/"},"modified":"2024-08-06T10:50:21","modified_gmt":"2024-08-06T07:50:21","slug":"airsoft-relv-sa-f01-flex-specna-aseet","status":"publish","type":"product","link":"https:\/\/kingarms.ee\/fi\/product\/airsoft-relv-sa-f01-flex-specna-aseet\/","title":{"rendered":"Airsoft ase SA-F01 FLEX (Specna Arms)"},"content":{"rendered":"<p><img loading=\"lazy\" decoding=\"async\" class=\"alignnone size-full wp-image-100464\" src=\"https:\/\/kingarms.ee\/wp-content\/uploads\/2024\/03\/615def0c84b9b04ff89609e52e228b9a29d2acf1_1152231749_1.webp\" alt=\"\" width=\"2000\" height=\"1333\" srcset=\"https:\/\/kingarms.ee\/wp-content\/uploads\/2024\/03\/615def0c84b9b04ff89609e52e228b9a29d2acf1_1152231749_1.webp 2000w, https:\/\/kingarms.ee\/wp-content\/uploads\/2024\/03\/615def0c84b9b04ff89609e52e228b9a29d2acf1_1152231749_1-300x200.webp 300w, https:\/\/kingarms.ee\/wp-content\/uploads\/2024\/03\/615def0c84b9b04ff89609e52e228b9a29d2acf1_1152231749_1-1024x682.webp 1024w, https:\/\/kingarms.ee\/wp-content\/uploads\/2024\/03\/615def0c84b9b04ff89609e52e228b9a29d2acf1_1152231749_1-768x512.webp 768w, https:\/\/kingarms.ee\/wp-content\/uploads\/2024\/03\/615def0c84b9b04ff89609e52e228b9a29d2acf1_1152231749_1-1536x1024.webp 1536w, https:\/\/kingarms.ee\/wp-content\/uploads\/2024\/03\/615def0c84b9b04ff89609e52e228b9a29d2acf1_1152231749_1-500x333.webp 500w, https:\/\/kingarms.ee\/wp-content\/uploads\/2024\/03\/615def0c84b9b04ff89609e52e228b9a29d2acf1_1152231749_1-150x100.webp 150w\" sizes=\"auto, (max-width: 2000px) 100vw, 2000px\" \/><\/p>\n","protected":false},"excerpt":{"rendered":"<p>Valmistaja Specna Arms<br \/>\nNopeus [FPS] 370<br \/>\nVaihteistoversio Gearbox v2<br \/>\nLaukaisutapa Puoliautomaattinen<br \/>\nLaakerien halkaisija GB [mm] 8<br \/>\nSis\u00e4putken pituus [mm] 235<br \/>\nLokeron kapasiteetti[tk] 300<br \/>\nHop-Up Kyll\u00e4<br \/>\nParisto mukana: EI<br \/>\nKierretyyppi 14mm CCW<br \/>\nNopea jousenvaihtoj\u00e4rjestelm\u00e4: kyll\u00e4<br \/>\nTulppa Tyyppi Tamiya pieni<br \/>\nV\u00e4ri musta<br \/>\nTuotteen paino [g] 2130<br \/>\nMateriaali Muovi<br \/>\nV\u00e4himm\u00e4ispituus [mm] 650<br \/>\nTuotteen pituus [cm] 73,50<br \/>\nMOSFET\/ETU: EI<br \/>\nSpecna relvaliin FLEX\u2122<br \/>\nVirtal\u00e4hde S\u00e4hk\u00f6<\/p>\n","protected":false},"featured_media":100465,"template":"","meta":{"_acf_changed":false},"product_brand":[],"product_cat":[251],"product_tag":[],"class_list":{"0":"post-100494","1":"product","2":"type-product","3":"status-publish","4":"has-post-thumbnail","6":"product_cat-sahkoaseet","8":"first","9":"onbackorder","10":"taxable","11":"shipping-taxable","12":"product-type-simple"},"acf":[],"_links":{"self":[{"href":"https:\/\/kingarms.ee\/fi\/wp-json\/wp\/v2\/product\/100494","targetHints":{"allow":["GET"]}}],"collection":[{"href":"https:\/\/kingarms.ee\/fi\/wp-json\/wp\/v2\/product"}],"about":[{"href":"https:\/\/kingarms.ee\/fi\/wp-json\/wp\/v2\/types\/product"}],"wp:featuredmedia":[{"embeddable":true,"href":"https:\/\/kingarms.ee\/fi\/wp-json\/wp\/v2\/media\/100465"}],"wp:attachment":[{"href":"https:\/\/kingarms.ee\/fi\/wp-json\/wp\/v2\/media?parent=100494"}],"wp:term":[{"taxonomy":"product_brand","embeddable":true,"href":"https:\/\/kingarms.ee\/fi\/wp-json\/wp\/v2\/product_brand?post=100494"},{"taxonomy":"product_cat","embeddable":true,"href":"https:\/\/kingarms.ee\/fi\/wp-json\/wp\/v2\/product_cat?post=100494"},{"taxonomy":"product_tag","embeddable":true,"href":"https:\/\/kingarms.ee\/fi\/wp-json\/wp\/v2\/product_tag?post=100494"}],"curies":[{"name":"wp","href":"https:\/\/api.w.org\/{rel}","templated":true}]}}