{"id":100535,"date":"2024-03-09T20:18:19","date_gmt":"2024-03-09T17:19:23","guid":{"rendered":"https:\/\/kingarms.ee\/product\/airsoft-ase-sa-f02-flex-specna-arms\/"},"modified":"2024-08-06T10:48:55","modified_gmt":"2024-08-06T07:48:55","slug":"airsoft-kivaari-sa-f02-flex-specna-aseet","status":"publish","type":"product","link":"https:\/\/kingarms.ee\/fi\/product\/airsoft-kivaari-sa-f02-flex-specna-aseet\/","title":{"rendered":"Airsoft ase SA-F02 FLEX (Specna Arms)"},"content":{"rendered":"<p><img loading=\"lazy\" decoding=\"async\" class=\"alignnone size-full wp-image-100516\" src=\"https:\/\/kingarms.ee\/wp-content\/uploads\/2024\/03\/661bf34350f9c2af953f89cebf51cfd0a3297b0d_1152231751_1.webp\" alt=\"\" width=\"2000\" height=\"1333\" srcset=\"https:\/\/kingarms.ee\/wp-content\/uploads\/2024\/03\/661bf34350f9c2af953f89cebf51cfd0a3297b0d_1152231751_1.webp 2000w, https:\/\/kingarms.ee\/wp-content\/uploads\/2024\/03\/661bf34350f9c2af953f89cebf51cfd0a3297b0d_1152231751_1-300x200.webp 300w, https:\/\/kingarms.ee\/wp-content\/uploads\/2024\/03\/661bf34350f9c2af953f89cebf51cfd0a3297b0d_1152231751_1-1024x682.webp 1024w, https:\/\/kingarms.ee\/wp-content\/uploads\/2024\/03\/661bf34350f9c2af953f89cebf51cfd0a3297b0d_1152231751_1-768x512.webp 768w, https:\/\/kingarms.ee\/wp-content\/uploads\/2024\/03\/661bf34350f9c2af953f89cebf51cfd0a3297b0d_1152231751_1-1536x1024.webp 1536w, https:\/\/kingarms.ee\/wp-content\/uploads\/2024\/03\/661bf34350f9c2af953f89cebf51cfd0a3297b0d_1152231751_1-500x333.webp 500w, https:\/\/kingarms.ee\/wp-content\/uploads\/2024\/03\/661bf34350f9c2af953f89cebf51cfd0a3297b0d_1152231751_1-150x100.webp 150w\" sizes=\"auto, (max-width: 2000px) 100vw, 2000px\" \/><\/p>\n","protected":false},"excerpt":{"rendered":"<p>Valmistaja Specna Arms<br \/>\nNopeus [FPS] 370<br \/>\nVaihteistoversio Gearbox v2<br \/>\nLaukaisutapa Puoliautomaattinen<br \/>\nLaakerien halkaisija GB [mm] 8<br \/>\nSis\u00e4putken pituus [mm] 275<br \/>\nOrjan \u00e4\u00e4nenvoimakkuus [tk] 300<br \/>\nHop-Up Kyll\u00e4<br \/>\nParisto mukana: EI<br \/>\nKierretyyppi 14mm CCW<br \/>\nJousen pikavaihtoj\u00e4rjestelm\u00e4 Kyll\u00e4<br \/>\nTulppa Tyyppi Tamiya pieni<br \/>\nV\u00e4ri musta<br \/>\nTuotteen paino [g] 2280<br \/>\nMateriaali Muovi<br \/>\nV\u00e4himm\u00e4ispituus [mm] 720<br \/>\nTuotteen pituus [cm] 81<br \/>\nMOSFET\/ETU: EI<br \/>\nSpecna relvaliin FLEX\u2122<br \/>\nVirtal\u00e4hde S\u00e4hk\u00f6<\/p>\n","protected":false},"featured_media":100518,"template":"","meta":{"_acf_changed":false},"product_brand":[],"product_cat":[251],"product_tag":[],"class_list":{"0":"post-100535","1":"product","2":"type-product","3":"status-publish","4":"has-post-thumbnail","6":"product_cat-sahkoaseet","8":"first","9":"onbackorder","10":"taxable","11":"shipping-taxable","12":"product-type-simple"},"acf":[],"_links":{"self":[{"href":"https:\/\/kingarms.ee\/fi\/wp-json\/wp\/v2\/product\/100535","targetHints":{"allow":["GET"]}}],"collection":[{"href":"https:\/\/kingarms.ee\/fi\/wp-json\/wp\/v2\/product"}],"about":[{"href":"https:\/\/kingarms.ee\/fi\/wp-json\/wp\/v2\/types\/product"}],"wp:featuredmedia":[{"embeddable":true,"href":"https:\/\/kingarms.ee\/fi\/wp-json\/wp\/v2\/media\/100518"}],"wp:attachment":[{"href":"https:\/\/kingarms.ee\/fi\/wp-json\/wp\/v2\/media?parent=100535"}],"wp:term":[{"taxonomy":"product_brand","embeddable":true,"href":"https:\/\/kingarms.ee\/fi\/wp-json\/wp\/v2\/product_brand?post=100535"},{"taxonomy":"product_cat","embeddable":true,"href":"https:\/\/kingarms.ee\/fi\/wp-json\/wp\/v2\/product_cat?post=100535"},{"taxonomy":"product_tag","embeddable":true,"href":"https:\/\/kingarms.ee\/fi\/wp-json\/wp\/v2\/product_tag?post=100535"}],"curies":[{"name":"wp","href":"https:\/\/api.w.org\/{rel}","templated":true}]}}