{"id":100646,"date":"2024-03-13T20:08:34","date_gmt":"2024-03-13T17:10:37","guid":{"rendered":"https:\/\/kingarms.ee\/product\/relvalamp-laserseries-js-tactical\/"},"modified":"2024-08-06T10:44:39","modified_gmt":"2024-08-06T07:44:39","slug":"relvalamp-lasersihik-js-tactical","status":"publish","type":"product","link":"https:\/\/kingarms.ee\/fi\/product\/relvalamp-lasersihik-js-tactical\/","title":{"rendered":"Relvalamp\/laserseries (Js-tactical)"},"content":{"rendered":"<p><img loading=\"lazy\" decoding=\"async\" class=\"alignnone size-full wp-image-100629\" src=\"https:\/\/kingarms.ee\/wp-content\/uploads\/2024\/03\/js-tactical-led-flashlight-and-red-laser-js-gj25r.jpg\" alt=\"\" width=\"1000\" height=\"1000\" srcset=\"https:\/\/kingarms.ee\/wp-content\/uploads\/2024\/03\/js-tactical-led-flashlight-and-red-laser-js-gj25r.jpg 1000w, https:\/\/kingarms.ee\/wp-content\/uploads\/2024\/03\/js-tactical-led-flashlight-and-red-laser-js-gj25r-300x300.jpg 300w, https:\/\/kingarms.ee\/wp-content\/uploads\/2024\/03\/js-tactical-led-flashlight-and-red-laser-js-gj25r-150x150.jpg 150w, https:\/\/kingarms.ee\/wp-content\/uploads\/2024\/03\/js-tactical-led-flashlight-and-red-laser-js-gj25r-768x768.jpg 768w, https:\/\/kingarms.ee\/wp-content\/uploads\/2024\/03\/js-tactical-led-flashlight-and-red-laser-js-gj25r-500x500.jpg 500w\" sizes=\"auto, (max-width: 1000px) 100vw, 1000px\" \/><\/p>\n","protected":false},"excerpt":{"rendered":"<p>LED-ty\u00f6valo 140 lumenia<br \/>\nPUNAINEN LASER<br \/>\nTOIMINNOT VOIDAAN AKTIVOIDA ERIKSEEN TAI SAMANAIKAISESTI<br \/>\nS\u00c4\u00c4DETT\u00c4V\u00c4 OIKEALLE\/VASEMMALLE JA KORKEUS<br \/>\nVAKIOVALIKOIMAINEN PASSPRAY 20mm RIVI\u00c4 varten<br \/>\nINTEGROITU 3,7V x 600mAH ladattava akku<br \/>\nKAASAS USB-latauskaapeli<br \/>\nMITAT 53mm x 30mm x 30mm x 30mm<br \/>\nKAAL 70g<br \/>\nMUSTA V\u00c4RI<\/p>\n","protected":false},"featured_media":100631,"template":"","meta":{"_acf_changed":false},"product_brand":[],"product_cat":[252,649,736],"product_tag":[],"class_list":{"0":"post-100646","1":"product","2":"type-product","3":"status-publish","4":"has-post-thumbnail","6":"product_cat-kaasutoimiset-aseet","7":"product_cat-ottelut","8":"product_cat-airsoft-taskulamput","10":"first","11":"instock","12":"taxable","13":"shipping-taxable","14":"purchasable","15":"product-type-simple"},"acf":[],"_links":{"self":[{"href":"https:\/\/kingarms.ee\/fi\/wp-json\/wp\/v2\/product\/100646","targetHints":{"allow":["GET"]}}],"collection":[{"href":"https:\/\/kingarms.ee\/fi\/wp-json\/wp\/v2\/product"}],"about":[{"href":"https:\/\/kingarms.ee\/fi\/wp-json\/wp\/v2\/types\/product"}],"wp:featuredmedia":[{"embeddable":true,"href":"https:\/\/kingarms.ee\/fi\/wp-json\/wp\/v2\/media\/100631"}],"wp:attachment":[{"href":"https:\/\/kingarms.ee\/fi\/wp-json\/wp\/v2\/media?parent=100646"}],"wp:term":[{"taxonomy":"product_brand","embeddable":true,"href":"https:\/\/kingarms.ee\/fi\/wp-json\/wp\/v2\/product_brand?post=100646"},{"taxonomy":"product_cat","embeddable":true,"href":"https:\/\/kingarms.ee\/fi\/wp-json\/wp\/v2\/product_cat?post=100646"},{"taxonomy":"product_tag","embeddable":true,"href":"https:\/\/kingarms.ee\/fi\/wp-json\/wp\/v2\/product_tag?post=100646"}],"curies":[{"name":"wp","href":"https:\/\/api.w.org\/{rel}","templated":true}]}}