{"id":100658,"date":"2024-03-13T20:15:19","date_gmt":"2024-03-13T17:15:19","guid":{"rendered":"https:\/\/kingarms.ee\/product\/punapistekivaarin-tahtain-laserilla-js-tactical\/"},"modified":"2024-08-06T10:43:56","modified_gmt":"2024-08-06T07:43:56","slug":"red-tip-shiik-koos-laser-js-tactical","status":"publish","type":"product","link":"https:\/\/kingarms.ee\/fi\/product\/red-tip-shiik-koos-laser-js-tactical\/","title":{"rendered":"Punapistekiv\u00e4\u00e4rin t\u00e4ht\u00e4in laserilla (Js-tactical)"},"content":{"rendered":"<p><img loading=\"lazy\" decoding=\"async\" class=\"alignnone size-full wp-image-100649\" src=\"https:\/\/kingarms.ee\/wp-content\/uploads\/2024\/03\/js-tactical-multi-reticle-red-dot-with-red-laser-black-js-hd101.jpg\" alt=\"\" width=\"1000\" height=\"1000\" srcset=\"https:\/\/kingarms.ee\/wp-content\/uploads\/2024\/03\/js-tactical-multi-reticle-red-dot-with-red-laser-black-js-hd101.jpg 1000w, https:\/\/kingarms.ee\/wp-content\/uploads\/2024\/03\/js-tactical-multi-reticle-red-dot-with-red-laser-black-js-hd101-300x300.jpg 300w, https:\/\/kingarms.ee\/wp-content\/uploads\/2024\/03\/js-tactical-multi-reticle-red-dot-with-red-laser-black-js-hd101-150x150.jpg 150w, https:\/\/kingarms.ee\/wp-content\/uploads\/2024\/03\/js-tactical-multi-reticle-red-dot-with-red-laser-black-js-hd101-768x768.jpg 768w, https:\/\/kingarms.ee\/wp-content\/uploads\/2024\/03\/js-tactical-multi-reticle-red-dot-with-red-laser-black-js-hd101-500x500.jpg 500w\" sizes=\"auto, (max-width: 1000px) 100vw, 1000px\" \/><\/p>\n","protected":false},"excerpt":{"rendered":"<p>PUNAINEN PISTE<br \/>\nALUMIINIRAKENNE<br \/>\n4 MONIPUOLISTA KUVIOTA<br \/>\nPUNAINEN TAI VIHRE\u00c4 VALO S\u00c4\u00c4DETT\u00c4V\u00c4LL\u00c4 KIRKKAUDELLA<br \/>\nPUNAINEN LASER<br \/>\nVAKIO 20 mm RIVIEN osalta<br \/>\nS\u00c4\u00c4DETT\u00c4VISS\u00c4 OIKEALLE\/VASEMMALLE JA KORKEUS SEK\u00c4 PUNAINEN PISTE JA LASER P\u00c4\u00c4LL\u00c4<br \/>\nMUKANA LUODINSUOJA<br \/>\nPITUUS 90mm<br \/>\nCAL 155g<br \/>\nMUKANA ASENNUSOPAS<br \/>\nVIRTAA 1x CR2032 BULK BATTERI JA 1x LASER (LIS\u00c4TIETOJA SIS\u00c4LT\u00c4V\u00c4T).<\/p>\n","protected":false},"featured_media":100651,"template":"","meta":{"_acf_changed":false},"product_brand":[],"product_cat":[649],"product_tag":[],"class_list":{"0":"post-100658","1":"product","2":"type-product","3":"status-publish","4":"has-post-thumbnail","6":"product_cat-ottelut","8":"first","9":"instock","10":"taxable","11":"shipping-taxable","12":"purchasable","13":"product-type-simple"},"acf":[],"_links":{"self":[{"href":"https:\/\/kingarms.ee\/fi\/wp-json\/wp\/v2\/product\/100658","targetHints":{"allow":["GET"]}}],"collection":[{"href":"https:\/\/kingarms.ee\/fi\/wp-json\/wp\/v2\/product"}],"about":[{"href":"https:\/\/kingarms.ee\/fi\/wp-json\/wp\/v2\/types\/product"}],"wp:featuredmedia":[{"embeddable":true,"href":"https:\/\/kingarms.ee\/fi\/wp-json\/wp\/v2\/media\/100651"}],"wp:attachment":[{"href":"https:\/\/kingarms.ee\/fi\/wp-json\/wp\/v2\/media?parent=100658"}],"wp:term":[{"taxonomy":"product_brand","embeddable":true,"href":"https:\/\/kingarms.ee\/fi\/wp-json\/wp\/v2\/product_brand?post=100658"},{"taxonomy":"product_cat","embeddable":true,"href":"https:\/\/kingarms.ee\/fi\/wp-json\/wp\/v2\/product_cat?post=100658"},{"taxonomy":"product_tag","embeddable":true,"href":"https:\/\/kingarms.ee\/fi\/wp-json\/wp\/v2\/product_tag?post=100658"}],"curies":[{"name":"wp","href":"https:\/\/api.w.org\/{rel}","templated":true}]}}