{"id":100667,"date":"2024-03-14T12:27:52","date_gmt":"2024-03-14T09:28:26","guid":{"rendered":"https:\/\/kingarms.ee\/product\/passiiviset-kuulokkeet-remington-21db\/"},"modified":"2024-08-06T10:43:13","modified_gmt":"2024-08-06T07:43:13","slug":"passiiviset-kortit-remington-21db","status":"publish","type":"product","link":"https:\/\/kingarms.ee\/fi\/product\/passiiviset-kortit-remington-21db\/","title":{"rendered":"Passiiviset kuulokkeet (Remington 21db)"},"content":{"rendered":"<p><img loading=\"lazy\" decoding=\"async\" class=\"alignnone size-full wp-image-100662\" src=\"https:\/\/kingarms.ee\/wp-content\/uploads\/2024\/03\/15870_naushniki-remington-nrr-21db-passi.jpg\" alt=\"\" width=\"600\" height=\"500\" srcset=\"https:\/\/kingarms.ee\/wp-content\/uploads\/2024\/03\/15870_naushniki-remington-nrr-21db-passi.jpg 600w, https:\/\/kingarms.ee\/wp-content\/uploads\/2024\/03\/15870_naushniki-remington-nrr-21db-passi-300x250.jpg 300w, https:\/\/kingarms.ee\/wp-content\/uploads\/2024\/03\/15870_naushniki-remington-nrr-21db-passi-500x417.jpg 500w, https:\/\/kingarms.ee\/wp-content\/uploads\/2024\/03\/15870_naushniki-remington-nrr-21db-passi-150x125.jpg 150w\" sizes=\"auto, (max-width: 600px) 100vw, 600px\" \/><\/p>\n","protected":false},"excerpt":{"rendered":"<p>Jokainen mets\u00e4st\u00e4j\u00e4 ja ampuja tiet\u00e4\u00e4, ett\u00e4 ampuma-aseella ampuminen on kuulolle melko haitallista toimintaa. Kuka tahansa voi helposti menett\u00e4\u00e4 kuulonsa laukauksen seurauksena, jos h\u00e4n ei ole valmistautunut asianmukaisesti.<\/p>\n<p>T\u00e4llaisen &#8221;ilon&#8221; v\u00e4ltt\u00e4miseksi Remington esittelee oman versionsa passiivisista kuulokkeista. Sis\u00e4\u00e4nrakennetut korvatulpat v\u00e4hent\u00e4v\u00e4t ulkoisten \u00e4\u00e4nien voimakkuutta noin 20 dB. Pehmustettu niskatuki on helppo taittaa pieneen pussiin kuljetusta varten.<\/p>\n","protected":false},"featured_media":100664,"template":"","meta":{"_acf_changed":false},"product_brand":[],"product_cat":[781],"product_tag":[],"class_list":{"0":"post-100667","1":"product","2":"type-product","3":"status-publish","4":"has-post-thumbnail","6":"product_cat-passiiviset-kuulokkeet","8":"first","9":"instock","10":"taxable","11":"shipping-taxable","12":"purchasable","13":"product-type-simple"},"acf":[],"_links":{"self":[{"href":"https:\/\/kingarms.ee\/fi\/wp-json\/wp\/v2\/product\/100667","targetHints":{"allow":["GET"]}}],"collection":[{"href":"https:\/\/kingarms.ee\/fi\/wp-json\/wp\/v2\/product"}],"about":[{"href":"https:\/\/kingarms.ee\/fi\/wp-json\/wp\/v2\/types\/product"}],"wp:featuredmedia":[{"embeddable":true,"href":"https:\/\/kingarms.ee\/fi\/wp-json\/wp\/v2\/media\/100664"}],"wp:attachment":[{"href":"https:\/\/kingarms.ee\/fi\/wp-json\/wp\/v2\/media?parent=100667"}],"wp:term":[{"taxonomy":"product_brand","embeddable":true,"href":"https:\/\/kingarms.ee\/fi\/wp-json\/wp\/v2\/product_brand?post=100667"},{"taxonomy":"product_cat","embeddable":true,"href":"https:\/\/kingarms.ee\/fi\/wp-json\/wp\/v2\/product_cat?post=100667"},{"taxonomy":"product_tag","embeddable":true,"href":"https:\/\/kingarms.ee\/fi\/wp-json\/wp\/v2\/product_tag?post=100667"}],"curies":[{"name":"wp","href":"https:\/\/api.w.org\/{rel}","templated":true}]}}