{"id":100677,"date":"2024-03-14T12:35:52","date_gmt":"2024-03-14T09:36:45","guid":{"rendered":"https:\/\/kingarms.ee\/product\/uvex-x-fit-korvatulpat-pari-limenkeltainen\/"},"modified":"2024-08-06T10:42:30","modified_gmt":"2024-08-06T07:42:30","slug":"uvex-x-fit-korvatropidi-pariliima-keltainen","status":"publish","type":"product","link":"https:\/\/kingarms.ee\/fi\/product\/uvex-x-fit-korvatropidi-pariliima-keltainen\/","title":{"rendered":"Uvex X-fit korvatulpat (pari), limenkeltainen"},"content":{"rendered":"<p><img loading=\"lazy\" decoding=\"async\" class=\"alignnone size-full wp-image-100670\" src=\"https:\/\/kingarms.ee\/wp-content\/uploads\/2024\/03\/uvex-x-fit-korvatropid-paar-laimikollane.jpg\" alt=\"\" width=\"800\" height=\"800\" srcset=\"https:\/\/kingarms.ee\/wp-content\/uploads\/2024\/03\/uvex-x-fit-korvatropid-paar-laimikollane.jpg 800w, https:\/\/kingarms.ee\/wp-content\/uploads\/2024\/03\/uvex-x-fit-korvatropid-paar-laimikollane-300x300.jpg 300w, https:\/\/kingarms.ee\/wp-content\/uploads\/2024\/03\/uvex-x-fit-korvatropid-paar-laimikollane-150x150.jpg 150w, https:\/\/kingarms.ee\/wp-content\/uploads\/2024\/03\/uvex-x-fit-korvatropid-paar-laimikollane-768x768.jpg 768w, https:\/\/kingarms.ee\/wp-content\/uploads\/2024\/03\/uvex-x-fit-korvatropid-paar-laimikollane-500x500.jpg 500w\" sizes=\"auto, (max-width: 800px) 100vw, 800px\" \/><\/p>\n","protected":false},"excerpt":{"rendered":"<p>SNR: 37dB<br \/>\nYleiset ominaisuudet<br \/>\nergonomisesti valmiiksi suunnitellut kertak\u00e4ytt\u00f6iset korvatulpat<br \/>\nv\u00e4ri: lime<br \/>\njohdoton versio<\/p>\n<p>Suojausominaisuudet<\/p>\n<p>on standardin EN 352-2 ja lis\u00e4vaatimusten &#8221;Signaalien kuuleminen rautateiden p\u00e4\u00e4llysrakenteessa&#8221; (S) ja &#8221;Signaalien kuuleminen tieliikenteess\u00e4&#8221; mukainen. (V), &#8221;Varoitussignaalin kuuleminen, yleinen&#8221;. (W) ja &#8221;veturinkuljettajien veturille antamat merkit&#8221; (E).<\/p>\n<p>37 desibeli\u00e4 eristyst\u00e4 &#8211; H: 36 dB, M: 34 dB, L: 34 dB.<br \/>\nsoveltuu k\u00e4ytett\u00e4v\u00e4ksi erityisen meluisissa ymp\u00e4rist\u00f6iss\u00e4<\/p>\n<p>Mukavuusominaisuudet<\/p>\n<p>patentoitu x-grip-tekniikka v\u00e4hent\u00e4\u00e4 kosketuspainetta korvak\u00e4yt\u00e4v\u00e4ss\u00e4 ja helpottaa huomattavasti korvatulpan poistamista.<\/p>\n","protected":false},"featured_media":100672,"template":"","meta":{"_acf_changed":false},"product_brand":[],"product_cat":[781],"product_tag":[],"class_list":{"0":"post-100677","1":"product","2":"type-product","3":"status-publish","4":"has-post-thumbnail","6":"product_cat-passiiviset-kuulokkeet","8":"first","9":"instock","10":"taxable","11":"shipping-taxable","12":"purchasable","13":"product-type-simple"},"acf":[],"_links":{"self":[{"href":"https:\/\/kingarms.ee\/fi\/wp-json\/wp\/v2\/product\/100677","targetHints":{"allow":["GET"]}}],"collection":[{"href":"https:\/\/kingarms.ee\/fi\/wp-json\/wp\/v2\/product"}],"about":[{"href":"https:\/\/kingarms.ee\/fi\/wp-json\/wp\/v2\/types\/product"}],"wp:featuredmedia":[{"embeddable":true,"href":"https:\/\/kingarms.ee\/fi\/wp-json\/wp\/v2\/media\/100672"}],"wp:attachment":[{"href":"https:\/\/kingarms.ee\/fi\/wp-json\/wp\/v2\/media?parent=100677"}],"wp:term":[{"taxonomy":"product_brand","embeddable":true,"href":"https:\/\/kingarms.ee\/fi\/wp-json\/wp\/v2\/product_brand?post=100677"},{"taxonomy":"product_cat","embeddable":true,"href":"https:\/\/kingarms.ee\/fi\/wp-json\/wp\/v2\/product_cat?post=100677"},{"taxonomy":"product_tag","embeddable":true,"href":"https:\/\/kingarms.ee\/fi\/wp-json\/wp\/v2\/product_tag?post=100677"}],"curies":[{"name":"wp","href":"https:\/\/api.w.org\/{rel}","templated":true}]}}