{"id":100684,"date":"2024-03-14T12:39:46","date_gmt":"2024-03-14T09:40:16","guid":{"rendered":"https:\/\/kingarms.ee\/product\/uvex-korvatulpat-pari-taivaansininen\/"},"modified":"2024-08-06T10:41:48","modified_gmt":"2024-08-06T07:41:48","slug":"uvex-ear-drops-glasses-pair-of-glasses","status":"publish","type":"product","link":"https:\/\/kingarms.ee\/fi\/product\/uvex-ear-drops-glasses-pair-of-glasses\/","title":{"rendered":"Uvex korvatulpat (pari), taivaansininen"},"content":{"rendered":"<p><img loading=\"lazy\" decoding=\"async\" class=\"alignnone size-full wp-image-100679\" src=\"https:\/\/kingarms.ee\/wp-content\/uploads\/2024\/03\/uvex-korvatropid-paar-taevasinised.jpg\" alt=\"\" width=\"800\" height=\"800\" srcset=\"https:\/\/kingarms.ee\/wp-content\/uploads\/2024\/03\/uvex-korvatropid-paar-taevasinised.jpg 800w, https:\/\/kingarms.ee\/wp-content\/uploads\/2024\/03\/uvex-korvatropid-paar-taevasinised-300x300.jpg 300w, https:\/\/kingarms.ee\/wp-content\/uploads\/2024\/03\/uvex-korvatropid-paar-taevasinised-150x150.jpg 150w, https:\/\/kingarms.ee\/wp-content\/uploads\/2024\/03\/uvex-korvatropid-paar-taevasinised-768x768.jpg 768w, https:\/\/kingarms.ee\/wp-content\/uploads\/2024\/03\/uvex-korvatropid-paar-taevasinised-500x500.jpg 500w\" sizes=\"auto, (max-width: 800px) 100vw, 800px\" \/><\/p>\n","protected":false},"excerpt":{"rendered":"<p>SNR: 31dB<br \/>\nYleiset ominaisuudet<br \/>\nergonomisesti valmiiksi suunnitellut kertak\u00e4ytt\u00f6iset korvatulpat<br \/>\nv\u00e4ri: taivaansininen<br \/>\njohdoton versio<\/p>\n<p>Suojausominaisuudet<\/p>\n<p>on standardin EN 352-2 ja lis\u00e4vaatimusten &#8221;Signal Hearing in Railway Track Superstructure&#8221; (S) ja &#8221;Signal Hearing in Road Traffic&#8221; mukainen. (V), &#8221;Varoitussignaalin kuuleminen, yleinen&#8221;. (W) ja &#8221;veturinkuljettajien veturille antamat merkit&#8221; (E).<\/p>\n<p>31 desibelin eristys &#8211; H: 30 dB, M: 29 dB, M: 29 dB, L: 29 dB.<br \/>\nsoveltuu k\u00e4ytett\u00e4v\u00e4ksi erityisen meluisissa ymp\u00e4rist\u00f6iss\u00e4<\/p>\n<p>Mukavuusominaisuudet<\/p>\n<p>patentoitu x-grip-tekniikka v\u00e4hent\u00e4\u00e4 kosketuspainetta korvak\u00e4yt\u00e4v\u00e4ss\u00e4 ja helpottaa huomattavasti korvatulpan poistamista.<\/p>\n","protected":false},"featured_media":100681,"template":"","meta":{"_acf_changed":false},"product_brand":[],"product_cat":[781],"product_tag":[],"class_list":{"0":"post-100684","1":"product","2":"type-product","3":"status-publish","4":"has-post-thumbnail","6":"product_cat-passiiviset-kuulokkeet","8":"first","9":"instock","10":"taxable","11":"shipping-taxable","12":"purchasable","13":"product-type-simple"},"acf":[],"_links":{"self":[{"href":"https:\/\/kingarms.ee\/fi\/wp-json\/wp\/v2\/product\/100684","targetHints":{"allow":["GET"]}}],"collection":[{"href":"https:\/\/kingarms.ee\/fi\/wp-json\/wp\/v2\/product"}],"about":[{"href":"https:\/\/kingarms.ee\/fi\/wp-json\/wp\/v2\/types\/product"}],"wp:featuredmedia":[{"embeddable":true,"href":"https:\/\/kingarms.ee\/fi\/wp-json\/wp\/v2\/media\/100681"}],"wp:attachment":[{"href":"https:\/\/kingarms.ee\/fi\/wp-json\/wp\/v2\/media?parent=100684"}],"wp:term":[{"taxonomy":"product_brand","embeddable":true,"href":"https:\/\/kingarms.ee\/fi\/wp-json\/wp\/v2\/product_brand?post=100684"},{"taxonomy":"product_cat","embeddable":true,"href":"https:\/\/kingarms.ee\/fi\/wp-json\/wp\/v2\/product_cat?post=100684"},{"taxonomy":"product_tag","embeddable":true,"href":"https:\/\/kingarms.ee\/fi\/wp-json\/wp\/v2\/product_tag?post=100684"}],"curies":[{"name":"wp","href":"https:\/\/api.w.org\/{rel}","templated":true}]}}