{"id":100692,"date":"2024-03-14T12:43:41","date_gmt":"2024-03-14T09:45:15","guid":{"rendered":"https:\/\/kingarms.ee\/product\/uvex-anti-fog-huurtumisenestopyyhkeet\/"},"modified":"2024-08-06T10:41:05","modified_gmt":"2024-08-06T07:41:05","slug":"uvex-anti-fog-anti-fog-pyyhkeet","status":"publish","type":"product","link":"https:\/\/kingarms.ee\/fi\/product\/uvex-anti-fog-anti-fog-pyyhkeet\/","title":{"rendered":"Uvex Anti fog huurtumisenestopyyhkeet"},"content":{"rendered":"<p><img loading=\"lazy\" decoding=\"async\" class=\"alignnone size-full wp-image-100687\" src=\"https:\/\/kingarms.ee\/wp-content\/uploads\/2024\/03\/uvex-anti-fog-uduvastane-puhastuslapp.jpg\" alt=\"\" width=\"800\" height=\"800\" srcset=\"https:\/\/kingarms.ee\/wp-content\/uploads\/2024\/03\/uvex-anti-fog-uduvastane-puhastuslapp.jpg 800w, https:\/\/kingarms.ee\/wp-content\/uploads\/2024\/03\/uvex-anti-fog-uduvastane-puhastuslapp-300x300.jpg 300w, https:\/\/kingarms.ee\/wp-content\/uploads\/2024\/03\/uvex-anti-fog-uduvastane-puhastuslapp-150x150.jpg 150w, https:\/\/kingarms.ee\/wp-content\/uploads\/2024\/03\/uvex-anti-fog-uduvastane-puhastuslapp-768x768.jpg 768w, https:\/\/kingarms.ee\/wp-content\/uploads\/2024\/03\/uvex-anti-fog-uduvastane-puhastuslapp-500x500.jpg 500w\" sizes=\"auto, (max-width: 800px) 100vw, 800px\" \/><\/p>\n","protected":false},"excerpt":{"rendered":"<p>Huurtumisenestoliina voidaan k\u00e4ytt\u00e4\u00e4 uudelleen jopa 60 kertaa lasin koosta riippuen.<\/p>\n<p>Parhaan tuloksen ja pitk\u00e4kestoisen vaikutuksen saavuttamiseksi suosittelemme k\u00e4ytt\u00f6ohjeiden noudattamista:<\/p>\n<p>Puhdista lasit k\u00e4sin ennen<\/p>\n<p>&#8211; Pyyhi lasin molemmat puolet huurteenestoliinalla 5-10 ympyr\u00e4nmuotoisella vedolla (pyyhkim\u00e4ll\u00e4 pintaa huurteenestoliinalla levitet\u00e4\u00e4n ohut kerros huurtumisen est\u00e4miseksi).<\/p>\n<p>Jos pinnoite poistetaan silm\u00e4lasien puhdistamisen yhteydess\u00e4, se on levitett\u00e4v\u00e4 uudelleen).<\/p>\n<p>&#8211; S\u00e4ilyt\u00e4 sumukangas k\u00e4yt\u00f6n j\u00e4lkeen mukana toimitetussa pussissa.<\/p>\n<p>&#8211; \u00c4l\u00e4 pese sumutusliinaa<\/p>\n","protected":false},"featured_media":100689,"template":"","meta":{"_acf_changed":false},"product_brand":[],"product_cat":[635,636],"product_tag":[],"class_list":{"0":"post-100692","1":"product","2":"type-product","3":"status-publish","4":"has-post-thumbnail","6":"product_cat-airsoft-silmalasit","7":"product_cat-ballistiset-silmalasit","9":"first","10":"instock","11":"taxable","12":"shipping-taxable","13":"purchasable","14":"product-type-simple"},"acf":[],"_links":{"self":[{"href":"https:\/\/kingarms.ee\/fi\/wp-json\/wp\/v2\/product\/100692","targetHints":{"allow":["GET"]}}],"collection":[{"href":"https:\/\/kingarms.ee\/fi\/wp-json\/wp\/v2\/product"}],"about":[{"href":"https:\/\/kingarms.ee\/fi\/wp-json\/wp\/v2\/types\/product"}],"wp:featuredmedia":[{"embeddable":true,"href":"https:\/\/kingarms.ee\/fi\/wp-json\/wp\/v2\/media\/100689"}],"wp:attachment":[{"href":"https:\/\/kingarms.ee\/fi\/wp-json\/wp\/v2\/media?parent=100692"}],"wp:term":[{"taxonomy":"product_brand","embeddable":true,"href":"https:\/\/kingarms.ee\/fi\/wp-json\/wp\/v2\/product_brand?post=100692"},{"taxonomy":"product_cat","embeddable":true,"href":"https:\/\/kingarms.ee\/fi\/wp-json\/wp\/v2\/product_cat?post=100692"},{"taxonomy":"product_tag","embeddable":true,"href":"https:\/\/kingarms.ee\/fi\/wp-json\/wp\/v2\/product_tag?post=100692"}],"curies":[{"name":"wp","href":"https:\/\/api.w.org\/{rel}","templated":true}]}}