{"id":100708,"date":"2024-03-14T12:51:50","date_gmt":"2024-03-14T09:53:17","guid":{"rendered":"https:\/\/kingarms.ee\/product\/ilma-ase-elite-force-umarex\/"},"modified":"2024-08-06T10:40:22","modified_gmt":"2024-08-06T07:40:22","slug":"ilma-ase-elite-force-umarex","status":"publish","type":"product","link":"https:\/\/kingarms.ee\/fi\/product\/ilma-ase-elite-force-umarex\/","title":{"rendered":"Ilma-ase Elite Force (Umarex)"},"content":{"rendered":"<p><img loading=\"lazy\" decoding=\"async\" class=\"alignnone size-full wp-image-100695\" src=\"https:\/\/kingarms.ee\/wp-content\/uploads\/2024\/03\/6054_1_.jpg.webp\" alt=\"\" width=\"1920\" height=\"1080\" srcset=\"https:\/\/kingarms.ee\/wp-content\/uploads\/2024\/03\/6054_1_.jpg.webp 1920w, https:\/\/kingarms.ee\/wp-content\/uploads\/2024\/03\/6054_1_.jpg-300x169.webp 300w, https:\/\/kingarms.ee\/wp-content\/uploads\/2024\/03\/6054_1_.jpg-1024x576.webp 1024w, https:\/\/kingarms.ee\/wp-content\/uploads\/2024\/03\/6054_1_.jpg-768x432.webp 768w, https:\/\/kingarms.ee\/wp-content\/uploads\/2024\/03\/6054_1_.jpg-1536x864.webp 1536w, https:\/\/kingarms.ee\/wp-content\/uploads\/2024\/03\/6054_1_.jpg-500x281.webp 500w, https:\/\/kingarms.ee\/wp-content\/uploads\/2024\/03\/6054_1_.jpg-150x84.webp 150w\" sizes=\"auto, (max-width: 1920px) 100vw, 1920px\" \/><\/p>\n","protected":false},"excerpt":{"rendered":"<p>Urheiluammunnassa arvostetuimmat kilpailut ovat kansainv\u00e4lisen k\u00e4yt\u00e4nn\u00f6n ampumaurheiluliiton (International Practical Shooting Confederation) s\u00e4\u00e4nt\u00f6ihin perustuvia kilpailuja. T\u00e4ss\u00e4 k\u00e4ytetyt aseet eroavat ominaisuuksiltaan ja tekniikaltaan hyvin paljon tavanomaisista aseista.<\/p>\n<p>Valmistaja\/tavaramerkki Umarex<br \/>\nLaskeutumisnopeus 125m\/s<br \/>\nSuositellut luodit 4.5mm<br \/>\nEnergia noin 3 Joulea<br \/>\nPaino (g) 1200<br \/>\nCO2-loukku<br \/>\nBlowback Kyll\u00e4<br \/>\nT\u00e4ysmetallinen materiaali<br \/>\nSalvo, nide 21<br \/>\nAseen pituus 265 mm<br \/>\nPuoliautomaattinen<br \/>\nSis\u00e4putken pituus 160 mm<br \/>\nYksil\u00f6llinen sarjanumero Kyll\u00e4<\/p>\n","protected":false},"featured_media":148332,"template":"","meta":{"_acf_changed":false},"product_brand":[],"product_cat":[672],"product_tag":[],"class_list":{"0":"post-100708","1":"product","2":"type-product","3":"status-publish","4":"has-post-thumbnail","6":"product_cat-pienaseet","8":"first","9":"instock","10":"taxable","11":"shipping-taxable","12":"purchasable","13":"product-type-simple"},"acf":[],"_links":{"self":[{"href":"https:\/\/kingarms.ee\/fi\/wp-json\/wp\/v2\/product\/100708","targetHints":{"allow":["GET"]}}],"collection":[{"href":"https:\/\/kingarms.ee\/fi\/wp-json\/wp\/v2\/product"}],"about":[{"href":"https:\/\/kingarms.ee\/fi\/wp-json\/wp\/v2\/types\/product"}],"wp:featuredmedia":[{"embeddable":true,"href":"https:\/\/kingarms.ee\/fi\/wp-json\/wp\/v2\/media\/148332"}],"wp:attachment":[{"href":"https:\/\/kingarms.ee\/fi\/wp-json\/wp\/v2\/media?parent=100708"}],"wp:term":[{"taxonomy":"product_brand","embeddable":true,"href":"https:\/\/kingarms.ee\/fi\/wp-json\/wp\/v2\/product_brand?post=100708"},{"taxonomy":"product_cat","embeddable":true,"href":"https:\/\/kingarms.ee\/fi\/wp-json\/wp\/v2\/product_cat?post=100708"},{"taxonomy":"product_tag","embeddable":true,"href":"https:\/\/kingarms.ee\/fi\/wp-json\/wp\/v2\/product_tag?post=100708"}],"curies":[{"name":"wp","href":"https:\/\/api.w.org\/{rel}","templated":true}]}}