{"id":100718,"date":"2024-03-14T15:18:14","date_gmt":"2024-03-14T12:19:11","guid":{"rendered":"https:\/\/kingarms.ee\/product\/akkupankki-50-000mah-led\/"},"modified":"2024-08-06T10:39:40","modified_gmt":"2024-08-06T07:39:40","slug":"akupank-50-000mah-led","status":"publish","type":"product","link":"https:\/\/kingarms.ee\/fi\/product\/akupank-50-000mah-led\/","title":{"rendered":"Akkupankki 50 000mAh LED"},"content":{"rendered":"<p><img loading=\"lazy\" decoding=\"async\" class=\"alignnone size-full wp-image-100713\" src=\"https:\/\/kingarms.ee\/wp-content\/uploads\/2024\/03\/Portable-Charger-Power-Bank-External-Battery-Pack-27-000mAh-Capacity-for-Cell-Phones_296fc8df-96f2-4ece-bd19-112ad4a725fb.971b2735af5e564d57a513f98e9cbcf5.webp\" alt=\"\" width=\"768\" height=\"768\" srcset=\"https:\/\/kingarms.ee\/wp-content\/uploads\/2024\/03\/Portable-Charger-Power-Bank-External-Battery-Pack-27-000mAh-Capacity-for-Cell-Phones_296fc8df-96f2-4ece-bd19-112ad4a725fb.971b2735af5e564d57a513f98e9cbcf5.webp 768w, https:\/\/kingarms.ee\/wp-content\/uploads\/2024\/03\/Portable-Charger-Power-Bank-External-Battery-Pack-27-000mAh-Capacity-for-Cell-Phones_296fc8df-96f2-4ece-bd19-112ad4a725fb.971b2735af5e564d57a513f98e9cbcf5-300x300.webp 300w, https:\/\/kingarms.ee\/wp-content\/uploads\/2024\/03\/Portable-Charger-Power-Bank-External-Battery-Pack-27-000mAh-Capacity-for-Cell-Phones_296fc8df-96f2-4ece-bd19-112ad4a725fb.971b2735af5e564d57a513f98e9cbcf5-150x150.webp 150w, https:\/\/kingarms.ee\/wp-content\/uploads\/2024\/03\/Portable-Charger-Power-Bank-External-Battery-Pack-27-000mAh-Capacity-for-Cell-Phones_296fc8df-96f2-4ece-bd19-112ad4a725fb.971b2735af5e564d57a513f98e9cbcf5-500x500.webp 500w\" sizes=\"auto, (max-width: 768px) 100vw, 768px\" \/><\/p>\n","protected":false},"excerpt":{"rendered":"<p>50 000 mAh suurikapasiteettinen kannettava Power Bank -laturi. 50 000 mAh:n eritt\u00e4in suuren kapasiteetin ansiosta kannettava laturi lataa iPhonen 15 kertaa, Samsungin 11 kertaa ja tabletin 5 kertaa. Samalla t\u00e4m\u00e4 akkupankki voi ladata nopeimmillaan 22,5 W:n nopeudella, jolloin puhelimesi latautuu 60 %:iin 30 minuutissa. Kolme pikalataavaa USB A -porttia ja yksi USB C -portti t\u00e4ytt\u00e4v\u00e4t tarpeen ladata useita laitteita samanaikaisesti, joten voit jakaa virtaa yst\u00e4vien kanssa matkalla. Kehittynyt LED-n\u00e4ytt\u00f6 n\u00e4ytt\u00e4\u00e4 j\u00e4ljell\u00e4 olevan virran selke\u00e4mmin kuin ep\u00e4m\u00e4\u00e4r\u00e4inen LED-ilmaisin, ja tied\u00e4t tarkalleen, milloin ulkoinen laturi on ladattava. Kannettavan kokonsa ansiosta se on helppo kuljettaa minne tahansa. Se on k\u00e4tev\u00e4 ja luotettava akkupankki jokap\u00e4iv\u00e4iseen k\u00e4ytt\u00f6\u00f6n.<\/p>\n<p><span style=\"color: #ff0000;\">HUOM! Huomaa, ett\u00e4 kuva on havainnollistava.<\/span><\/p>\n","protected":false},"featured_media":100745,"template":"","meta":{"_acf_changed":false},"product_brand":[],"product_cat":[539],"product_tag":[],"class_list":{"0":"post-100718","1":"product","2":"type-product","3":"status-publish","4":"has-post-thumbnail","6":"product_cat-power-bank-fi","8":"first","9":"instock","10":"taxable","11":"shipping-taxable","12":"purchasable","13":"product-type-simple"},"acf":[],"_links":{"self":[{"href":"https:\/\/kingarms.ee\/fi\/wp-json\/wp\/v2\/product\/100718","targetHints":{"allow":["GET"]}}],"collection":[{"href":"https:\/\/kingarms.ee\/fi\/wp-json\/wp\/v2\/product"}],"about":[{"href":"https:\/\/kingarms.ee\/fi\/wp-json\/wp\/v2\/types\/product"}],"wp:featuredmedia":[{"embeddable":true,"href":"https:\/\/kingarms.ee\/fi\/wp-json\/wp\/v2\/media\/100745"}],"wp:attachment":[{"href":"https:\/\/kingarms.ee\/fi\/wp-json\/wp\/v2\/media?parent=100718"}],"wp:term":[{"taxonomy":"product_brand","embeddable":true,"href":"https:\/\/kingarms.ee\/fi\/wp-json\/wp\/v2\/product_brand?post=100718"},{"taxonomy":"product_cat","embeddable":true,"href":"https:\/\/kingarms.ee\/fi\/wp-json\/wp\/v2\/product_cat?post=100718"},{"taxonomy":"product_tag","embeddable":true,"href":"https:\/\/kingarms.ee\/fi\/wp-json\/wp\/v2\/product_tag?post=100718"}],"curies":[{"name":"wp","href":"https:\/\/api.w.org\/{rel}","templated":true}]}}