{"id":100726,"date":"2024-03-14T15:25:51","date_gmt":"2024-03-14T12:34:43","guid":{"rendered":"https:\/\/kingarms.ee\/product\/akkupankki-5000mah-newtop\/"},"modified":"2024-08-06T10:38:56","modified_gmt":"2024-08-06T07:38:56","slug":"akkupankki-5000mah-newtop","status":"publish","type":"product","link":"https:\/\/kingarms.ee\/fi\/product\/akkupankki-5000mah-newtop\/","title":{"rendered":"Akkupankki 5000mAh (Newtop)"},"content":{"rendered":"<p><img loading=\"lazy\" decoding=\"async\" class=\"alignnone size-full wp-image-100721\" src=\"https:\/\/kingarms.ee\/wp-content\/uploads\/2024\/03\/61T-58n6aeL._AC_SL1500_.jpg\" alt=\"\" width=\"1310\" height=\"1500\" srcset=\"https:\/\/kingarms.ee\/wp-content\/uploads\/2024\/03\/61T-58n6aeL._AC_SL1500_.jpg 1310w, https:\/\/kingarms.ee\/wp-content\/uploads\/2024\/03\/61T-58n6aeL._AC_SL1500_-262x300.jpg 262w, https:\/\/kingarms.ee\/wp-content\/uploads\/2024\/03\/61T-58n6aeL._AC_SL1500_-894x1024.jpg 894w, https:\/\/kingarms.ee\/wp-content\/uploads\/2024\/03\/61T-58n6aeL._AC_SL1500_-768x879.jpg 768w, https:\/\/kingarms.ee\/wp-content\/uploads\/2024\/03\/61T-58n6aeL._AC_SL1500_-500x573.jpg 500w, https:\/\/kingarms.ee\/wp-content\/uploads\/2024\/03\/61T-58n6aeL._AC_SL1500_-150x172.jpg 150w\" sizes=\"auto, (max-width: 1310px) 100vw, 1310px\" \/><\/p>\n","protected":false},"excerpt":{"rendered":"<p>Eritt\u00e4in ohut, vain 0,6 tuuman paksuinen muotoilu tekee siit\u00e4 kompaktin, kannettavan ja k\u00e4tev\u00e4n virtapankin, jossa on joitakin todella mielenkiintoisia ominaisuuksia.<\/p>\n<p>Tekniset tiedot:<\/p>\n<p>Kapasiteetti: 5000mAh DC 5V\/2.1A.<br \/>\nL\u00e4ht\u00f6: 5V, 2USB: 2 x 2.1A<br \/>\nPaino: 100g Koko: 136 x 68 x 15mm<br \/>\nSis\u00e4isen akun latausprosentin ilmaisee nelj\u00e4 LEDi\u00e4: 1 LED on 25 %, 2 50 %, 3 75 % ja 4. 100%. Lataa akkupankki t\u00e4yteen odottamalla, ett\u00e4 4 LED-valoa pysyv\u00e4t latauksen aikana kiintein\u00e4 suuntavilkkujen avulla.<\/p>\n","protected":false},"featured_media":100741,"template":"","meta":{"_acf_changed":false},"product_brand":[],"product_cat":[539],"product_tag":[],"class_list":{"0":"post-100726","1":"product","2":"type-product","3":"status-publish","4":"has-post-thumbnail","6":"product_cat-power-bank-fi","8":"first","9":"instock","10":"taxable","11":"shipping-taxable","12":"purchasable","13":"product-type-simple"},"acf":[],"_links":{"self":[{"href":"https:\/\/kingarms.ee\/fi\/wp-json\/wp\/v2\/product\/100726","targetHints":{"allow":["GET"]}}],"collection":[{"href":"https:\/\/kingarms.ee\/fi\/wp-json\/wp\/v2\/product"}],"about":[{"href":"https:\/\/kingarms.ee\/fi\/wp-json\/wp\/v2\/types\/product"}],"wp:featuredmedia":[{"embeddable":true,"href":"https:\/\/kingarms.ee\/fi\/wp-json\/wp\/v2\/media\/100741"}],"wp:attachment":[{"href":"https:\/\/kingarms.ee\/fi\/wp-json\/wp\/v2\/media?parent=100726"}],"wp:term":[{"taxonomy":"product_brand","embeddable":true,"href":"https:\/\/kingarms.ee\/fi\/wp-json\/wp\/v2\/product_brand?post=100726"},{"taxonomy":"product_cat","embeddable":true,"href":"https:\/\/kingarms.ee\/fi\/wp-json\/wp\/v2\/product_cat?post=100726"},{"taxonomy":"product_tag","embeddable":true,"href":"https:\/\/kingarms.ee\/fi\/wp-json\/wp\/v2\/product_tag?post=100726"}],"curies":[{"name":"wp","href":"https:\/\/api.w.org\/{rel}","templated":true}]}}