{"id":100734,"date":"2024-03-14T15:47:45","date_gmt":"2024-03-14T12:48:23","guid":{"rendered":"https:\/\/kingarms.ee\/product\/akku-60-000-mah\/"},"modified":"2024-08-06T10:38:14","modified_gmt":"2024-08-06T07:38:14","slug":"akku-60-000-mah","status":"publish","type":"product","link":"https:\/\/kingarms.ee\/fi\/product\/akku-60-000-mah\/","title":{"rendered":"Akku 60 000 mAh"},"content":{"rendered":"<p><img loading=\"lazy\" decoding=\"async\" class=\"alignnone size-full wp-image-100729\" src=\"https:\/\/kingarms.ee\/wp-content\/uploads\/2024\/03\/039150.jpg\" alt=\"\" width=\"800\" height=\"800\" srcset=\"https:\/\/kingarms.ee\/wp-content\/uploads\/2024\/03\/039150.jpg 800w, https:\/\/kingarms.ee\/wp-content\/uploads\/2024\/03\/039150-300x300.jpg 300w, https:\/\/kingarms.ee\/wp-content\/uploads\/2024\/03\/039150-150x150.jpg 150w, https:\/\/kingarms.ee\/wp-content\/uploads\/2024\/03\/039150-768x768.jpg 768w, https:\/\/kingarms.ee\/wp-content\/uploads\/2024\/03\/039150-500x500.jpg 500w\" sizes=\"auto, (max-width: 800px) 100vw, 800px\" \/><\/p>\n","protected":false},"excerpt":{"rendered":"<p>Lataa 3 laitetta kerrallaan. Powerbank on varustettu USB-C- ja x2 USB-A-portilla, joten voit ladata 3 laitetta samanaikaisesti. Lis\u00e4ksi 22,5 W:n tehon ansiosta lataat laitteesi hetkess\u00e4 &#8211; noin 30 minuutin kuluttua iPhone 13:n akku on latautunut 65 %:iin. Lis\u00e4ksi 60 000 mAh:n kapasiteetin ansiosta voit ladata iPhone 13:n noin 12 kertaa ja AirPoden jopa 64 kertaa!<\/p>\n<p>Sis\u00e4lt\u00e4\u00e4:<br \/>\nakkupankki<br \/>\nUSB-A- ja USB-C-kaapeli<\/p>\n","protected":false},"featured_media":100749,"template":"","meta":{"_acf_changed":false},"product_brand":[],"product_cat":[539],"product_tag":[],"class_list":{"0":"post-100734","1":"product","2":"type-product","3":"status-publish","4":"has-post-thumbnail","6":"product_cat-power-bank-fi","8":"first","9":"instock","10":"taxable","11":"shipping-taxable","12":"purchasable","13":"product-type-simple"},"acf":[],"_links":{"self":[{"href":"https:\/\/kingarms.ee\/fi\/wp-json\/wp\/v2\/product\/100734","targetHints":{"allow":["GET"]}}],"collection":[{"href":"https:\/\/kingarms.ee\/fi\/wp-json\/wp\/v2\/product"}],"about":[{"href":"https:\/\/kingarms.ee\/fi\/wp-json\/wp\/v2\/types\/product"}],"wp:featuredmedia":[{"embeddable":true,"href":"https:\/\/kingarms.ee\/fi\/wp-json\/wp\/v2\/media\/100749"}],"wp:attachment":[{"href":"https:\/\/kingarms.ee\/fi\/wp-json\/wp\/v2\/media?parent=100734"}],"wp:term":[{"taxonomy":"product_brand","embeddable":true,"href":"https:\/\/kingarms.ee\/fi\/wp-json\/wp\/v2\/product_brand?post=100734"},{"taxonomy":"product_cat","embeddable":true,"href":"https:\/\/kingarms.ee\/fi\/wp-json\/wp\/v2\/product_cat?post=100734"},{"taxonomy":"product_tag","embeddable":true,"href":"https:\/\/kingarms.ee\/fi\/wp-json\/wp\/v2\/product_tag?post=100734"}],"curies":[{"name":"wp","href":"https:\/\/api.w.org\/{rel}","templated":true}]}}