{"id":100764,"date":"2024-03-16T11:22:40","date_gmt":"2024-03-16T08:24:15","guid":{"rendered":"https:\/\/kingarms.ee\/product\/matkasuihku-20-litraa\/"},"modified":"2024-08-06T10:37:32","modified_gmt":"2024-08-06T07:37:32","slug":"20-litrainen-mutterin-jaljitelma","status":"publish","type":"product","link":"https:\/\/kingarms.ee\/fi\/product\/20-litrainen-mutterin-jaljitelma\/","title":{"rendered":"Matkasuihku (20 litraa)"},"content":{"rendered":"<p><img loading=\"lazy\" decoding=\"async\" class=\"alignnone size-full wp-image-100755\" src=\"https:\/\/kingarms.ee\/wp-content\/uploads\/2024\/03\/3ed7420b3ce2ea13db44376df496c451.webp\" alt=\"\" width=\"787\" height=\"743\" srcset=\"https:\/\/kingarms.ee\/wp-content\/uploads\/2024\/03\/3ed7420b3ce2ea13db44376df496c451.webp 787w, https:\/\/kingarms.ee\/wp-content\/uploads\/2024\/03\/3ed7420b3ce2ea13db44376df496c451-300x283.webp 300w, https:\/\/kingarms.ee\/wp-content\/uploads\/2024\/03\/3ed7420b3ce2ea13db44376df496c451-768x725.webp 768w, https:\/\/kingarms.ee\/wp-content\/uploads\/2024\/03\/3ed7420b3ce2ea13db44376df496c451-500x472.webp 500w, https:\/\/kingarms.ee\/wp-content\/uploads\/2024\/03\/3ed7420b3ce2ea13db44376df496c451-150x142.webp 150w\" sizes=\"auto, (max-width: 787px) 100vw, 787px\" \/><\/p>\n","protected":false},"excerpt":{"rendered":"<p>Vahva polyvinyylikloridiputki: 100 % polypropeenia Tilavuus: 20 litraa &#8211; joustavalla putkella, venttiilill\u00e4 ja suihkup\u00e4\u00e4ll\u00e4 &#8211; ripustusnaru n. 2 m.<\/p>\n<p>&nbsp;<\/p>\n","protected":false},"featured_media":100757,"template":"","meta":{"_acf_changed":false},"product_brand":[],"product_cat":[352],"product_tag":[],"class_list":{"0":"post-100764","1":"product","2":"type-product","3":"status-publish","4":"has-post-thumbnail","6":"product_cat-matkatavarat","8":"first","9":"instock","10":"taxable","11":"shipping-taxable","12":"purchasable","13":"product-type-simple"},"acf":[],"_links":{"self":[{"href":"https:\/\/kingarms.ee\/fi\/wp-json\/wp\/v2\/product\/100764","targetHints":{"allow":["GET"]}}],"collection":[{"href":"https:\/\/kingarms.ee\/fi\/wp-json\/wp\/v2\/product"}],"about":[{"href":"https:\/\/kingarms.ee\/fi\/wp-json\/wp\/v2\/types\/product"}],"wp:featuredmedia":[{"embeddable":true,"href":"https:\/\/kingarms.ee\/fi\/wp-json\/wp\/v2\/media\/100757"}],"wp:attachment":[{"href":"https:\/\/kingarms.ee\/fi\/wp-json\/wp\/v2\/media?parent=100764"}],"wp:term":[{"taxonomy":"product_brand","embeddable":true,"href":"https:\/\/kingarms.ee\/fi\/wp-json\/wp\/v2\/product_brand?post=100764"},{"taxonomy":"product_cat","embeddable":true,"href":"https:\/\/kingarms.ee\/fi\/wp-json\/wp\/v2\/product_cat?post=100764"},{"taxonomy":"product_tag","embeddable":true,"href":"https:\/\/kingarms.ee\/fi\/wp-json\/wp\/v2\/product_tag?post=100764"}],"curies":[{"name":"wp","href":"https:\/\/api.w.org\/{rel}","templated":true}]}}