{"id":100788,"date":"2024-03-19T19:22:54","date_gmt":"2024-03-19T16:23:52","guid":{"rendered":"https:\/\/kingarms.ee\/product\/poe-lang-alumiininen-nuoli-14-1-kpl-musta\/"},"modified":"2024-08-06T10:36:50","modified_gmt":"2024-08-06T07:36:50","slug":"poe-long-alumiini-nol-14-1-tk-musta","status":"publish","type":"product","link":"https:\/\/kingarms.ee\/fi\/product\/poe-long-alumiini-nol-14-1-tk-musta\/","title":{"rendered":"Poe Lang alumiininen nuoli 14&#8243; 1 kpl musta"},"content":{"rendered":"<p><img loading=\"lazy\" decoding=\"async\" class=\"alignnone size-full wp-image-100783\" src=\"https:\/\/kingarms.ee\/wp-content\/uploads\/2024\/03\/Belt-Poe-Lang-aluminiowy-14-5-szt-czarny.webp\" alt=\"\" width=\"512\" height=\"512\" srcset=\"https:\/\/kingarms.ee\/wp-content\/uploads\/2024\/03\/Belt-Poe-Lang-aluminiowy-14-5-szt-czarny.webp 512w, https:\/\/kingarms.ee\/wp-content\/uploads\/2024\/03\/Belt-Poe-Lang-aluminiowy-14-5-szt-czarny-300x300.webp 300w, https:\/\/kingarms.ee\/wp-content\/uploads\/2024\/03\/Belt-Poe-Lang-aluminiowy-14-5-szt-czarny-150x150.webp 150w, https:\/\/kingarms.ee\/wp-content\/uploads\/2024\/03\/Belt-Poe-Lang-aluminiowy-14-5-szt-czarny-500x500.webp 500w\" sizes=\"auto, (max-width: 512px) 100vw, 512px\" \/><\/p>\n","protected":false},"excerpt":{"rendered":"<p>Poe Lang alumiininen nuoli 14&#8243; 1 kpl musta<\/p>\n<p>Malli 076-311<br \/>\nValmistaja (Poe Lang Enterprise Co. Ltd., Taiwan)<br \/>\nKappalem\u00e4\u00e4r\u00e4 1 kpl.<br \/>\nPituus 35,56&#8243;<br \/>\nMateriaali alumiini<br \/>\nValmistajan koodi D-011-BM-B21<\/p>\n","protected":false},"featured_media":100784,"template":"","meta":{"_acf_changed":false},"product_brand":[],"product_cat":[797],"product_tag":[],"class_list":{"0":"post-100788","1":"product","2":"type-product","3":"status-publish","4":"has-post-thumbnail","6":"product_cat-nuolet-akselit","8":"first","9":"instock","10":"taxable","11":"shipping-taxable","12":"purchasable","13":"product-type-simple"},"acf":[],"_links":{"self":[{"href":"https:\/\/kingarms.ee\/fi\/wp-json\/wp\/v2\/product\/100788","targetHints":{"allow":["GET"]}}],"collection":[{"href":"https:\/\/kingarms.ee\/fi\/wp-json\/wp\/v2\/product"}],"about":[{"href":"https:\/\/kingarms.ee\/fi\/wp-json\/wp\/v2\/types\/product"}],"wp:featuredmedia":[{"embeddable":true,"href":"https:\/\/kingarms.ee\/fi\/wp-json\/wp\/v2\/media\/100784"}],"wp:attachment":[{"href":"https:\/\/kingarms.ee\/fi\/wp-json\/wp\/v2\/media?parent=100788"}],"wp:term":[{"taxonomy":"product_brand","embeddable":true,"href":"https:\/\/kingarms.ee\/fi\/wp-json\/wp\/v2\/product_brand?post=100788"},{"taxonomy":"product_cat","embeddable":true,"href":"https:\/\/kingarms.ee\/fi\/wp-json\/wp\/v2\/product_cat?post=100788"},{"taxonomy":"product_tag","embeddable":true,"href":"https:\/\/kingarms.ee\/fi\/wp-json\/wp\/v2\/product_tag?post=100788"}],"curies":[{"name":"wp","href":"https:\/\/api.w.org\/{rel}","templated":true}]}}