{"id":100925,"date":"2024-04-03T12:13:54","date_gmt":"2024-04-03T09:15:01","guid":{"rendered":"https:\/\/kingarms.ee\/product\/bigblue-b450-36w-kannettava-aurinkopaneeli\/"},"modified":"2024-08-06T10:35:25","modified_gmt":"2024-08-06T07:35:25","slug":"bigblue-b450-36w-kaasukannettava-valonheitin-paneeli","status":"publish","type":"product","link":"https:\/\/kingarms.ee\/fi\/product\/bigblue-b450-36w-kaasukannettava-valonheitin-paneeli\/","title":{"rendered":"BigBlue B450 36W kannettava aurinkopaneeli"},"content":{"rendered":"<p><img loading=\"lazy\" decoding=\"async\" class=\"alignnone size-full wp-image-100888\" src=\"https:\/\/kingarms.ee\/wp-content\/uploads\/2024\/04\/260287216_xxl3.png\" alt=\"\" width=\"1627\" height=\"1024\" srcset=\"https:\/\/kingarms.ee\/wp-content\/uploads\/2024\/04\/260287216_xxl3.png 1627w, https:\/\/kingarms.ee\/wp-content\/uploads\/2024\/04\/260287216_xxl3-300x189.png 300w, https:\/\/kingarms.ee\/wp-content\/uploads\/2024\/04\/260287216_xxl3-1024x644.png 1024w, https:\/\/kingarms.ee\/wp-content\/uploads\/2024\/04\/260287216_xxl3-768x483.png 768w, https:\/\/kingarms.ee\/wp-content\/uploads\/2024\/04\/260287216_xxl3-1536x967.png 1536w, https:\/\/kingarms.ee\/wp-content\/uploads\/2024\/04\/260287216_xxl3-500x315.png 500w, https:\/\/kingarms.ee\/wp-content\/uploads\/2024\/04\/260287216_xxl3-150x94.png 150w\" sizes=\"auto, (max-width: 1627px) 100vw, 1627px\" \/><\/p>\n","protected":false},"excerpt":{"rendered":"<p>Taitettava aurinkopaneeli, jossa on 2 USB-latauspistoketta.<\/p>\n<div class=\"ProductDescription-BulletPoints\">\n<ul class=\"cds-List cds-List--Bulleted\">\n<li>Kokoontaitettava kompakti, matkalaukkumuotoilu<\/li>\n<li>4 eritt\u00e4in tehokasta monokiteist\u00e4 paneelia<\/li>\n<li>USB-A-latausportti: max 20W (5V\/3A, 9V\/2A, 12V\/1.5A) ja USB-C-latausportti: max 18W (5V\/3A, 9V\/2.22A, 12V\/1.67A).<\/li>\n<li>DC-l\u00e4ht\u00f6: max 36 W (20 V\/1,8 A)<\/li>\n<li>Mitat kokoontaitettuna: 360 x 195 x 35 mm<\/li>\n<li>Mitat kokoontaitettuna: 948 x 360 x 5 mm<\/li>\n<\/ul>\n<\/div>\n<p class=\"ProductDescription-Lead\">BigBlue Solarpowa 36 -laitteessa on USB-portti, DC-l\u00e4ht\u00f6 ja USB-C-portti kaikkiin tarpeisiisi. DC-l\u00e4ht\u00f6 (20V\/1,8A) on yhteensopiva joidenkin pienten s\u00e4hk\u00f6asemien (alle 200W) kanssa. Yksikiteisill\u00e4 aurinkokennoilla varustettu Solarpowa 36 saavuttaa jopa 22 %:n tehon muuntamisasteen, jolloin kahta laitetta voidaan ladata samanaikaisesti. Avaa paneelit ja k\u00e4yt\u00e4 kulman s\u00e4\u00e4t\u00e4miseen alustoja, jotka voivat absorboida 25 % enemm\u00e4n auringonvaloa. Enemm\u00e4n auringonvaloa, joten voit ladata laitteesi nopeammin. Valmistettu teollisuusk\u00e4ytt\u00f6\u00f6n soveltuvasta PET-polymeerikankaasta (IP54 vedenpit\u00e4v\u00e4), joka kest\u00e4\u00e4 ulkok\u00e4yt\u00f6n kulutusta. Se sopii vaellukselle tai retkeilyyn, ja se on olennainen osa monien laukkuja ja autopakkauksia.<\/p>\n<p>Ihanteellinen ratkaisu osoitteessa https:\/\/kingarms.ee\/toode\/jackery-explorer-500-portable-power-station-akujaam\/<\/p>\n","protected":false},"featured_media":100890,"template":"","meta":{"_acf_changed":false},"product_brand":[],"product_cat":[539],"product_tag":[],"class_list":{"0":"post-100925","1":"product","2":"type-product","3":"status-publish","4":"has-post-thumbnail","6":"product_cat-power-bank-fi","8":"first","9":"instock","10":"taxable","11":"shipping-taxable","12":"purchasable","13":"product-type-simple"},"acf":[],"_links":{"self":[{"href":"https:\/\/kingarms.ee\/fi\/wp-json\/wp\/v2\/product\/100925","targetHints":{"allow":["GET"]}}],"collection":[{"href":"https:\/\/kingarms.ee\/fi\/wp-json\/wp\/v2\/product"}],"about":[{"href":"https:\/\/kingarms.ee\/fi\/wp-json\/wp\/v2\/types\/product"}],"wp:featuredmedia":[{"embeddable":true,"href":"https:\/\/kingarms.ee\/fi\/wp-json\/wp\/v2\/media\/100890"}],"wp:attachment":[{"href":"https:\/\/kingarms.ee\/fi\/wp-json\/wp\/v2\/media?parent=100925"}],"wp:term":[{"taxonomy":"product_brand","embeddable":true,"href":"https:\/\/kingarms.ee\/fi\/wp-json\/wp\/v2\/product_brand?post=100925"},{"taxonomy":"product_cat","embeddable":true,"href":"https:\/\/kingarms.ee\/fi\/wp-json\/wp\/v2\/product_cat?post=100925"},{"taxonomy":"product_tag","embeddable":true,"href":"https:\/\/kingarms.ee\/fi\/wp-json\/wp\/v2\/product_tag?post=100925"}],"curies":[{"name":"wp","href":"https:\/\/api.w.org\/{rel}","templated":true}]}}