{"id":100945,"date":"2024-04-04T15:34:56","date_gmt":"2024-04-04T12:35:49","guid":{"rendered":"https:\/\/kingarms.ee\/product\/ilmakivaari-pcp-borner-puncher-nish-s\/"},"modified":"2024-08-06T10:34:43","modified_gmt":"2024-08-06T07:34:43","slug":"ohupuss-pcp-borner-puncher-nish-s","status":"publish","type":"product","link":"https:\/\/kingarms.ee\/fi\/product\/ohupuss-pcp-borner-puncher-nish-s\/","title":{"rendered":"Ilmakiv\u00e4\u00e4ri PCP Borner Puncher Nish S"},"content":{"rendered":"<p><img loading=\"lazy\" decoding=\"async\" class=\"alignnone size-full wp-image-100939\" src=\"https:\/\/kingarms.ee\/wp-content\/uploads\/2024\/04\/nish-.png\" alt=\"\" width=\"800\" height=\"800\" srcset=\"https:\/\/kingarms.ee\/wp-content\/uploads\/2024\/04\/nish-.png 800w, https:\/\/kingarms.ee\/wp-content\/uploads\/2024\/04\/nish--300x300.png 300w, https:\/\/kingarms.ee\/wp-content\/uploads\/2024\/04\/nish--150x150.png 150w, https:\/\/kingarms.ee\/wp-content\/uploads\/2024\/04\/nish--768x768.png 768w, https:\/\/kingarms.ee\/wp-content\/uploads\/2024\/04\/nish--500x500.png 500w\" sizes=\"auto, (max-width: 800px) 100vw, 800px\" \/><\/p>\n","protected":false},"excerpt":{"rendered":"<p>Borner PCP Puncher Nish S ilmakiv\u00e4\u00e4ri 4.5mm kaliiperi<\/p>\n<p>Bornerin PCP-kiv\u00e4\u00e4rit ovat korkealaatuisia, ja niiss\u00e4 yhdistyv\u00e4t huipputeknologia ja k\u00e4sity\u00f6taito. Borner PCP Puncher Nish S on tehokas PCP-ilmakiv\u00e4\u00e4ri sivuvivulla. Tehoa voidaan s\u00e4\u00e4t\u00e4\u00e4 sivussa olevalla s\u00e4\u00e4t\u00f6py\u00f6r\u00e4ll\u00e4. Kaksipuolinen synteettinen materiaali on varustettu Picatinny-v\u00e4yl\u00e4ll\u00e4 lis\u00e4varusteita varten. Piipun yl\u00e4osassa on 11 mm:n kisko ja Weaver-kisko t\u00e4ht\u00e4imen kiinnitt\u00e4mist\u00e4 varten.<\/p>\n<p>Paino 3,30 kg<br \/>\nKaliiperi 0,177 (4,5 mm)<br \/>\nMusta synteettinen tukki<br \/>\nSuurin tulostusnopeus 1000 kuvaa sekunnissa ja 305 m\/s<br \/>\nKokonaispituus 84 cm<br \/>\n11 mm:n ja Weaver-kiskoihin<br \/>\nPutken pituus 53 cm<br \/>\nLokeron kapasiteetti 14 kpl<br \/>\nEsiladattu pneumatiikka<\/p>\n","protected":false},"featured_media":100940,"template":"","meta":{"_acf_changed":false},"product_brand":[],"product_cat":[256],"product_tag":[],"class_list":{"0":"post-100945","1":"product","2":"type-product","3":"status-publish","4":"has-post-thumbnail","6":"product_cat-hpa-fi","8":"first","9":"instock","10":"taxable","11":"shipping-taxable","12":"purchasable","13":"product-type-simple"},"acf":[],"_links":{"self":[{"href":"https:\/\/kingarms.ee\/fi\/wp-json\/wp\/v2\/product\/100945","targetHints":{"allow":["GET"]}}],"collection":[{"href":"https:\/\/kingarms.ee\/fi\/wp-json\/wp\/v2\/product"}],"about":[{"href":"https:\/\/kingarms.ee\/fi\/wp-json\/wp\/v2\/types\/product"}],"wp:featuredmedia":[{"embeddable":true,"href":"https:\/\/kingarms.ee\/fi\/wp-json\/wp\/v2\/media\/100940"}],"wp:attachment":[{"href":"https:\/\/kingarms.ee\/fi\/wp-json\/wp\/v2\/media?parent=100945"}],"wp:term":[{"taxonomy":"product_brand","embeddable":true,"href":"https:\/\/kingarms.ee\/fi\/wp-json\/wp\/v2\/product_brand?post=100945"},{"taxonomy":"product_cat","embeddable":true,"href":"https:\/\/kingarms.ee\/fi\/wp-json\/wp\/v2\/product_cat?post=100945"},{"taxonomy":"product_tag","embeddable":true,"href":"https:\/\/kingarms.ee\/fi\/wp-json\/wp\/v2\/product_tag?post=100945"}],"curies":[{"name":"wp","href":"https:\/\/api.w.org\/{rel}","templated":true}]}}