{"id":100981,"date":"2024-04-05T17:59:01","date_gmt":"2024-04-05T14:59:47","guid":{"rendered":"https:\/\/kingarms.ee\/product\/m4-sahkoinen-lokero-2000bbs\/"},"modified":"2024-08-06T10:32:35","modified_gmt":"2024-08-06T07:32:35","slug":"m4-elektriline-salv-2000bbs","status":"publish","type":"product","link":"https:\/\/kingarms.ee\/fi\/product\/m4-elektriline-salv-2000bbs\/","title":{"rendered":"M4 s\u00e4hk\u00f6inen lokero (2000BBs)"},"content":{"rendered":"<p><img loading=\"lazy\" decoding=\"async\" class=\"alignnone size-full wp-image-100971\" src=\"https:\/\/kingarms.ee\/wp-content\/uploads\/2024\/04\/0c6b8aae94b3c2321ecbc2403bb299e33ef207cb_1152225636_1.webp\" alt=\"\" width=\"800\" height=\"533\" srcset=\"https:\/\/kingarms.ee\/wp-content\/uploads\/2024\/04\/0c6b8aae94b3c2321ecbc2403bb299e33ef207cb_1152225636_1.webp 800w, https:\/\/kingarms.ee\/wp-content\/uploads\/2024\/04\/0c6b8aae94b3c2321ecbc2403bb299e33ef207cb_1152225636_1-300x200.webp 300w, https:\/\/kingarms.ee\/wp-content\/uploads\/2024\/04\/0c6b8aae94b3c2321ecbc2403bb299e33ef207cb_1152225636_1-768x512.webp 768w, https:\/\/kingarms.ee\/wp-content\/uploads\/2024\/04\/0c6b8aae94b3c2321ecbc2403bb299e33ef207cb_1152225636_1-500x333.webp 500w, https:\/\/kingarms.ee\/wp-content\/uploads\/2024\/04\/0c6b8aae94b3c2321ecbc2403bb299e33ef207cb_1152225636_1-150x100.webp 150w\" sizes=\"auto, (max-width: 800px) 100vw, 800px\" \/><\/p>\n","protected":false},"excerpt":{"rendered":"<p>2000 BB s\u00e4hk\u00f6inen ansa M4 airsoft aseille<\/p>\n<p>Polymeerinen elektroninen lokero, jonka kapasiteetti on 2000 BB:t\u00e4, on suunniteltu k\u00e4ytett\u00e4v\u00e4ksi M4\/M16-kopioiden kanssa.<\/p>\n<p>Loukku on varustettu s\u00e4hk\u00f6isell\u00e4 mekanismilla, joka py\u00f6ritt\u00e4\u00e4 BB:t\u00e4 ja jota ohjataan loukun takaosassa olevalla kytkimell\u00e4. BB:t asetetaan ylh\u00e4\u00e4lt\u00e4p\u00e4in, kuten tavallisissa Hi-Cap-alustoissa. Toimii 4 AAA-paristolla (ei sis\u00e4lly).<\/p>\n","protected":false},"featured_media":100972,"template":"","meta":{"_acf_changed":false},"product_brand":[],"product_cat":[657],"product_tag":[],"class_list":{"0":"post-100981","1":"product","2":"type-product","3":"status-publish","4":"has-post-thumbnail","6":"product_cat-airsoft-fi-3","8":"first","9":"instock","10":"taxable","11":"shipping-taxable","12":"purchasable","13":"product-type-simple"},"acf":[],"_links":{"self":[{"href":"https:\/\/kingarms.ee\/fi\/wp-json\/wp\/v2\/product\/100981","targetHints":{"allow":["GET"]}}],"collection":[{"href":"https:\/\/kingarms.ee\/fi\/wp-json\/wp\/v2\/product"}],"about":[{"href":"https:\/\/kingarms.ee\/fi\/wp-json\/wp\/v2\/types\/product"}],"wp:featuredmedia":[{"embeddable":true,"href":"https:\/\/kingarms.ee\/fi\/wp-json\/wp\/v2\/media\/100972"}],"wp:attachment":[{"href":"https:\/\/kingarms.ee\/fi\/wp-json\/wp\/v2\/media?parent=100981"}],"wp:term":[{"taxonomy":"product_brand","embeddable":true,"href":"https:\/\/kingarms.ee\/fi\/wp-json\/wp\/v2\/product_brand?post=100981"},{"taxonomy":"product_cat","embeddable":true,"href":"https:\/\/kingarms.ee\/fi\/wp-json\/wp\/v2\/product_cat?post=100981"},{"taxonomy":"product_tag","embeddable":true,"href":"https:\/\/kingarms.ee\/fi\/wp-json\/wp\/v2\/product_tag?post=100981"}],"curies":[{"name":"wp","href":"https:\/\/api.w.org\/{rel}","templated":true}]}}