{"id":101008,"date":"2024-04-05T18:09:08","date_gmt":"2024-04-05T15:11:03","guid":{"rendered":"https:\/\/kingarms.ee\/product\/easy-laturi-ja-111-v-1000-mah-akku-taydellinen-sarja\/"},"modified":"2024-08-06T10:31:10","modified_gmt":"2024-08-06T07:31:10","slug":"easy-laadija-ja-111-v-1000-mah-aku-komplekt","status":"publish","type":"product","link":"https:\/\/kingarms.ee\/fi\/product\/easy-laadija-ja-111-v-1000-mah-aku-komplekt\/","title":{"rendered":"EASY-laturi ja 11,1 V 1000 mAh akku (t\u00e4ydellinen sarja)."},"content":{"rendered":"<p><img loading=\"lazy\" decoding=\"async\" class=\"alignnone size-full wp-image-100995\" src=\"https:\/\/kingarms.ee\/wp-content\/uploads\/2024\/04\/487d8dd2b5574c3e43f2a825ca8b2c178053a2ee_SPE_06_040192_02.webp\" alt=\"\" width=\"2000\" height=\"1333\" srcset=\"https:\/\/kingarms.ee\/wp-content\/uploads\/2024\/04\/487d8dd2b5574c3e43f2a825ca8b2c178053a2ee_SPE_06_040192_02.webp 2000w, https:\/\/kingarms.ee\/wp-content\/uploads\/2024\/04\/487d8dd2b5574c3e43f2a825ca8b2c178053a2ee_SPE_06_040192_02-300x200.webp 300w, https:\/\/kingarms.ee\/wp-content\/uploads\/2024\/04\/487d8dd2b5574c3e43f2a825ca8b2c178053a2ee_SPE_06_040192_02-1024x682.webp 1024w, https:\/\/kingarms.ee\/wp-content\/uploads\/2024\/04\/487d8dd2b5574c3e43f2a825ca8b2c178053a2ee_SPE_06_040192_02-768x512.webp 768w, https:\/\/kingarms.ee\/wp-content\/uploads\/2024\/04\/487d8dd2b5574c3e43f2a825ca8b2c178053a2ee_SPE_06_040192_02-1536x1024.webp 1536w, https:\/\/kingarms.ee\/wp-content\/uploads\/2024\/04\/487d8dd2b5574c3e43f2a825ca8b2c178053a2ee_SPE_06_040192_02-500x333.webp 500w, https:\/\/kingarms.ee\/wp-content\/uploads\/2024\/04\/487d8dd2b5574c3e43f2a825ca8b2c178053a2ee_SPE_06_040192_02-150x100.webp 150w\" sizes=\"auto, (max-width: 2000px) 100vw, 2000px\" \/><\/p>\n","protected":false},"excerpt":{"rendered":"<p>Sarja niille, jotka aloittavat Airsoftin maailmassa!<\/p>\n<p>K\u00e4ytt\u00f6valmis EASY-pakkaus koostuu litiumpolymeeriakkujen peruslaturista, jossa on lataustoiminto 2-kennoisille akuille (7,4 V) ja 3-kennoisille akuille (11,1 V), joissa on tasapainotettu lataustoiminto.<\/p>\n<p>Mukana tuleva akku on Li-Po 11,1 V:n akku, jonka kapasiteetti on 1000 mAh ja jossa on Deans-liitin. Sen tyhjennysvirtaama on 20\/40 C.<\/p>\n<p>Laturissa on 3 tilanilmaisinta.<br \/>\n&#8220;P\u00e4\u00e4ll\u00e4&#8221;-tilassa &#8211; oranssi LED<br \/>\nLataus &#8211; punainen LED<br \/>\nValmiustila &#8211; vihre\u00e4 LED<br \/>\nAkku ladattu &#8211; vihre\u00e4 LED<\/p>\n<p>Laturin tiedot:<br \/>\n&#8211; Tulo 110-240 V AC<br \/>\n&#8211; L\u00e4ht\u00f6 800 mA<\/p>\n","protected":false},"featured_media":100997,"template":"","meta":{"_acf_changed":false},"product_brand":[],"product_cat":[653,654],"product_tag":[],"class_list":{"0":"post-101008","1":"product","2":"type-product","3":"status-publish","4":"has-post-thumbnail","6":"product_cat-akut","7":"product_cat-lataajat","9":"first","10":"instock","11":"taxable","12":"shipping-taxable","13":"purchasable","14":"product-type-simple"},"acf":[],"_links":{"self":[{"href":"https:\/\/kingarms.ee\/fi\/wp-json\/wp\/v2\/product\/101008","targetHints":{"allow":["GET"]}}],"collection":[{"href":"https:\/\/kingarms.ee\/fi\/wp-json\/wp\/v2\/product"}],"about":[{"href":"https:\/\/kingarms.ee\/fi\/wp-json\/wp\/v2\/types\/product"}],"wp:featuredmedia":[{"embeddable":true,"href":"https:\/\/kingarms.ee\/fi\/wp-json\/wp\/v2\/media\/100997"}],"wp:attachment":[{"href":"https:\/\/kingarms.ee\/fi\/wp-json\/wp\/v2\/media?parent=101008"}],"wp:term":[{"taxonomy":"product_brand","embeddable":true,"href":"https:\/\/kingarms.ee\/fi\/wp-json\/wp\/v2\/product_brand?post=101008"},{"taxonomy":"product_cat","embeddable":true,"href":"https:\/\/kingarms.ee\/fi\/wp-json\/wp\/v2\/product_cat?post=101008"},{"taxonomy":"product_tag","embeddable":true,"href":"https:\/\/kingarms.ee\/fi\/wp-json\/wp\/v2\/product_tag?post=101008"}],"curies":[{"name":"wp","href":"https:\/\/api.w.org\/{rel}","templated":true}]}}