{"id":101046,"date":"2024-04-09T23:02:37","date_gmt":"2024-04-09T20:04:59","guid":{"rendered":"https:\/\/kingarms.ee\/product\/seif-ampuma-aseelle-umarex\/"},"modified":"2024-08-06T10:30:29","modified_gmt":"2024-08-06T07:30:29","slug":"seif-ampuma-aseelle-umarex","status":"publish","type":"product","link":"https:\/\/kingarms.ee\/fi\/product\/seif-ampuma-aseelle-umarex\/","title":{"rendered":"Seif ampuma-aseelle (Umarex)"},"content":{"rendered":"<p><img loading=\"lazy\" decoding=\"async\" class=\"alignnone size-full wp-image-101020\" src=\"https:\/\/kingarms.ee\/wp-content\/uploads\/2024\/04\/kasetka-na-pieniadze-umarex-safety-box-l-61d0cecfab3d4abd91d345cded80c5d8-b5e9d8ca.jpeg\" alt=\"\" width=\"900\" height=\"900\" srcset=\"https:\/\/kingarms.ee\/wp-content\/uploads\/2024\/04\/kasetka-na-pieniadze-umarex-safety-box-l-61d0cecfab3d4abd91d345cded80c5d8-b5e9d8ca.jpeg 900w, https:\/\/kingarms.ee\/wp-content\/uploads\/2024\/04\/kasetka-na-pieniadze-umarex-safety-box-l-61d0cecfab3d4abd91d345cded80c5d8-b5e9d8ca-300x300.jpeg 300w, https:\/\/kingarms.ee\/wp-content\/uploads\/2024\/04\/kasetka-na-pieniadze-umarex-safety-box-l-61d0cecfab3d4abd91d345cded80c5d8-b5e9d8ca-150x150.jpeg 150w, https:\/\/kingarms.ee\/wp-content\/uploads\/2024\/04\/kasetka-na-pieniadze-umarex-safety-box-l-61d0cecfab3d4abd91d345cded80c5d8-b5e9d8ca-768x768.jpeg 768w, https:\/\/kingarms.ee\/wp-content\/uploads\/2024\/04\/kasetka-na-pieniadze-umarex-safety-box-l-61d0cecfab3d4abd91d345cded80c5d8-b5e9d8ca-500x500.jpeg 500w\" sizes=\"auto, (max-width: 900px) 100vw, 900px\" \/><\/p>\n","protected":false},"excerpt":{"rendered":"<p>Seif ampuma-aseelle (Umarex)<\/p>\n<p>1 avaustapa: koodilla. Jakkara on valmistettu korkealaatuisesta ter\u00e4slevyst\u00e4, joka takaa, ett\u00e4 runko kest\u00e4\u00e4 vaurioita. Yl\u00e4kansi on valmistettu iskunkest\u00e4v\u00e4st\u00e4 ter\u00e4ksest\u00e4, joka suojaa poraukselta, ruosteelta ja iskuilta. Kansi avautuu automaattisesti k\u00e4sivammojen v\u00e4ltt\u00e4miseksi. Putoamissuojaus &#8211; kassakaappi ei avaudu putoamistilanteessa.<\/p>\n<p>2 kiinnitysvaihtoehtoa: &#8211; Sohva irrotettavalla vahvalla ter\u00e4svaijerilla, joka on p\u00e4\u00e4llystetty PVC-muovilla. Se on erinomainen tapa ottaa kassakaappi mukaan hotelliin, toimistoon, kuntosalille tai kuljettaa se autoon. T\u00e4rkeint\u00e4 on l\u00f6yt\u00e4\u00e4 turvallinen paikka sen kiinnitt\u00e4miselle. N\u00e4in varmistetaan, ett\u00e4 arvoesineesi eiv\u00e4t katoa tai varasta. &#8211; Alakattolevyn alaosassa on 2 kiinnitysreik\u00e4\u00e4. Kassakaapin mukana toimitetaan 2 kiinnityspulttia.<\/p>\n<p>Ihanteellinen ampuma-aseelle tai arvokkaiden esineiden s\u00e4ilytt\u00e4miseen.<\/p>\n","protected":false},"featured_media":101022,"template":"","meta":{"_acf_changed":false},"product_brand":[],"product_cat":[507],"product_tag":[],"class_list":{"0":"post-101046","1":"product","2":"type-product","3":"status-publish","4":"has-post-thumbnail","6":"product_cat-kaapit","8":"first","9":"instock","10":"sale","11":"taxable","12":"shipping-taxable","13":"purchasable","14":"product-type-simple"},"acf":[],"_links":{"self":[{"href":"https:\/\/kingarms.ee\/fi\/wp-json\/wp\/v2\/product\/101046","targetHints":{"allow":["GET"]}}],"collection":[{"href":"https:\/\/kingarms.ee\/fi\/wp-json\/wp\/v2\/product"}],"about":[{"href":"https:\/\/kingarms.ee\/fi\/wp-json\/wp\/v2\/types\/product"}],"wp:featuredmedia":[{"embeddable":true,"href":"https:\/\/kingarms.ee\/fi\/wp-json\/wp\/v2\/media\/101022"}],"wp:attachment":[{"href":"https:\/\/kingarms.ee\/fi\/wp-json\/wp\/v2\/media?parent=101046"}],"wp:term":[{"taxonomy":"product_brand","embeddable":true,"href":"https:\/\/kingarms.ee\/fi\/wp-json\/wp\/v2\/product_brand?post=101046"},{"taxonomy":"product_cat","embeddable":true,"href":"https:\/\/kingarms.ee\/fi\/wp-json\/wp\/v2\/product_cat?post=101046"},{"taxonomy":"product_tag","embeddable":true,"href":"https:\/\/kingarms.ee\/fi\/wp-json\/wp\/v2\/product_tag?post=101046"}],"curies":[{"name":"wp","href":"https:\/\/api.w.org\/{rel}","templated":true}]}}