{"id":101189,"date":"2024-05-09T14:30:11","date_gmt":"2024-05-09T11:35:50","guid":{"rendered":"https:\/\/kingarms.ee\/product\/walther-pcp-rotex-rm8-varmint-4-5mm\/"},"modified":"2024-08-06T10:28:19","modified_gmt":"2024-08-06T07:28:19","slug":"walther-pcp-rotex-rm8-varmint-4-5mm","status":"publish","type":"product","link":"https:\/\/kingarms.ee\/fi\/product\/walther-pcp-rotex-rm8-varmint-4-5mm\/","title":{"rendered":"Walther PCP Rotex RM8 Varmint 4.5mm"},"content":{"rendered":"<p><img loading=\"lazy\" decoding=\"async\" class=\"alignnone size-full wp-image-101175\" src=\"https:\/\/kingarms.ee\/wp-content\/uploads\/2024\/05\/walther-pcp-rotex-rm8-varmint-4-5mm-airgun-b0951aa6526741a7991dc4a1a4306d57-adf01e7a.jpeg\" alt=\"\" width=\"900\" height=\"900\" srcset=\"https:\/\/kingarms.ee\/wp-content\/uploads\/2024\/05\/walther-pcp-rotex-rm8-varmint-4-5mm-airgun-b0951aa6526741a7991dc4a1a4306d57-adf01e7a.jpeg 900w, https:\/\/kingarms.ee\/wp-content\/uploads\/2024\/05\/walther-pcp-rotex-rm8-varmint-4-5mm-airgun-b0951aa6526741a7991dc4a1a4306d57-adf01e7a-300x300.jpeg 300w, https:\/\/kingarms.ee\/wp-content\/uploads\/2024\/05\/walther-pcp-rotex-rm8-varmint-4-5mm-airgun-b0951aa6526741a7991dc4a1a4306d57-adf01e7a-150x150.jpeg 150w, https:\/\/kingarms.ee\/wp-content\/uploads\/2024\/05\/walther-pcp-rotex-rm8-varmint-4-5mm-airgun-b0951aa6526741a7991dc4a1a4306d57-adf01e7a-768x768.jpeg 768w, https:\/\/kingarms.ee\/wp-content\/uploads\/2024\/05\/walther-pcp-rotex-rm8-varmint-4-5mm-airgun-b0951aa6526741a7991dc4a1a4306d57-adf01e7a-500x500.jpeg 500w\" sizes=\"auto, (max-width: 900px) 100vw, 900px\" \/><\/p>\n","protected":false},"excerpt":{"rendered":"<p>Walther Rotex RM8 Varmint 4,5 mm PC P on moderni PCP-karbiini, jossa on polymeerinen sormi, Lothar Waltherin tarkkuuspiippu ulkokierteell\u00e4 ja 200 cm3:n lipas 180 laukaukselle.<\/p>\n<p>TEKNISET TIEDOT:<\/p>\n<p>Lis\u00e4toiminnot s\u00e4\u00e4dett\u00e4v\u00e4 liipaisin<br \/>\n[mm]4,5 mm<br \/>\nKineettinen energia [J] 17<br \/>\nSalvo nide[tk] 8<br \/>\nAsennuslaserin pussi, optinen t\u00e4ht\u00e4in, taskulamppu, jalustakiinnike.<br \/>\nLaskeutumisnopeus [m\/s] 240<br \/>\nAnkkureiden lukum\u00e4\u00e4r\u00e4 2<br \/>\nPellettityyppinen diabolo<br \/>\nLinjatyyppi 22 mm ja 11 mm<br \/>\nVarjopolymeeri<br \/>\nTurvatyyppinen k\u00e4sisulake<br \/>\nLukum\u00e4\u00e4r\u00e4 110<br \/>\nPutken pituus [mm] 500<br \/>\nKokonaispituus [mm] 1040<br \/>\nPaino [g] 3610<br \/>\nTakuuaika 36 kuukautta<br \/>\nValmistaja Walther\/Umarex, Saksa<\/p>\n","protected":false},"featured_media":101177,"template":"","meta":{"_acf_changed":false},"product_brand":[],"product_cat":[256],"product_tag":[],"class_list":{"0":"post-101189","1":"product","2":"type-product","3":"status-publish","4":"has-post-thumbnail","6":"product_cat-hpa-fi","8":"first","9":"instock","10":"taxable","11":"shipping-taxable","12":"purchasable","13":"product-type-simple"},"acf":[],"_links":{"self":[{"href":"https:\/\/kingarms.ee\/fi\/wp-json\/wp\/v2\/product\/101189","targetHints":{"allow":["GET"]}}],"collection":[{"href":"https:\/\/kingarms.ee\/fi\/wp-json\/wp\/v2\/product"}],"about":[{"href":"https:\/\/kingarms.ee\/fi\/wp-json\/wp\/v2\/types\/product"}],"wp:featuredmedia":[{"embeddable":true,"href":"https:\/\/kingarms.ee\/fi\/wp-json\/wp\/v2\/media\/101177"}],"wp:attachment":[{"href":"https:\/\/kingarms.ee\/fi\/wp-json\/wp\/v2\/media?parent=101189"}],"wp:term":[{"taxonomy":"product_brand","embeddable":true,"href":"https:\/\/kingarms.ee\/fi\/wp-json\/wp\/v2\/product_brand?post=101189"},{"taxonomy":"product_cat","embeddable":true,"href":"https:\/\/kingarms.ee\/fi\/wp-json\/wp\/v2\/product_cat?post=101189"},{"taxonomy":"product_tag","embeddable":true,"href":"https:\/\/kingarms.ee\/fi\/wp-json\/wp\/v2\/product_tag?post=101189"}],"curies":[{"name":"wp","href":"https:\/\/api.w.org\/{rel}","templated":true}]}}