{"id":101222,"date":"2024-05-09T14:43:47","date_gmt":"2024-05-09T11:44:21","guid":{"rendered":"https:\/\/kingarms.ee\/product\/optima-factor-ilmakivaari-4-5mm-pcp\/"},"modified":"2024-09-06T17:00:33","modified_gmt":"2024-09-06T14:00:33","slug":"ohkrelv-optima-tekija-4-5mm-pcp","status":"publish","type":"product","link":"https:\/\/kingarms.ee\/fi\/product\/ohkrelv-optima-tekija-4-5mm-pcp\/","title":{"rendered":"Optima Factor ilmakiv\u00e4\u00e4ri 4.5mm PCP (26.5J)"},"content":{"rendered":"<p><img loading=\"lazy\" decoding=\"async\" class=\"alignnone size-full wp-image-101192\" src=\"https:\/\/kingarms.ee\/wp-content\/uploads\/2024\/05\/optima-factor-4-5mm-pcp-airgun-a368f7144cb640509f009c3dec54a92d-3473d09d.jpeg\" alt=\"\" width=\"900\" height=\"900\" srcset=\"https:\/\/kingarms.ee\/wp-content\/uploads\/2024\/05\/optima-factor-4-5mm-pcp-airgun-a368f7144cb640509f009c3dec54a92d-3473d09d.jpeg 900w, https:\/\/kingarms.ee\/wp-content\/uploads\/2024\/05\/optima-factor-4-5mm-pcp-airgun-a368f7144cb640509f009c3dec54a92d-3473d09d-300x300.jpeg 300w, https:\/\/kingarms.ee\/wp-content\/uploads\/2024\/05\/optima-factor-4-5mm-pcp-airgun-a368f7144cb640509f009c3dec54a92d-3473d09d-150x150.jpeg 150w, https:\/\/kingarms.ee\/wp-content\/uploads\/2024\/05\/optima-factor-4-5mm-pcp-airgun-a368f7144cb640509f009c3dec54a92d-3473d09d-768x768.jpeg 768w, https:\/\/kingarms.ee\/wp-content\/uploads\/2024\/05\/optima-factor-4-5mm-pcp-airgun-a368f7144cb640509f009c3dec54a92d-3473d09d-500x500.jpeg 500w\" sizes=\"auto, (max-width: 900px) 100vw, 900px\" \/><\/p>\n","protected":false},"excerpt":{"rendered":"<p>TEKNISET TIEDOT:<\/p>\n<p>Lis\u00e4toiminnot s\u00e4\u00e4dett\u00e4v\u00e4 liipaisin, s\u00e4\u00e4dett\u00e4v\u00e4 liipaisimen suojus, s\u00e4\u00e4dett\u00e4v\u00e4 varmistussalpa<br \/>\nTarkkuus tarkka<br \/>\n[mm]4,5 mm<br \/>\nSalvo kyll\u00e4<br \/>\nSalvojen m\u00e4\u00e4r\u00e4 [tk] 24<br \/>\nOptisen t\u00e4ht\u00e4imen kiinnitysmahdollisuus<br \/>\nKolmijalka x1<br \/>\nLaskeutumisnopeus [m\/s] 250<br \/>\nAnkkureiden lukum\u00e4\u00e4r\u00e4 3<br \/>\nPellettityyppinen diabolo<br \/>\nJohtotyyppi 22 mm (picatinny), 11 mm (kyyhkyn pyrst\u00f6)<br \/>\nVarjopolymeeri<br \/>\nTurvatyyppinen k\u00e4sisulake<br \/>\nPurettujen saaliiden m\u00e4\u00e4r\u00e4 105<br \/>\nVirtal\u00e4hde PCP<br \/>\nV\u00e4ri musta<br \/>\nPutken pituus [mm] 585<br \/>\nKokonaispituus [mm] 1025-1090<br \/>\nPaino [g] 3600<br \/>\nValmistaja Optima by Hatsan, Turkki<\/p>\n","protected":false},"featured_media":101194,"template":"","meta":{"_acf_changed":false},"product_brand":[],"product_cat":[256],"product_tag":[],"class_list":{"0":"post-101222","1":"product","2":"type-product","3":"status-publish","4":"has-post-thumbnail","6":"product_cat-hpa-fi","8":"first","9":"instock","10":"taxable","11":"shipping-taxable","12":"purchasable","13":"product-type-simple"},"acf":[],"_links":{"self":[{"href":"https:\/\/kingarms.ee\/fi\/wp-json\/wp\/v2\/product\/101222","targetHints":{"allow":["GET"]}}],"collection":[{"href":"https:\/\/kingarms.ee\/fi\/wp-json\/wp\/v2\/product"}],"about":[{"href":"https:\/\/kingarms.ee\/fi\/wp-json\/wp\/v2\/types\/product"}],"wp:featuredmedia":[{"embeddable":true,"href":"https:\/\/kingarms.ee\/fi\/wp-json\/wp\/v2\/media\/101194"}],"wp:attachment":[{"href":"https:\/\/kingarms.ee\/fi\/wp-json\/wp\/v2\/media?parent=101222"}],"wp:term":[{"taxonomy":"product_brand","embeddable":true,"href":"https:\/\/kingarms.ee\/fi\/wp-json\/wp\/v2\/product_brand?post=101222"},{"taxonomy":"product_cat","embeddable":true,"href":"https:\/\/kingarms.ee\/fi\/wp-json\/wp\/v2\/product_cat?post=101222"},{"taxonomy":"product_tag","embeddable":true,"href":"https:\/\/kingarms.ee\/fi\/wp-json\/wp\/v2\/product_tag?post=101222"}],"curies":[{"name":"wp","href":"https:\/\/api.w.org\/{rel}","templated":true}]}}