{"id":101238,"date":"2024-05-09T14:48:52","date_gmt":"2024-05-09T11:50:21","guid":{"rendered":"https:\/\/kingarms.ee\/product\/ilmakivaari-hatsan-airmax-cal-45-mm-36j\/"},"modified":"2024-09-24T14:57:41","modified_gmt":"2024-09-24T11:57:41","slug":"ohkrelv-hatsan-airmax-cal-45-mm-36j","status":"publish","type":"product","link":"https:\/\/kingarms.ee\/fi\/product\/ohkrelv-hatsan-airmax-cal-45-mm-36j\/","title":{"rendered":"Ilmakiv\u00e4\u00e4ri Hatsan Airmax cal. 4,5 mm (36J)"},"content":{"rendered":"<p><img loading=\"lazy\" decoding=\"async\" class=\"alignnone size-full wp-image-101224\" src=\"https:\/\/kingarms.ee\/wp-content\/uploads\/2024\/05\/0210f285-fe3a-11ee-aa14-00155d65b41a_b59b14b1-0146-11ef-aa14-00155d65b41a-2.jpeg\" alt=\"\" width=\"1184\" height=\"1186\" srcset=\"https:\/\/kingarms.ee\/wp-content\/uploads\/2024\/05\/0210f285-fe3a-11ee-aa14-00155d65b41a_b59b14b1-0146-11ef-aa14-00155d65b41a-2.jpeg 1184w, https:\/\/kingarms.ee\/wp-content\/uploads\/2024\/05\/0210f285-fe3a-11ee-aa14-00155d65b41a_b59b14b1-0146-11ef-aa14-00155d65b41a-2-300x300.jpeg 300w, https:\/\/kingarms.ee\/wp-content\/uploads\/2024\/05\/0210f285-fe3a-11ee-aa14-00155d65b41a_b59b14b1-0146-11ef-aa14-00155d65b41a-2-1022x1024.jpeg 1022w, https:\/\/kingarms.ee\/wp-content\/uploads\/2024\/05\/0210f285-fe3a-11ee-aa14-00155d65b41a_b59b14b1-0146-11ef-aa14-00155d65b41a-2-150x150.jpeg 150w, https:\/\/kingarms.ee\/wp-content\/uploads\/2024\/05\/0210f285-fe3a-11ee-aa14-00155d65b41a_b59b14b1-0146-11ef-aa14-00155d65b41a-2-768x769.jpeg 768w, https:\/\/kingarms.ee\/wp-content\/uploads\/2024\/05\/0210f285-fe3a-11ee-aa14-00155d65b41a_b59b14b1-0146-11ef-aa14-00155d65b41a-2-500x501.jpeg 500w\" sizes=\"auto, (max-width: 1184px) 100vw, 1184px\" \/><\/p>\n","protected":false},"excerpt":{"rendered":"<div>Alkuper\u00e4inen bullpup-rakenne; 10 kuukauden lipas; k\u00e4sinlataus; sivulataus; esiladattu ilmakiv\u00e4\u00e4ri (PCP).<\/div>\n<div><\/div>\n<div>Saatavana .177 (4,5 mm) kaliiperi.<\/div>\n<div>Paine 200 bar, sylinteritilavuus 400 cc + 90 cc.<\/div>\n<div>T\u00e4ysin suljettu QuietEnergy-kotelo ja sis\u00e4\u00e4nrakennettu \u00e4\u00e4nenvaimennin &#8211; ampuminen on noin 50 % hiljaisempaa.<\/div>\n<div>Rihlattu ilmakiv\u00e4\u00e4ri ja ilmavasara tarkkuutta varten.<\/div>\n<div>Kaksipuolinen puinen bullpup-aseiden piippu. Etupuolen alla on Picatinny t\u00e4\u00e4ll\u00e4.<\/div>\n<div>Korkeuss\u00e4\u00e4t\u00f6inen poskipala &#8221;EasyAdjust&#8221; &#8211; kiv\u00e4\u00e4rin p\u00e4\u00e4ss\u00e4 on sis\u00e4\u00e4nrakennettu korkeuss\u00e4\u00e4t\u00f6nuppi.<\/div>\n<div>Tuuletettu kumihuppu.<\/div>\n<div>Irrotettava lokero 10 luodille. Mukana 1 loker.<\/div>\n<div>Sis\u00e4\u00e4nrakennettu painemittari paineen s\u00e4\u00e4t\u00f6\u00e4 varten.<\/div>\n<div>Pakkaus sis\u00e4lt\u00e4\u00e4 suuttimen nopeaa t\u00e4ytt\u00f6\u00e4 varten.<\/div>\n<div>Picatinny t\u00e4ss\u00e4 11 mm:n ja 22 mm:n optisten t\u00e4ht\u00e4imien kiinnitt\u00e4mist\u00e4 varten.<\/div>\n<div>Kokonaispinta s\u00e4vytetty, musta anodisoitu lukkorunko.<\/div>\n<div>K\u00e4sik\u00e4ytt\u00f6inen ja automaattinen turvalinja.<\/div>\n<div>&#8221;Anti-topelt bullet front sight&#8221; -mekanismi, joka est\u00e4\u00e4 useamman kuin yhden luodin lataamisen piippuun.<\/div>\n<div>Quattro-liipaisin: kaksivaiheinen t\u00e4ysin s\u00e4\u00e4dett\u00e4v\u00e4 liipaisimen liikem\u00e4\u00e4r\u00e4 ja liipaisupaino. Metallinen liipaisin.<\/div>\n<div>Sis\u00e4\u00e4nrakennetut hihnakiinnikkeet.<\/div>\n","protected":false},"featured_media":101226,"template":"","meta":{"_acf_changed":false},"product_brand":[],"product_cat":[256],"product_tag":[],"class_list":{"0":"post-101238","1":"product","2":"type-product","3":"status-publish","4":"has-post-thumbnail","6":"product_cat-hpa-fi","8":"first","9":"instock","10":"taxable","11":"shipping-taxable","12":"purchasable","13":"product-type-simple"},"acf":[],"_links":{"self":[{"href":"https:\/\/kingarms.ee\/fi\/wp-json\/wp\/v2\/product\/101238","targetHints":{"allow":["GET"]}}],"collection":[{"href":"https:\/\/kingarms.ee\/fi\/wp-json\/wp\/v2\/product"}],"about":[{"href":"https:\/\/kingarms.ee\/fi\/wp-json\/wp\/v2\/types\/product"}],"wp:featuredmedia":[{"embeddable":true,"href":"https:\/\/kingarms.ee\/fi\/wp-json\/wp\/v2\/media\/101226"}],"wp:attachment":[{"href":"https:\/\/kingarms.ee\/fi\/wp-json\/wp\/v2\/media?parent=101238"}],"wp:term":[{"taxonomy":"product_brand","embeddable":true,"href":"https:\/\/kingarms.ee\/fi\/wp-json\/wp\/v2\/product_brand?post=101238"},{"taxonomy":"product_cat","embeddable":true,"href":"https:\/\/kingarms.ee\/fi\/wp-json\/wp\/v2\/product_cat?post=101238"},{"taxonomy":"product_tag","embeddable":true,"href":"https:\/\/kingarms.ee\/fi\/wp-json\/wp\/v2\/product_tag?post=101238"}],"curies":[{"name":"wp","href":"https:\/\/api.w.org\/{rel}","templated":true}]}}