{"id":101257,"date":"2024-05-09T14:54:00","date_gmt":"2024-05-09T11:54:50","guid":{"rendered":"https:\/\/kingarms.ee\/product\/ilmakivaari-hatsan-bullmaster-45-mm-27j\/"},"modified":"2025-01-20T14:33:10","modified_gmt":"2025-01-20T11:33:10","slug":"ohkrelv-hatsan-bullmaster-45-mm-27j","status":"publish","type":"product","link":"https:\/\/kingarms.ee\/fi\/product\/ohkrelv-hatsan-bullmaster-45-mm-27j\/","title":{"rendered":"Ilmakiv\u00e4\u00e4ri Hatsan Bullmaster 4,5 mm (27J)"},"content":{"rendered":"<p><img loading=\"lazy\" decoding=\"async\" class=\"alignnone size-full wp-image-101240\" src=\"https:\/\/kingarms.ee\/wp-content\/uploads\/2024\/05\/cad72c75-fe3a-11ee-aa14-00155d65b41a_85b947c1-0b8b-11ef-aa14-00155d65b41a-2.jpeg\" alt=\"\" width=\"1500\" height=\"1500\" srcset=\"https:\/\/kingarms.ee\/wp-content\/uploads\/2024\/05\/cad72c75-fe3a-11ee-aa14-00155d65b41a_85b947c1-0b8b-11ef-aa14-00155d65b41a-2.jpeg 1500w, https:\/\/kingarms.ee\/wp-content\/uploads\/2024\/05\/cad72c75-fe3a-11ee-aa14-00155d65b41a_85b947c1-0b8b-11ef-aa14-00155d65b41a-2-300x300.jpeg 300w, https:\/\/kingarms.ee\/wp-content\/uploads\/2024\/05\/cad72c75-fe3a-11ee-aa14-00155d65b41a_85b947c1-0b8b-11ef-aa14-00155d65b41a-2-1024x1024.jpeg 1024w, https:\/\/kingarms.ee\/wp-content\/uploads\/2024\/05\/cad72c75-fe3a-11ee-aa14-00155d65b41a_85b947c1-0b8b-11ef-aa14-00155d65b41a-2-150x150.jpeg 150w, https:\/\/kingarms.ee\/wp-content\/uploads\/2024\/05\/cad72c75-fe3a-11ee-aa14-00155d65b41a_85b947c1-0b8b-11ef-aa14-00155d65b41a-2-768x768.jpeg 768w, https:\/\/kingarms.ee\/wp-content\/uploads\/2024\/05\/cad72c75-fe3a-11ee-aa14-00155d65b41a_85b947c1-0b8b-11ef-aa14-00155d65b41a-2-500x500.jpeg 500w\" sizes=\"auto, (max-width: 1500px) 100vw, 1500px\" \/><\/p>\n","protected":false},"excerpt":{"rendered":"<p>Ilmakiv\u00e4\u00e4ri Hatsan Bullmaster 4,5 mm (27J)<\/p>\n<p>&#8211; Puoliautomaattinen, PCP (pneumaattinen esipumpulla)<br \/>\n&#8211; Bulpup-malli<br \/>\n&#8211; T\u00e4ysin koteloitu piippu, rihlattu putki<br \/>\n&#8211; Pneumaattisen sylinterin tilavuus 500 cc, suurin t\u00e4ytt\u00f6paine 250 bar.<br \/>\n&#8211; DaSoft\u00ae-p\u00e4\u00e4llinen ja ergonominen muotoilu, synteettiset materiaalit.<br \/>\n&#8211; Yhdistelm\u00e4 11 mm:n kalansilm\u00e4\u00e4 ja Weaverin optista raitaa.<br \/>\n&#8211; Enemm\u00e4n Picatinny\u00e4 t\u00e4\u00e4ll\u00e4 etuosan alla.<br \/>\n&#8211; Tekstuuri kahvassa ja varressa parantaa tuntumaa ja hallintaa.<br \/>\n&#8211; Korkeuss\u00e4\u00e4dett\u00e4v\u00e4t poskipehmusteet<br \/>\n&#8211; Tuuletettu kuminen selk\u00e4osa<br \/>\n&#8211; Sis\u00e4lt\u00e4\u00e4 1 py\u00f6riv\u00e4\u00e4 lipasta: 4,5 mm (.177) cal, 14 luodille.<br \/>\n&#8211; Sis\u00e4\u00e4nrakennettu painemittari sylinterin paineen s\u00e4\u00e4t\u00e4miseksi.<br \/>\n&#8211; Sis\u00e4lt\u00e4\u00e4 1\/8\u2033 BSPP-kierteisen t\u00e4ytt\u00f6anturin.<br \/>\n&#8211; Kokonaismaalaus v\u00e4rj\u00e4tty, musta anodisoitu vastakappale.<br \/>\n&#8211; K\u00e4sik\u00e4ytt\u00f6inen turvak\u00f6ysi<br \/>\n&#8211; Patentoitu iskunestoj\u00e4rjestelm\u00e4 est\u00e4\u00e4 kaasuvuodot.<br \/>\n&#8211; Metallinen liipaisin ja synteettinen liipaisinsuoja.<br \/>\n&#8211; Sis\u00e4\u00e4nrakennetut kierrokset<br \/>\n&#8211; Mukana kova kotelo<\/p>\n<p>Suurin nopeus* &#8211; 0,177 cal &#8211; 1100 fps (320 m\/s)<\/p>\n<p>*Tulokset voivat vaihdella luodin painon, luodin muodon, luodin materiaalin, l\u00e4mp\u00f6tilan, korkeuden ja muiden tekij\u00f6iden mukaan.<\/p>\n","protected":false},"featured_media":101242,"template":"","meta":{"_acf_changed":false},"product_brand":[],"product_cat":[256],"product_tag":[],"class_list":{"0":"post-101257","1":"product","2":"type-product","3":"status-publish","4":"has-post-thumbnail","6":"product_cat-hpa-fi","8":"first","9":"instock","10":"taxable","11":"shipping-taxable","12":"purchasable","13":"product-type-simple"},"acf":[],"_links":{"self":[{"href":"https:\/\/kingarms.ee\/fi\/wp-json\/wp\/v2\/product\/101257","targetHints":{"allow":["GET"]}}],"collection":[{"href":"https:\/\/kingarms.ee\/fi\/wp-json\/wp\/v2\/product"}],"about":[{"href":"https:\/\/kingarms.ee\/fi\/wp-json\/wp\/v2\/types\/product"}],"wp:featuredmedia":[{"embeddable":true,"href":"https:\/\/kingarms.ee\/fi\/wp-json\/wp\/v2\/media\/101242"}],"wp:attachment":[{"href":"https:\/\/kingarms.ee\/fi\/wp-json\/wp\/v2\/media?parent=101257"}],"wp:term":[{"taxonomy":"product_brand","embeddable":true,"href":"https:\/\/kingarms.ee\/fi\/wp-json\/wp\/v2\/product_brand?post=101257"},{"taxonomy":"product_cat","embeddable":true,"href":"https:\/\/kingarms.ee\/fi\/wp-json\/wp\/v2\/product_cat?post=101257"},{"taxonomy":"product_tag","embeddable":true,"href":"https:\/\/kingarms.ee\/fi\/wp-json\/wp\/v2\/product_tag?post=101257"}],"curies":[{"name":"wp","href":"https:\/\/api.w.org\/{rel}","templated":true}]}}