{"id":101338,"date":"2024-05-28T18:10:41","date_gmt":"2024-05-28T15:11:26","guid":{"rendered":"https:\/\/kingarms.ee\/product\/sig-sauer-sp2022-ilmakivaari\/"},"modified":"2024-08-06T10:25:23","modified_gmt":"2024-08-06T07:25:23","slug":"ohkrelv-sig-sauer-sp2022","status":"publish","type":"product","link":"https:\/\/kingarms.ee\/fi\/product\/ohkrelv-sig-sauer-sp2022\/","title":{"rendered":"Sig Sauer SP2022 ilmakiv\u00e4\u00e4ri"},"content":{"rendered":"<p><img loading=\"lazy\" decoding=\"async\" class=\"alignnone size-full wp-image-101333\" src=\"https:\/\/kingarms.ee\/wp-content\/uploads\/2024\/05\/sig-sauer-co2-pistol-sp2022-caliber-45mm-288210.jpg\" alt=\"\" width=\"1000\" height=\"1000\" srcset=\"https:\/\/kingarms.ee\/wp-content\/uploads\/2024\/05\/sig-sauer-co2-pistol-sp2022-caliber-45mm-288210.jpg 1000w, https:\/\/kingarms.ee\/wp-content\/uploads\/2024\/05\/sig-sauer-co2-pistol-sp2022-caliber-45mm-288210-300x300.jpg 300w, https:\/\/kingarms.ee\/wp-content\/uploads\/2024\/05\/sig-sauer-co2-pistol-sp2022-caliber-45mm-288210-150x150.jpg 150w, https:\/\/kingarms.ee\/wp-content\/uploads\/2024\/05\/sig-sauer-co2-pistol-sp2022-caliber-45mm-288210-768x768.jpg 768w, https:\/\/kingarms.ee\/wp-content\/uploads\/2024\/05\/sig-sauer-co2-pistol-sp2022-caliber-45mm-288210-500x500.jpg 500w\" sizes=\"auto, (max-width: 1000px) 100vw, 1000px\" \/><\/p>\n","protected":false},"excerpt":{"rendered":"<p>CO2-pistooli SP2022<br \/>\n4,5mm \/ .177 kaliiperi<br \/>\nSig Sauerin virallinen lisenssi<br \/>\nMetallikelkka<br \/>\nRunko valmistettu polymeerist\u00e4<br \/>\nLaskeutumisnopeus 130 m\/s<br \/>\nK\u00e4ytt\u00e4\u00e4 CO2-kapseleita<br \/>\nSalvom\u00e4\u00e4r\u00e4 23 luotia<br \/>\nMetalliputki<br \/>\nPituus 186mm<br \/>\nPaino 730 g<br \/>\nV\u00e4ri: Musta ja hopea<\/p>\n","protected":false},"featured_media":101335,"template":"","meta":{"_acf_changed":false},"product_brand":[],"product_cat":[672],"product_tag":[],"class_list":{"0":"post-101338","1":"product","2":"type-product","3":"status-publish","4":"has-post-thumbnail","6":"product_cat-pienaseet","8":"first","9":"instock","10":"taxable","11":"shipping-taxable","12":"purchasable","13":"product-type-simple"},"acf":[],"_links":{"self":[{"href":"https:\/\/kingarms.ee\/fi\/wp-json\/wp\/v2\/product\/101338","targetHints":{"allow":["GET"]}}],"collection":[{"href":"https:\/\/kingarms.ee\/fi\/wp-json\/wp\/v2\/product"}],"about":[{"href":"https:\/\/kingarms.ee\/fi\/wp-json\/wp\/v2\/types\/product"}],"wp:featuredmedia":[{"embeddable":true,"href":"https:\/\/kingarms.ee\/fi\/wp-json\/wp\/v2\/media\/101335"}],"wp:attachment":[{"href":"https:\/\/kingarms.ee\/fi\/wp-json\/wp\/v2\/media?parent=101338"}],"wp:term":[{"taxonomy":"product_brand","embeddable":true,"href":"https:\/\/kingarms.ee\/fi\/wp-json\/wp\/v2\/product_brand?post=101338"},{"taxonomy":"product_cat","embeddable":true,"href":"https:\/\/kingarms.ee\/fi\/wp-json\/wp\/v2\/product_cat?post=101338"},{"taxonomy":"product_tag","embeddable":true,"href":"https:\/\/kingarms.ee\/fi\/wp-json\/wp\/v2\/product_tag?post=101338"}],"curies":[{"name":"wp","href":"https:\/\/api.w.org\/{rel}","templated":true}]}}