{"id":101367,"date":"2024-05-28T18:47:42","date_gmt":"2024-05-28T15:51:19","guid":{"rendered":"https:\/\/kingarms.ee\/product\/monikayttoinen-led-valaistu-avaimenpera-lb-ysd\/"},"modified":"2024-08-06T10:24:41","modified_gmt":"2024-08-06T07:24:41","slug":"monitoimi-led-light-aanenkannatin-lb-ysd","status":"publish","type":"product","link":"https:\/\/kingarms.ee\/fi\/product\/monitoimi-led-light-aanenkannatin-lb-ysd\/","title":{"rendered":"Monik\u00e4ytt\u00f6inen LED-valaistu avaimenper\u00e4 (LB-YSD)"},"content":{"rendered":"<p><img loading=\"lazy\" decoding=\"async\" class=\"alignnone size-full wp-image-101342\" src=\"https:\/\/kingarms.ee\/wp-content\/uploads\/2024\/05\/js-tactical-multifunction-keychain-with-led-light-lb-ysd-1.jpg\" alt=\"\" width=\"1000\" height=\"1000\" srcset=\"https:\/\/kingarms.ee\/wp-content\/uploads\/2024\/05\/js-tactical-multifunction-keychain-with-led-light-lb-ysd-1.jpg 1000w, https:\/\/kingarms.ee\/wp-content\/uploads\/2024\/05\/js-tactical-multifunction-keychain-with-led-light-lb-ysd-1-300x300.jpg 300w, https:\/\/kingarms.ee\/wp-content\/uploads\/2024\/05\/js-tactical-multifunction-keychain-with-led-light-lb-ysd-1-150x150.jpg 150w, https:\/\/kingarms.ee\/wp-content\/uploads\/2024\/05\/js-tactical-multifunction-keychain-with-led-light-lb-ysd-1-768x768.jpg 768w, https:\/\/kingarms.ee\/wp-content\/uploads\/2024\/05\/js-tactical-multifunction-keychain-with-led-light-lb-ysd-1-500x500.jpg 500w\" sizes=\"auto, (max-width: 1000px) 100vw, 1000px\" \/><\/p>\n","protected":false},"excerpt":{"rendered":"<p>Monik\u00e4ytt\u00f6inen LED-valaistu avaimenper\u00e4 (LB-YSD)<br \/>\nLed taskulamppu<br \/>\n&#8211; varustettu kolmella valolla (kylm\u00e4 valo, l\u00e4mmin valo ja punainen valo SOS-toiminnolla) HUOM! V\u00e4rej\u00e4 voidaan muuttaa tarpeen mukaan.<br \/>\nSavukkeensytytin<br \/>\nLitte\u00e4 ja t\u00e4htim\u00e4inen ruuvimeisseli<br \/>\nVile<br \/>\nAkupressuurileikkurit<br \/>\nAkun varaustason ilmaisin<br \/>\nMagneetti<br \/>\nLataus tapahtuu mukana toimitetulla USB-C-kaapelilla.<br \/>\nMitat 100mm x 50mm x 30mm<br \/>\nPaino 60g<\/p>\n","protected":false},"featured_media":101344,"template":"","meta":{"_acf_changed":false},"product_brand":[],"product_cat":[352],"product_tag":[],"class_list":{"0":"post-101367","1":"product","2":"type-product","3":"status-publish","4":"has-post-thumbnail","6":"product_cat-matkatavarat","8":"first","9":"instock","10":"sale","11":"taxable","12":"shipping-taxable","13":"purchasable","14":"product-type-simple"},"acf":[],"_links":{"self":[{"href":"https:\/\/kingarms.ee\/fi\/wp-json\/wp\/v2\/product\/101367","targetHints":{"allow":["GET"]}}],"collection":[{"href":"https:\/\/kingarms.ee\/fi\/wp-json\/wp\/v2\/product"}],"about":[{"href":"https:\/\/kingarms.ee\/fi\/wp-json\/wp\/v2\/types\/product"}],"wp:featuredmedia":[{"embeddable":true,"href":"https:\/\/kingarms.ee\/fi\/wp-json\/wp\/v2\/media\/101344"}],"wp:attachment":[{"href":"https:\/\/kingarms.ee\/fi\/wp-json\/wp\/v2\/media?parent=101367"}],"wp:term":[{"taxonomy":"product_brand","embeddable":true,"href":"https:\/\/kingarms.ee\/fi\/wp-json\/wp\/v2\/product_brand?post=101367"},{"taxonomy":"product_cat","embeddable":true,"href":"https:\/\/kingarms.ee\/fi\/wp-json\/wp\/v2\/product_cat?post=101367"},{"taxonomy":"product_tag","embeddable":true,"href":"https:\/\/kingarms.ee\/fi\/wp-json\/wp\/v2\/product_tag?post=101367"}],"curies":[{"name":"wp","href":"https:\/\/api.w.org\/{rel}","templated":true}]}}