{"id":101393,"date":"2024-05-31T11:34:11","date_gmt":"2024-05-31T08:34:11","guid":{"rendered":"https:\/\/kingarms.ee\/product\/pippurikaasu-walther-police-40ml\/"},"modified":"2024-08-06T10:23:54","modified_gmt":"2024-08-06T07:23:54","slug":"pippurikaasu-walther-poliisi-40ml","status":"publish","type":"product","link":"https:\/\/kingarms.ee\/fi\/product\/pippurikaasu-walther-poliisi-40ml\/","title":{"rendered":"Pippurikaasu Walther Police (40ml)"},"content":{"rendered":"<p><img loading=\"lazy\" decoding=\"async\" class=\"alignnone size-full wp-image-101380\" src=\"https:\/\/kingarms.ee\/wp-content\/uploads\/2024\/05\/walther-polizei-police-pepper-spray-40ml-cone-ff29736d625147dc81acf4b1d1ed32fc-6b745f50.jpg\" alt=\"\" width=\"900\" height=\"900\" srcset=\"https:\/\/kingarms.ee\/wp-content\/uploads\/2024\/05\/walther-polizei-police-pepper-spray-40ml-cone-ff29736d625147dc81acf4b1d1ed32fc-6b745f50.jpg 900w, https:\/\/kingarms.ee\/wp-content\/uploads\/2024\/05\/walther-polizei-police-pepper-spray-40ml-cone-ff29736d625147dc81acf4b1d1ed32fc-6b745f50-300x300.jpg 300w, https:\/\/kingarms.ee\/wp-content\/uploads\/2024\/05\/walther-polizei-police-pepper-spray-40ml-cone-ff29736d625147dc81acf4b1d1ed32fc-6b745f50-150x150.jpg 150w, https:\/\/kingarms.ee\/wp-content\/uploads\/2024\/05\/walther-polizei-police-pepper-spray-40ml-cone-ff29736d625147dc81acf4b1d1ed32fc-6b745f50-768x768.jpg 768w, https:\/\/kingarms.ee\/wp-content\/uploads\/2024\/05\/walther-polizei-police-pepper-spray-40ml-cone-ff29736d625147dc81acf4b1d1ed32fc-6b745f50-500x500.jpg 500w\" sizes=\"auto, (max-width: 900px) 100vw, 900px\" \/><\/p>\n","protected":false},"excerpt":{"rendered":"<p>Pippurikaasu &#8211; 40ml<\/p>\n<p>laaja kartiomainen suihkukuvio<br \/>\nlaaja valikoima toimintoja<br \/>\nkantama jopa 4 m<br \/>\nSuojakorkki suojaa suurelta osin.<br \/>\ntahatonta aktivointia vastaan<br \/>\n\u00e4rsytt\u00e4v\u00e4: 3 % Oleoresiini Capsicum<br \/>\nMitat: n. 9 x 3 cm<\/p>\n","protected":false},"featured_media":101397,"template":"","meta":{"_acf_changed":false},"product_brand":[],"product_cat":[764],"product_tag":[],"class_list":{"0":"post-101393","1":"product","2":"type-product","3":"status-publish","4":"has-post-thumbnail","6":"product_cat-pippurisumute","8":"first","9":"outofstock","10":"taxable","11":"shipping-taxable","12":"purchasable","13":"product-type-simple"},"acf":[],"_links":{"self":[{"href":"https:\/\/kingarms.ee\/fi\/wp-json\/wp\/v2\/product\/101393","targetHints":{"allow":["GET"]}}],"collection":[{"href":"https:\/\/kingarms.ee\/fi\/wp-json\/wp\/v2\/product"}],"about":[{"href":"https:\/\/kingarms.ee\/fi\/wp-json\/wp\/v2\/types\/product"}],"wp:featuredmedia":[{"embeddable":true,"href":"https:\/\/kingarms.ee\/fi\/wp-json\/wp\/v2\/media\/101397"}],"wp:attachment":[{"href":"https:\/\/kingarms.ee\/fi\/wp-json\/wp\/v2\/media?parent=101393"}],"wp:term":[{"taxonomy":"product_brand","embeddable":true,"href":"https:\/\/kingarms.ee\/fi\/wp-json\/wp\/v2\/product_brand?post=101393"},{"taxonomy":"product_cat","embeddable":true,"href":"https:\/\/kingarms.ee\/fi\/wp-json\/wp\/v2\/product_cat?post=101393"},{"taxonomy":"product_tag","embeddable":true,"href":"https:\/\/kingarms.ee\/fi\/wp-json\/wp\/v2\/product_tag?post=101393"}],"curies":[{"name":"wp","href":"https:\/\/api.w.org\/{rel}","templated":true}]}}