{"id":101656,"date":"2024-06-25T19:06:30","date_gmt":"2024-06-25T16:07:10","guid":{"rendered":"https:\/\/kingarms.ee\/product\/airsoft-ase-ghost-s-emr-carbontech-ets-evolution\/"},"modified":"2024-08-06T10:21:45","modified_gmt":"2024-08-06T07:21:45","slug":"airsoft-relv-ghost-s-emr-carbontech-ets-evolution","status":"publish","type":"product","link":"https:\/\/kingarms.ee\/fi\/product\/airsoft-relv-ghost-s-emr-carbontech-ets-evolution\/","title":{"rendered":"Airsoft ase Ghost S EMR Carbontech ETS (Evolution)"},"content":{"rendered":"<p><img loading=\"lazy\" decoding=\"async\" class=\"alignnone size-full wp-image-101611\" src=\"https:\/\/kingarms.ee\/wp-content\/uploads\/2024\/06\/Evolution-Ghost-S-EMR-Carbontech-ETS-extra-big-74403-263.jpg\" alt=\"\" width=\"1080\" height=\"720\" srcset=\"https:\/\/kingarms.ee\/wp-content\/uploads\/2024\/06\/Evolution-Ghost-S-EMR-Carbontech-ETS-extra-big-74403-263.jpg 1080w, https:\/\/kingarms.ee\/wp-content\/uploads\/2024\/06\/Evolution-Ghost-S-EMR-Carbontech-ETS-extra-big-74403-263-300x200.jpg 300w, https:\/\/kingarms.ee\/wp-content\/uploads\/2024\/06\/Evolution-Ghost-S-EMR-Carbontech-ETS-extra-big-74403-263-1024x683.jpg 1024w, https:\/\/kingarms.ee\/wp-content\/uploads\/2024\/06\/Evolution-Ghost-S-EMR-Carbontech-ETS-extra-big-74403-263-768x512.jpg 768w, https:\/\/kingarms.ee\/wp-content\/uploads\/2024\/06\/Evolution-Ghost-S-EMR-Carbontech-ETS-extra-big-74403-263-500x333.jpg 500w, https:\/\/kingarms.ee\/wp-content\/uploads\/2024\/06\/Evolution-Ghost-S-EMR-Carbontech-ETS-extra-big-74403-263-150x100.jpg 150w\" sizes=\"auto, (max-width: 1080px) 100vw, 1080px\" \/><\/p>\n","protected":false},"excerpt":{"rendered":"<p>Evolution Ghost S EMR Carbontech ETS<\/p>\n<p>Evolutionin kopio, jossa on elektroniikka. Tukeva muovirunko ja alumiininen katto. Siin\u00e4 on 6.01-tarkkuuspiippu ja elektroninen liipaisin.<\/p>\n<p>Pituus &#8211; 650-740mm<\/p>\n<p>Paino &#8211; 2,33kg<\/p>\n<p>Akun p\u00e4\u00e4t &#8211; Mini Tamya<\/p>\n<p>Sis\u00e4lt\u00e4\u00e4 kahvan ja 140BB-keskikorkkialustan.<\/p>\n<p>AKKU JA LATURI EIV\u00c4T SIS\u00c4LLY!!!!<\/p>\n","protected":false},"featured_media":101613,"template":"","meta":{"_acf_changed":false},"product_brand":[],"product_cat":[251],"product_tag":[],"class_list":{"0":"post-101656","1":"product","2":"type-product","3":"status-publish","4":"has-post-thumbnail","6":"product_cat-sahkoaseet","8":"first","9":"instock","10":"sale","11":"taxable","12":"shipping-taxable","13":"purchasable","14":"product-type-simple"},"acf":[],"_links":{"self":[{"href":"https:\/\/kingarms.ee\/fi\/wp-json\/wp\/v2\/product\/101656","targetHints":{"allow":["GET"]}}],"collection":[{"href":"https:\/\/kingarms.ee\/fi\/wp-json\/wp\/v2\/product"}],"about":[{"href":"https:\/\/kingarms.ee\/fi\/wp-json\/wp\/v2\/types\/product"}],"wp:featuredmedia":[{"embeddable":true,"href":"https:\/\/kingarms.ee\/fi\/wp-json\/wp\/v2\/media\/101613"}],"wp:attachment":[{"href":"https:\/\/kingarms.ee\/fi\/wp-json\/wp\/v2\/media?parent=101656"}],"wp:term":[{"taxonomy":"product_brand","embeddable":true,"href":"https:\/\/kingarms.ee\/fi\/wp-json\/wp\/v2\/product_brand?post=101656"},{"taxonomy":"product_cat","embeddable":true,"href":"https:\/\/kingarms.ee\/fi\/wp-json\/wp\/v2\/product_cat?post=101656"},{"taxonomy":"product_tag","embeddable":true,"href":"https:\/\/kingarms.ee\/fi\/wp-json\/wp\/v2\/product_tag?post=101656"}],"curies":[{"name":"wp","href":"https:\/\/api.w.org\/{rel}","templated":true}]}}