{"id":101798,"date":"2024-06-28T15:37:00","date_gmt":"2024-06-28T13:43:36","guid":{"rendered":"https:\/\/kingarms.ee\/product\/enginstar-kannettava-voimalaitos-120-wh-100-w-aurinkogeneraattori-110-v-ac-pistorasialla-kannettava-litiumakku-virtapankki-hatatilan-kotikayttoon-retkeilymatkailuautoille\/"},"modified":"2024-08-16T10:24:24","modified_gmt":"2024-08-16T07:24:24","slug":"enginstari-kaasaskantav-elektrijaam-120-wh-100-w-paikesegeneraator-koos-110-v-vahelduvvoolu-pistikupesaga-kaasaskantav-liitiumpatarei-toitepank-hadaolukorras-kodu-valikampingu-rv-jaoks","status":"publish","type":"product","link":"https:\/\/kingarms.ee\/fi\/product\/enginstari-kaasaskantav-elektrijaam-120-wh-100-w-paikesegeneraator-koos-110-v-vahelduvvoolu-pistikupesaga-kaasaskantav-liitiumpatarei-toitepank-hadaolukorras-kodu-valikampingu-rv-jaoks\/","title":{"rendered":"Enginstar kannettava voimalaitos 120 Wh 100 W"},"content":{"rendered":"","protected":false},"excerpt":{"rendered":"<h2>Enginstar kannettava voimalaitos 120 Wh 100 W aurinkogeneraattori 110 V AC pistorasialla Kannettava litiumakku Virtapankki h\u00e4t\u00e4tilan kotik\u00e4ytt\u00f6\u00f6n retkeilymatkailuautoille<\/h2>\n<p>&nbsp;<\/p>\n<p>Tietoja t\u00e4st\u00e4 kohteesta<br \/>\nHELPPO KANTAA: Kannettava 8,7 x 6,7 x 3,2 tuumaa, painaa vain 3,2 kiloa, mutta suunniteltu 120 Wh teholla ja 100 W:lla. EnginStarin kannettava voimalaitos voi tarjota tarpeeksi mehua puhelimien, kannettavan tietokoneen, kameran, droonin jne. lataamiseen. Suunniteltu 6 l\u00e4ht\u00f6portilla, jotka voivat ladata useita laitteita kerralla, joten se on ihanteellinen h\u00e4t\u00e4virtapankki AC-pistorasialla, ulkok\u00e4ytt\u00f6\u00f6n asuntoautolla ja camping-varavirtapankilla.<br \/>\nMONIPUOLINEN VIRTAL\u00c4HDE: Varustettu 1x 110V\/100W AC pistorasialla aurinkogeneraattorille (aurinkopaneeli ei sis\u00e4lly toimitukseen) tehokkaamman ja vakaamman virran saamiseksi laitteillesi (kuten kannettavalle tietokoneelle). 1* DC-l\u00e4ht\u00f6 (max 9V-12,6V\/10A) voi tarjota vakaan l\u00e4ht\u00f6tehon tasavirtalaitteille, kuten minij\u00e4\u00e4kaapin tai auton p\u00f6lynimurille. Pikalaturi 4x USB-portilla lataa matkapuhelimesi ja tablettisi nopeasti.<br \/>\nP\u00c4IVITETTY VERSIO: Enginstarin p\u00e4ivitetty s\u00e4hk\u00f6generaattori, joka on rakennettu kirkkaalla LED-valolla, on t\u00e4ydellinen h\u00e4t\u00e4-, y\u00f6- ja h\u00e4t\u00e4k\u00e4ytt\u00f6\u00f6n. P\u00e4ivitetty suojaj\u00e4rjestelm\u00e4 ylikuormitus-, ylivirta-, ylij\u00e4nnite-, ylilataus- ja virheh\u00e4lytyksille varmistaaksesi k\u00e4ytt\u00f6turvallisuuden.<br \/>\n3 lataustapaa: 1) Aurinkogeneraattori voidaan ladata mill\u00e4 tahansa yhteensopivalla 13-23V OCV-aurinkopaneelilla (ei sis\u00e4lly). 2) Kannettava generaattori voidaan ladata kytkem\u00e4ll\u00e4 se pistorasiaan. 3) Rv-varaakku voidaan ladata auton pistorasiasta. 30 W:n enimm\u00e4islataustulon ansiosta se voidaan ladata t\u00e4yteen muutamassa tunnissa.<br \/>\nMIT\u00c4 SAAT: 1 * 120 Wh kannettava voimalaitos, 1 * verkkolaite, 12 V autolatauskaapeli, 1 * tupakansytytin, 1 * k\u00e4ytt\u00f6opas<\/p>\n<p>&nbsp;<\/p>\n<div class=\"a-row\">\n<div class=\"a-column a-span6\">\n<h1 class=\"a-size-medium a-spacing-small\">Technical Details<\/h1>\n<\/div>\n<\/div>\n<div class=\"a-expander-content a-expander-extend-content\" data-expanded=\"true\">\n<div class=\"a-row a-expander-container a-expander-inline-container\">\n<div class=\"a-expander-content a-expander-section-content a-section-expander-inner\" data-expanded=\"true\">\n<table id=\"productDetails_techSpec_section_1\" class=\"a-keyvalue prodDetTable\" role=\"presentation\">\n<tbody>\n<tr>\n<th class=\"a-color-secondary a-size-base prodDetSectionEntry\">Brand<\/th>\n<td class=\"a-size-base prodDetAttrValue\">\u200eEnginStar<\/td>\n<\/tr>\n<tr>\n<th class=\"a-color-secondary a-size-base prodDetSectionEntry\">Wattage<\/th>\n<td class=\"a-size-base prodDetAttrValue\">\u200e120 Watt-hours<\/td>\n<\/tr>\n<tr>\n<th class=\"a-color-secondary a-size-base prodDetSectionEntry\">Fuel Type<\/th>\n<td class=\"a-size-base prodDetAttrValue\">\u200eelectric<\/td>\n<\/tr>\n<tr>\n<th class=\"a-color-secondary a-size-base prodDetSectionEntry\">Power Source<\/th>\n<td class=\"a-size-base prodDetAttrValue\">\u200e110v,Battery Powered,Corded Electric<\/td>\n<\/tr>\n<tr>\n<th class=\"a-color-secondary a-size-base prodDetSectionEntry\">Recommended Uses For Product<\/th>\n<td class=\"a-size-base prodDetAttrValue\">\u200eResidential, Camping<\/td>\n<\/tr>\n<tr>\n<th class=\"a-color-secondary a-size-base prodDetSectionEntry\">Item Weight<\/th>\n<td class=\"a-size-base prodDetAttrValue\">\u200e3.2 Pounds<\/td>\n<\/tr>\n<tr>\n<th class=\"a-color-secondary a-size-base prodDetSectionEntry\">Voltage<\/th>\n<td class=\"a-size-base prodDetAttrValue\">\u200e110 Volts<\/td>\n<\/tr>\n<tr>\n<th class=\"a-color-secondary a-size-base prodDetSectionEntry\">Output Wattage<\/th>\n<td class=\"a-size-base prodDetAttrValue\">\u200e100 Watts<\/td>\n<\/tr>\n<tr>\n<th class=\"a-color-secondary a-size-base prodDetSectionEntry\">Special Feature<\/th>\n<td class=\"a-size-base prodDetAttrValue\">\u200eElectric,Portable<\/td>\n<\/tr>\n<tr>\n<th class=\"a-color-secondary a-size-base prodDetSectionEntry\">Included Components<\/th>\n<td class=\"a-size-base prodDetAttrValue\">\u200eAC adapter, Charging Cable<\/td>\n<\/tr>\n<tr>\n<th class=\"a-color-secondary a-size-base prodDetSectionEntry\">Product Dimensions<\/th>\n<td class=\"a-size-base prodDetAttrValue\">\u200e7.9&#8243;L x 3.1&#8243;W x 6.5&#8243;H<\/td>\n<\/tr>\n<tr>\n<th class=\"a-color-secondary a-size-base prodDetSectionEntry\">Model Name<\/th>\n<td class=\"a-size-base prodDetAttrValue\">\u200eHP200S<\/td>\n<\/tr>\n<tr>\n<th class=\"a-color-secondary a-size-base prodDetSectionEntry\">Engine Type<\/th>\n<td class=\"a-size-base prodDetAttrValue\">\u200e4 Stroke<\/td>\n<\/tr>\n<tr>\n<th class=\"a-color-secondary a-size-base prodDetSectionEntry\">Ignition System Type<\/th>\n<td class=\"a-size-base prodDetAttrValue\">\u200eelectric<\/td>\n<\/tr>\n<tr>\n<th class=\"a-color-secondary a-size-base prodDetSectionEntry\">Runtime<\/th>\n<td class=\"a-size-base prodDetAttrValue\">\u200e5 hours<\/td>\n<\/tr>\n<tr>\n<th class=\"a-color-secondary a-size-base prodDetSectionEntry\">Frequency<\/th>\n<td class=\"a-size-base prodDetAttrValue\">\u200e60 Hz<\/td>\n<\/tr>\n<tr>\n<th class=\"a-color-secondary a-size-base prodDetSectionEntry\">Starting Wattage<\/th>\n<td class=\"a-size-base prodDetAttrValue\">\u200e100 Watts<\/td>\n<\/tr>\n<tr>\n<th class=\"a-color-secondary a-size-base prodDetSectionEntry\">Running Wattage<\/th>\n<td class=\"a-size-base prodDetAttrValue\">\u200e100 Watts<\/td>\n<\/tr>\n<tr>\n<th class=\"a-color-secondary a-size-base prodDetSectionEntry\">UPC<\/th>\n<td class=\"a-size-base prodDetAttrValue\">\u200e645716648513<\/td>\n<\/tr>\n<tr>\n<th class=\"a-color-secondary a-size-base prodDetSectionEntry\">Manufacturer<\/th>\n<td class=\"a-size-base prodDetAttrValue\">\u200eHengke Energy(GuangDong) Co., Ltd<\/td>\n<\/tr>\n<tr>\n<th class=\"a-color-secondary a-size-base prodDetSectionEntry\">Part Number<\/th>\n<td class=\"a-size-base prodDetAttrValue\">\u200eHP200S<\/td>\n<\/tr>\n<tr>\n<th class=\"a-color-secondary a-size-base prodDetSectionEntry\">Item Weight<\/th>\n<td class=\"a-size-base prodDetAttrValue\">\u200e3.2 pounds<\/td>\n<\/tr>\n<tr>\n<th class=\"a-color-secondary a-size-base prodDetSectionEntry\">Item model number<\/th>\n<td class=\"a-size-base prodDetAttrValue\">\u200eHP200S<\/td>\n<\/tr>\n<tr>\n<th class=\"a-color-secondary a-size-base prodDetSectionEntry\">Batteries<\/th>\n<td class=\"a-size-base prodDetAttrValue\">\u200e1 Lithium Ion batteries required. (included)<\/td>\n<\/tr>\n<tr>\n<th class=\"a-color-secondary a-size-base prodDetSectionEntry\">Size<\/th>\n<td class=\"a-size-base prodDetAttrValue\">\u200e120Wh<\/td>\n<\/tr>\n<tr>\n<th class=\"a-color-secondary a-size-base prodDetSectionEntry\">Special Features<\/th>\n<td class=\"a-size-base prodDetAttrValue\">\u200eElectric,Portable<\/td>\n<\/tr>\n<tr>\n<th class=\"a-color-secondary a-size-base prodDetSectionEntry\">Batteries Included?<\/th>\n<td class=\"a-size-base prodDetAttrValue\">\u200eYes<\/td>\n<\/tr>\n<tr>\n<th class=\"a-color-secondary a-size-base prodDetSectionEntry\">Batteries Required?<\/th>\n<td class=\"a-size-base prodDetAttrValue\">\u200eYes<\/td>\n<\/tr>\n<tr>\n<th class=\"a-color-secondary a-size-base prodDetSectionEntry\">Battery Cell Type<\/th>\n<td class=\"a-size-base prodDetAttrValue\">\u200eLithium Ion<\/td>\n<\/tr>\n<tr>\n<th class=\"a-color-secondary a-size-base prodDetSectionEntry\">Battery Capacity<\/th>\n<td class=\"a-size-base prodDetAttrValue\">\u200e32000 Milliamp Hours<\/td>\n<\/tr>\n<tr>\n<th class=\"a-color-secondary a-size-base prodDetSectionEntry\">Warranty Description<\/th>\n<td class=\"a-size-base prodDetAttrValue\">\u200eOne Year Warranty<\/td>\n<\/tr>\n<\/tbody>\n<\/table>\n<\/div>\n<\/div>\n<\/div>\n","protected":false},"featured_media":101783,"template":"","meta":{"_acf_changed":false},"product_brand":[],"product_cat":[539],"product_tag":[],"class_list":{"0":"post-101798","1":"product","2":"type-product","3":"status-publish","4":"has-post-thumbnail","6":"product_cat-power-bank-fi","8":"first","9":"instock","10":"taxable","11":"shipping-taxable","12":"purchasable","13":"product-type-simple"},"acf":[],"_links":{"self":[{"href":"https:\/\/kingarms.ee\/fi\/wp-json\/wp\/v2\/product\/101798","targetHints":{"allow":["GET"]}}],"collection":[{"href":"https:\/\/kingarms.ee\/fi\/wp-json\/wp\/v2\/product"}],"about":[{"href":"https:\/\/kingarms.ee\/fi\/wp-json\/wp\/v2\/types\/product"}],"wp:featuredmedia":[{"embeddable":true,"href":"https:\/\/kingarms.ee\/fi\/wp-json\/wp\/v2\/media\/101783"}],"wp:attachment":[{"href":"https:\/\/kingarms.ee\/fi\/wp-json\/wp\/v2\/media?parent=101798"}],"wp:term":[{"taxonomy":"product_brand","embeddable":true,"href":"https:\/\/kingarms.ee\/fi\/wp-json\/wp\/v2\/product_brand?post=101798"},{"taxonomy":"product_cat","embeddable":true,"href":"https:\/\/kingarms.ee\/fi\/wp-json\/wp\/v2\/product_cat?post=101798"},{"taxonomy":"product_tag","embeddable":true,"href":"https:\/\/kingarms.ee\/fi\/wp-json\/wp\/v2\/product_tag?post=101798"}],"curies":[{"name":"wp","href":"https:\/\/api.w.org\/{rel}","templated":true}]}}