{"id":101801,"date":"2024-06-28T13:50:03","date_gmt":"2024-06-28T13:48:17","guid":{"rendered":"https:\/\/kingarms.ee\/product\/ilmapistooli-borner-sport-331-co2-ase\/"},"modified":"2024-08-06T10:19:34","modified_gmt":"2024-08-06T07:19:34","slug":"ohupustol-borner-sport-331-co2-pustol","status":"publish","type":"product","link":"https:\/\/kingarms.ee\/fi\/product\/ohupustol-borner-sport-331-co2-pustol\/","title":{"rendered":"Ilmapistooli Borner Sport 331 (Co2-ase)"},"content":{"rendered":"","protected":false},"excerpt":{"rendered":"<h2 class=\"product_title wd-entities-title\">Ilmapistooli Borner Sport 331 (Co2-ase)<\/h2>\n<p>Borner Sport 331 -pistooli on pneumaattinen kaasusylinterill\u00e4. Ase saa voimansa 12 gramman CO2-s\u00e4ili\u00f6st\u00e4.<br \/>\nAse sopii 4,5 mm:n BB-luoteja (py\u00f6reit\u00e4 luoteja).<\/p>\n<p>Aseessa on liikkuva luisti ja takaisinpuhallusj\u00e4rjestelm\u00e4.<\/p>\n<p>Luodin alkunopeus t\u00e4ydell\u00e4 kaasusylinterill\u00e4 voi olla jopa 120 m\/s.<br \/>\nAseen ammuntatila on puoliautomaattinen.<br \/>\nEi-automaattinen turvasalpa.<br \/>\nAseen piipun alla on kalanruototanko laserin\/taskulamppujen kiinnitt\u00e4mist\u00e4 varten.<\/p>\n<p>Materiaali: runko, liukum\u00e4ki &#8211; metalli; aseen runko &#8211; muovia<\/p>\n","protected":false},"featured_media":101746,"template":"","meta":{"_acf_changed":false},"product_brand":[],"product_cat":[672],"product_tag":[],"class_list":{"0":"post-101801","1":"product","2":"type-product","3":"status-publish","4":"has-post-thumbnail","6":"product_cat-pienaseet","8":"first","9":"instock","10":"taxable","11":"shipping-taxable","12":"purchasable","13":"product-type-simple"},"acf":[],"_links":{"self":[{"href":"https:\/\/kingarms.ee\/fi\/wp-json\/wp\/v2\/product\/101801","targetHints":{"allow":["GET"]}}],"collection":[{"href":"https:\/\/kingarms.ee\/fi\/wp-json\/wp\/v2\/product"}],"about":[{"href":"https:\/\/kingarms.ee\/fi\/wp-json\/wp\/v2\/types\/product"}],"wp:featuredmedia":[{"embeddable":true,"href":"https:\/\/kingarms.ee\/fi\/wp-json\/wp\/v2\/media\/101746"}],"wp:attachment":[{"href":"https:\/\/kingarms.ee\/fi\/wp-json\/wp\/v2\/media?parent=101801"}],"wp:term":[{"taxonomy":"product_brand","embeddable":true,"href":"https:\/\/kingarms.ee\/fi\/wp-json\/wp\/v2\/product_brand?post=101801"},{"taxonomy":"product_cat","embeddable":true,"href":"https:\/\/kingarms.ee\/fi\/wp-json\/wp\/v2\/product_cat?post=101801"},{"taxonomy":"product_tag","embeddable":true,"href":"https:\/\/kingarms.ee\/fi\/wp-json\/wp\/v2\/product_tag?post=101801"}],"curies":[{"name":"wp","href":"https:\/\/api.w.org\/{rel}","templated":true}]}}