{"id":101955,"date":"2024-07-19T18:35:35","date_gmt":"2024-07-19T15:36:49","guid":{"rendered":"https:\/\/kingarms.ee\/product\/optinen-kiikaritahtain-vogler-premium-3-9x40\/"},"modified":"2024-08-06T10:15:49","modified_gmt":"2024-08-06T07:15:49","slug":"optinen-sihik-vogler-premium-3-9x40","status":"publish","type":"product","link":"https:\/\/kingarms.ee\/fi\/product\/optinen-sihik-vogler-premium-3-9x40\/","title":{"rendered":"Optinen kiikarit\u00e4ht\u00e4in V\u00f6gler Premium 3-9&#215;40"},"content":{"rendered":"<p><img loading=\"lazy\" decoding=\"async\" class=\"alignnone size-full wp-image-101941\" src=\"https:\/\/kingarms.ee\/wp-content\/uploads\/2024\/07\/eng_pl_Riflescope-Vogler-Premium-3-9x40-Mil-Dot-Mount-113700_2_3.jpg\" alt=\"\" width=\"1200\" height=\"1200\" srcset=\"https:\/\/kingarms.ee\/wp-content\/uploads\/2024\/07\/eng_pl_Riflescope-Vogler-Premium-3-9x40-Mil-Dot-Mount-113700_2_3.jpg 1200w, https:\/\/kingarms.ee\/wp-content\/uploads\/2024\/07\/eng_pl_Riflescope-Vogler-Premium-3-9x40-Mil-Dot-Mount-113700_2_3-300x300.jpg 300w, https:\/\/kingarms.ee\/wp-content\/uploads\/2024\/07\/eng_pl_Riflescope-Vogler-Premium-3-9x40-Mil-Dot-Mount-113700_2_3-1024x1024.jpg 1024w, https:\/\/kingarms.ee\/wp-content\/uploads\/2024\/07\/eng_pl_Riflescope-Vogler-Premium-3-9x40-Mil-Dot-Mount-113700_2_3-150x150.jpg 150w, https:\/\/kingarms.ee\/wp-content\/uploads\/2024\/07\/eng_pl_Riflescope-Vogler-Premium-3-9x40-Mil-Dot-Mount-113700_2_3-768x768.jpg 768w, https:\/\/kingarms.ee\/wp-content\/uploads\/2024\/07\/eng_pl_Riflescope-Vogler-Premium-3-9x40-Mil-Dot-Mount-113700_2_3-500x500.jpg 500w\" sizes=\"auto, (max-width: 1200px) 100vw, 1200px\" \/><\/p>\n","protected":false},"excerpt":{"rendered":"<p>Optinen kiikarit\u00e4ht\u00e4in V\u00f6gler Premium 3-9&#215;40<\/p>\n<p>Tekniset tiedot:<br \/>\nSuurennos: 3-9x<br \/>\nLinssin halkaisija: 40 mm<br \/>\nRuudukko: MilDot<br \/>\nVedenpit\u00e4v\u00e4: kyll\u00e4<br \/>\nVedenkest\u00e4vyys: kyll\u00e4 (typpi)<br \/>\nIskunkest\u00e4v\u00e4: kyll\u00e4<br \/>\nOptiset pinnoitteet: t\u00e4ysin monikerroksiset<br \/>\nNapsautusarvo 100 metri\u00e4 kohti: 1\/4&#8243;<br \/>\nPutken halkaisija: 25,4 mm \/ 1&#8243;<br \/>\nPituus: 310.0 mm \/ 12.20&#8243;<br \/>\nPaino: 345,0 g \/ 12,17 unssia<br \/>\nViimeistely: Mattamusta<br \/>\nAsennus: kaksiosainen HR 11 mm:n virtakiskoon<br \/>\nLis\u00e4varusteet: okulaarin ja objektiivin suojukset<br \/>\nValmistaja: Vogler Optik<\/p>\n","protected":false},"featured_media":101943,"template":"","meta":{"_acf_changed":false},"product_brand":[],"product_cat":[649],"product_tag":[],"class_list":{"0":"post-101955","1":"product","2":"type-product","3":"status-publish","4":"has-post-thumbnail","6":"product_cat-ottelut","8":"first","9":"instock","10":"taxable","11":"shipping-taxable","12":"purchasable","13":"product-type-simple"},"acf":[],"_links":{"self":[{"href":"https:\/\/kingarms.ee\/fi\/wp-json\/wp\/v2\/product\/101955","targetHints":{"allow":["GET"]}}],"collection":[{"href":"https:\/\/kingarms.ee\/fi\/wp-json\/wp\/v2\/product"}],"about":[{"href":"https:\/\/kingarms.ee\/fi\/wp-json\/wp\/v2\/types\/product"}],"wp:featuredmedia":[{"embeddable":true,"href":"https:\/\/kingarms.ee\/fi\/wp-json\/wp\/v2\/media\/101943"}],"wp:attachment":[{"href":"https:\/\/kingarms.ee\/fi\/wp-json\/wp\/v2\/media?parent=101955"}],"wp:term":[{"taxonomy":"product_brand","embeddable":true,"href":"https:\/\/kingarms.ee\/fi\/wp-json\/wp\/v2\/product_brand?post=101955"},{"taxonomy":"product_cat","embeddable":true,"href":"https:\/\/kingarms.ee\/fi\/wp-json\/wp\/v2\/product_cat?post=101955"},{"taxonomy":"product_tag","embeddable":true,"href":"https:\/\/kingarms.ee\/fi\/wp-json\/wp\/v2\/product_tag?post=101955"}],"curies":[{"name":"wp","href":"https:\/\/api.w.org\/{rel}","templated":true}]}}