{"id":101990,"date":"2024-07-19T18:44:05","date_gmt":"2024-07-19T15:44:53","guid":{"rendered":"https:\/\/kingarms.ee\/product\/pcp-ilmakivaari-force1-reximex\/"},"modified":"2024-08-06T10:15:06","modified_gmt":"2024-08-06T07:15:06","slug":"pcp-ohupuss-force1-reximex","status":"publish","type":"product","link":"https:\/\/kingarms.ee\/fi\/product\/pcp-ohupuss-force1-reximex\/","title":{"rendered":"PCP-ilmakiv\u00e4\u00e4ri FORCE1 (Reximex)"},"content":{"rendered":"<p><img loading=\"lazy\" decoding=\"async\" class=\"alignnone size-full wp-image-101957\" src=\"https:\/\/kingarms.ee\/wp-content\/uploads\/2024\/07\/eng_pl_Reximex-FORCE1-PCP-Air-Rifle-118781_1.jpg\" alt=\"\" width=\"1200\" height=\"1200\" srcset=\"https:\/\/kingarms.ee\/wp-content\/uploads\/2024\/07\/eng_pl_Reximex-FORCE1-PCP-Air-Rifle-118781_1.jpg 1200w, https:\/\/kingarms.ee\/wp-content\/uploads\/2024\/07\/eng_pl_Reximex-FORCE1-PCP-Air-Rifle-118781_1-300x300.jpg 300w, https:\/\/kingarms.ee\/wp-content\/uploads\/2024\/07\/eng_pl_Reximex-FORCE1-PCP-Air-Rifle-118781_1-1024x1024.jpg 1024w, https:\/\/kingarms.ee\/wp-content\/uploads\/2024\/07\/eng_pl_Reximex-FORCE1-PCP-Air-Rifle-118781_1-150x150.jpg 150w, https:\/\/kingarms.ee\/wp-content\/uploads\/2024\/07\/eng_pl_Reximex-FORCE1-PCP-Air-Rifle-118781_1-768x768.jpg 768w, https:\/\/kingarms.ee\/wp-content\/uploads\/2024\/07\/eng_pl_Reximex-FORCE1-PCP-Air-Rifle-118781_1-500x500.jpg 500w\" sizes=\"auto, (max-width: 1200px) 100vw, 1200px\" \/><\/p>\n","protected":false},"excerpt":{"rendered":"<p>Reximex Force1, moderni PCP-ilmakiv\u00e4\u00e4ri, jossa on k\u00e4yt\u00e4nn\u00f6lliset taktiset varusteet, pistoolikahva ja t\u00e4ysin s\u00e4\u00e4dett\u00e4v\u00e4 per\u00e4kappale. Teleskooppim\u00e4nn\u00e4n, s\u00e4\u00e4dett\u00e4v\u00e4n jalan ja poskipalojen ansiosta voit mukauttaa kiv\u00e4\u00e4rin t\u00e4ysin mieltymystesi mukaan. Force1 on varustettu sivulta ladattavalla hupulla, 11 ja 22 mm:n kaksoislaukaisuoptiikalla, liipaisinkielell\u00e4 tai s\u00e4\u00e4dett\u00e4v\u00e4ll\u00e4 kovuudella. Saatavana kaliipereina: .177 (4,5 mm)<\/p>\n<p>Yleiset tekniset parametrit:<br \/>\nTyyppi: PCP-ilmakiv\u00e4\u00e4ri<br \/>\nPerusenergia: 17 J (voidaan lis\u00e4t\u00e4 25J , 35J, 40J, 58J).<br \/>\nKokonaispituus: 950,0 mm \/ 37,4 tuumaa (1030,0 mm \/ 40,5 tuumaa, kun m\u00e4nt\u00e4 on vedetty ulos).<br \/>\nPutken pituus: 480,0 mm \/ 18,9 tuumaa<br \/>\nPaino: 3,3 kg \/ 7,3 lbs.<br \/>\nSurveanum: 310 cc<br \/>\nPaine: 200 bar<br \/>\nTyyny: korkealaatuista synteettist\u00e4 materiaalia pistoolikahvalla varustettuna<br \/>\nValmistaja: Reximex, Turkki<\/p>\n<p>FAC (*) yksityiskohtaiset tiedot: kaliiperi 4,5 mm \/ .177<br \/>\nSuurin kuvausnopeus (**): 365 m\/s \/ 1200 kuvaa sekunnissa.<br \/>\nEnergia: 58 J \/ 26,55 jalan puntaa.<br \/>\nLokeron kapasiteetti: 14 kpl.<\/p>\n","protected":false},"featured_media":101959,"template":"","meta":{"_acf_changed":false},"product_brand":[],"product_cat":[256],"product_tag":[],"class_list":{"0":"post-101990","1":"product","2":"type-product","3":"status-publish","4":"has-post-thumbnail","6":"product_cat-hpa-fi","8":"first","9":"instock","10":"taxable","11":"shipping-taxable","12":"purchasable","13":"product-type-simple"},"acf":[],"_links":{"self":[{"href":"https:\/\/kingarms.ee\/fi\/wp-json\/wp\/v2\/product\/101990","targetHints":{"allow":["GET"]}}],"collection":[{"href":"https:\/\/kingarms.ee\/fi\/wp-json\/wp\/v2\/product"}],"about":[{"href":"https:\/\/kingarms.ee\/fi\/wp-json\/wp\/v2\/types\/product"}],"wp:featuredmedia":[{"embeddable":true,"href":"https:\/\/kingarms.ee\/fi\/wp-json\/wp\/v2\/media\/101959"}],"wp:attachment":[{"href":"https:\/\/kingarms.ee\/fi\/wp-json\/wp\/v2\/media?parent=101990"}],"wp:term":[{"taxonomy":"product_brand","embeddable":true,"href":"https:\/\/kingarms.ee\/fi\/wp-json\/wp\/v2\/product_brand?post=101990"},{"taxonomy":"product_cat","embeddable":true,"href":"https:\/\/kingarms.ee\/fi\/wp-json\/wp\/v2\/product_cat?post=101990"},{"taxonomy":"product_tag","embeddable":true,"href":"https:\/\/kingarms.ee\/fi\/wp-json\/wp\/v2\/product_tag?post=101990"}],"curies":[{"name":"wp","href":"https:\/\/api.w.org\/{rel}","templated":true}]}}