{"id":102083,"date":"2024-07-19T19:12:40","date_gmt":"2024-07-19T16:13:29","guid":{"rendered":"https:\/\/kingarms.ee\/product\/ilmakivaari-pcp-kuzey-k900\/"},"modified":"2024-08-06T10:12:15","modified_gmt":"2024-08-06T07:12:15","slug":"ilmakivaari-pcp-kuzey-k900","status":"publish","type":"product","link":"https:\/\/kingarms.ee\/fi\/product\/ilmakivaari-pcp-kuzey-k900\/","title":{"rendered":"Ilmakiv\u00e4\u00e4ri PCP Kuzey K900"},"content":{"rendered":"<p><img loading=\"lazy\" decoding=\"async\" class=\"alignnone size-full wp-image-102078\" src=\"https:\/\/kingarms.ee\/wp-content\/uploads\/2024\/07\/eng_pl_Kuzey-K900-Tact-177-4-5mm-PCP-Air-Rifle-with-Sound-Moderator-121167_1.webp\" alt=\"\" width=\"1200\" height=\"1200\" srcset=\"https:\/\/kingarms.ee\/wp-content\/uploads\/2024\/07\/eng_pl_Kuzey-K900-Tact-177-4-5mm-PCP-Air-Rifle-with-Sound-Moderator-121167_1.webp 1200w, https:\/\/kingarms.ee\/wp-content\/uploads\/2024\/07\/eng_pl_Kuzey-K900-Tact-177-4-5mm-PCP-Air-Rifle-with-Sound-Moderator-121167_1-300x300.webp 300w, https:\/\/kingarms.ee\/wp-content\/uploads\/2024\/07\/eng_pl_Kuzey-K900-Tact-177-4-5mm-PCP-Air-Rifle-with-Sound-Moderator-121167_1-1024x1024.webp 1024w, https:\/\/kingarms.ee\/wp-content\/uploads\/2024\/07\/eng_pl_Kuzey-K900-Tact-177-4-5mm-PCP-Air-Rifle-with-Sound-Moderator-121167_1-150x150.webp 150w, https:\/\/kingarms.ee\/wp-content\/uploads\/2024\/07\/eng_pl_Kuzey-K900-Tact-177-4-5mm-PCP-Air-Rifle-with-Sound-Moderator-121167_1-768x768.webp 768w, https:\/\/kingarms.ee\/wp-content\/uploads\/2024\/07\/eng_pl_Kuzey-K900-Tact-177-4-5mm-PCP-Air-Rifle-with-Sound-Moderator-121167_1-500x500.webp 500w\" sizes=\"auto, (max-width: 1200px) 100vw, 1200px\" \/><\/p>\n","protected":false},"excerpt":{"rendered":"<p>Kuzey on upouusi PCP-ilmakiv\u00e4\u00e4ri Turkissa. T\u00e4ll\u00e4 mallilla saat suuren m\u00e4\u00e4r\u00e4n laukauksia yhdell\u00e4 t\u00e4yt\u00f6ll\u00e4. Taitettava per\u00e4kappale ja AR15-pistoolin kahva antavat t\u00e4lle kiv\u00e4\u00e4rille taktisen ilmeen.<\/p>\n<p>Kartioenergiaa voidaan s\u00e4\u00e4t\u00e4\u00e4 10 J:n ja 40 J:n v\u00e4lill\u00e4.<\/p>\n<p>T\u00e4rkeimm\u00e4t ominaisuudet<\/p>\n<p>&#8211; Taktinen suunnittelu<br \/>\n&#8211; Jopa 300 laukausta per t\u00e4ytt\u00f6<br \/>\n&#8211; Kaksi lokeroa<br \/>\n&#8211; Varalentopallo<br \/>\n&#8211; kaksijalkainen jalusta<br \/>\n&#8211; 11 mm \/ 22 mm asennuspussi<\/p>\n<p>Valmistaja: Kuzey Arms<br \/>\nKaliiperi: 4,5 mm \/ 0,22 mm<br \/>\nAmpumatarvikkeet: tinapelletit<br \/>\nKartioenergia: 40 J<br \/>\nPaine: 250 bar<br \/>\nM\u00e4\u00e4r\u00e4 t\u00e4ytett\u00e4 kohti: 50<br \/>\nPaino: 3400 g<br \/>\nKokonaispituus: 1050 mm<br \/>\nPutken pituus: 580 mm<br \/>\nRautahiutaleet: ei<br \/>\nBensiinin asennus: Kyll\u00e4<br \/>\nSalvos: Kyll\u00e4<br \/>\nLoukun kapasiteetti: 12<br \/>\nVarren materiaali: synteettinen<br \/>\nPaineens\u00e4\u00e4din: Kyll\u00e4<br \/>\nV\u00e4ri musta<br \/>\nTakuu: 24 kuukautta<\/p>\n","protected":false},"featured_media":102080,"template":"","meta":{"_acf_changed":false},"product_brand":[],"product_cat":[256],"product_tag":[],"class_list":{"0":"post-102083","1":"product","2":"type-product","3":"status-publish","4":"has-post-thumbnail","6":"product_cat-hpa-fi","8":"first","9":"instock","10":"taxable","11":"shipping-taxable","12":"purchasable","13":"product-type-simple"},"acf":[],"_links":{"self":[{"href":"https:\/\/kingarms.ee\/fi\/wp-json\/wp\/v2\/product\/102083","targetHints":{"allow":["GET"]}}],"collection":[{"href":"https:\/\/kingarms.ee\/fi\/wp-json\/wp\/v2\/product"}],"about":[{"href":"https:\/\/kingarms.ee\/fi\/wp-json\/wp\/v2\/types\/product"}],"wp:featuredmedia":[{"embeddable":true,"href":"https:\/\/kingarms.ee\/fi\/wp-json\/wp\/v2\/media\/102080"}],"wp:attachment":[{"href":"https:\/\/kingarms.ee\/fi\/wp-json\/wp\/v2\/media?parent=102083"}],"wp:term":[{"taxonomy":"product_brand","embeddable":true,"href":"https:\/\/kingarms.ee\/fi\/wp-json\/wp\/v2\/product_brand?post=102083"},{"taxonomy":"product_cat","embeddable":true,"href":"https:\/\/kingarms.ee\/fi\/wp-json\/wp\/v2\/product_cat?post=102083"},{"taxonomy":"product_tag","embeddable":true,"href":"https:\/\/kingarms.ee\/fi\/wp-json\/wp\/v2\/product_tag?post=102083"}],"curies":[{"name":"wp","href":"https:\/\/api.w.org\/{rel}","templated":true}]}}