{"id":102170,"date":"2024-07-30T14:38:38","date_gmt":"2024-07-30T11:39:51","guid":{"rendered":"https:\/\/kingarms.ee\/product\/taktinen-laukku-harmaa-js-tactical\/"},"modified":"2024-08-06T10:10:52","modified_gmt":"2024-08-06T07:10:52","slug":"taktinen-laukku-hall-js-tactical","status":"publish","type":"product","link":"https:\/\/kingarms.ee\/fi\/product\/taktinen-laukku-hall-js-tactical\/","title":{"rendered":"Taktinen laukku &#8211; harmaa (JS-TACTICAL)"},"content":{"rendered":"<p><img loading=\"lazy\" decoding=\"async\" class=\"alignnone size-full wp-image-102144\" src=\"https:\/\/kingarms.ee\/wp-content\/uploads\/2024\/07\/js-tactical-tactical-duffle-bag-wolf-grey-js-1613g.jpg\" alt=\"\" width=\"1000\" height=\"1000\" srcset=\"https:\/\/kingarms.ee\/wp-content\/uploads\/2024\/07\/js-tactical-tactical-duffle-bag-wolf-grey-js-1613g.jpg 1000w, https:\/\/kingarms.ee\/wp-content\/uploads\/2024\/07\/js-tactical-tactical-duffle-bag-wolf-grey-js-1613g-300x300.jpg 300w, https:\/\/kingarms.ee\/wp-content\/uploads\/2024\/07\/js-tactical-tactical-duffle-bag-wolf-grey-js-1613g-150x150.jpg 150w, https:\/\/kingarms.ee\/wp-content\/uploads\/2024\/07\/js-tactical-tactical-duffle-bag-wolf-grey-js-1613g-768x768.jpg 768w, https:\/\/kingarms.ee\/wp-content\/uploads\/2024\/07\/js-tactical-tactical-duffle-bag-wolf-grey-js-1613g-500x500.jpg 500w\" sizes=\"auto, (max-width: 1000px) 100vw, 1000px\" \/><\/p>\n","protected":false},"excerpt":{"rendered":"<p>Laadukas taktinen laukku JS tacticalilta Voidaan kuljettaa k\u00e4dess\u00e4 ja k\u00e4ytt\u00e4\u00e4 reppuna. Tilavuus 65 litraa VETOKETJULUKOLLISET Sivutaskut Tarranauhapaneeli toisella puolella, johon voit kiinnitt\u00e4\u00e4 Viron lipun tunnuksen Mitat 600mm x 420mm x 270mm Paino 920g V\u00e4ri: tummanharmaa<\/p>\n","protected":false},"featured_media":102146,"template":"","meta":{"_acf_changed":false},"product_brand":[],"product_cat":[249,895],"product_tag":[],"class_list":{"0":"post-102170","1":"product","2":"type-product","3":"status-publish","4":"has-post-thumbnail","6":"product_cat-kuljetusvalineet","7":"product_cat-reput","9":"first","10":"instock","11":"sale","12":"taxable","13":"shipping-taxable","14":"purchasable","15":"product-type-simple"},"acf":[],"_links":{"self":[{"href":"https:\/\/kingarms.ee\/fi\/wp-json\/wp\/v2\/product\/102170","targetHints":{"allow":["GET"]}}],"collection":[{"href":"https:\/\/kingarms.ee\/fi\/wp-json\/wp\/v2\/product"}],"about":[{"href":"https:\/\/kingarms.ee\/fi\/wp-json\/wp\/v2\/types\/product"}],"wp:featuredmedia":[{"embeddable":true,"href":"https:\/\/kingarms.ee\/fi\/wp-json\/wp\/v2\/media\/102146"}],"wp:attachment":[{"href":"https:\/\/kingarms.ee\/fi\/wp-json\/wp\/v2\/media?parent=102170"}],"wp:term":[{"taxonomy":"product_brand","embeddable":true,"href":"https:\/\/kingarms.ee\/fi\/wp-json\/wp\/v2\/product_brand?post=102170"},{"taxonomy":"product_cat","embeddable":true,"href":"https:\/\/kingarms.ee\/fi\/wp-json\/wp\/v2\/product_cat?post=102170"},{"taxonomy":"product_tag","embeddable":true,"href":"https:\/\/kingarms.ee\/fi\/wp-json\/wp\/v2\/product_tag?post=102170"}],"curies":[{"name":"wp","href":"https:\/\/api.w.org\/{rel}","templated":true}]}}