{"id":102326,"date":"2024-08-09T18:26:36","date_gmt":"2024-08-09T16:20:02","guid":{"rendered":"https:\/\/kingarms.ee\/product\/co2-pistol-borner-17-glock-17\/"},"modified":"2024-09-14T12:14:27","modified_gmt":"2024-09-14T09:14:27","slug":"co2-pustol-borner-17-glock-17","status":"publish","type":"product","link":"https:\/\/kingarms.ee\/fi\/product\/co2-pustol-borner-17-glock-17\/","title":{"rendered":"CO2 Pistol Borner 17 (Glock 17)"},"content":{"rendered":"<p>Kaliiperi: 4,5 mm (.177) Energial\u00e4hde: 12 g CO2 -kaasusylinterit Kuono Energia: Enint\u00e4\u00e4n 3 J Ammus: 4,5 mm BB Bulls Vuoden volyymi: 20 kelka, asetason tuli Front Made Weaver \/ Picatinny Bar: Kyll\u00e4, tynnyrin alla: 198 mm: 198 mm<\/p>\n","protected":false},"excerpt":{"rendered":"<h2>CO2 Pistol Borner 17 (Glock 17)<\/h2>\n<p> Kaliiperi: 4,5 mm (.177) Energial\u00e4hde: 12 g CO2 -kaasusylinterit Kuono Energia: Enint\u00e4\u00e4n 3 J Ammus: 4,5 mm BB Bulls Vuoden volyymi: 20 kelka, asetason tuli Front Made Weaver \/ Picatinny Bar: Kyll\u00e4, tynnyrin alla: 198 mm: 198 mm<\/p>\n","protected":false},"featured_media":102302,"template":"","meta":{"_acf_changed":false},"product_brand":[],"product_cat":[883,252],"product_tag":[],"class_list":{"0":"post-102326","1":"product","2":"type-product","3":"status-publish","4":"has-post-thumbnail","6":"product_cat-airsoft-aseet","7":"product_cat-kaasutoimiset-aseet","9":"first","10":"instock","11":"taxable","12":"shipping-taxable","13":"purchasable","14":"product-type-simple"},"acf":[],"_links":{"self":[{"href":"https:\/\/kingarms.ee\/fi\/wp-json\/wp\/v2\/product\/102326","targetHints":{"allow":["GET"]}}],"collection":[{"href":"https:\/\/kingarms.ee\/fi\/wp-json\/wp\/v2\/product"}],"about":[{"href":"https:\/\/kingarms.ee\/fi\/wp-json\/wp\/v2\/types\/product"}],"wp:featuredmedia":[{"embeddable":true,"href":"https:\/\/kingarms.ee\/fi\/wp-json\/wp\/v2\/media\/102302"}],"wp:attachment":[{"href":"https:\/\/kingarms.ee\/fi\/wp-json\/wp\/v2\/media?parent=102326"}],"wp:term":[{"taxonomy":"product_brand","embeddable":true,"href":"https:\/\/kingarms.ee\/fi\/wp-json\/wp\/v2\/product_brand?post=102326"},{"taxonomy":"product_cat","embeddable":true,"href":"https:\/\/kingarms.ee\/fi\/wp-json\/wp\/v2\/product_cat?post=102326"},{"taxonomy":"product_tag","embeddable":true,"href":"https:\/\/kingarms.ee\/fi\/wp-json\/wp\/v2\/product_tag?post=102326"}],"curies":[{"name":"wp","href":"https:\/\/api.w.org\/{rel}","templated":true}]}}